{"id":42199,"date":"2024-05-21T08:09:16","date_gmt":"2024-05-21T12:09:16","guid":{"rendered":"https:\/\/chantnow.com\/?page_id=42199"},"modified":"2024-05-21T08:19:09","modified_gmt":"2024-05-21T12:19:09","slug":"all-events-simple-page","status":"publish","type":"page","link":"https:\/\/chantnow.com\/es\/all-events-simple-page\/","title":{"rendered":"Todos los eventos"},"content":{"rendered":"<h1 class=\"wp-block-heading\">\u00a1\u00a1Exploradores viernes!!<\/h1>\n\n\n\n<figure class=\"wp-block-image size-large\"><img fetchpriority=\"high\" decoding=\"async\" width=\"1024\" height=\"576\" src=\"https:\/\/chantnow.com\/wp-content\/uploads\/2024\/05\/WhatsApp-Image-2024-05-02-at-18.41.17_f88632b2-1024x576.jpg\" alt=\"\" class=\"wp-image-42201\" srcset=\"https:\/\/chantnow.com\/wp-content\/uploads\/2024\/05\/WhatsApp-Image-2024-05-02-at-18.41.17_f88632b2-1024x576.jpg 1024w, https:\/\/chantnow.com\/wp-content\/uploads\/2024\/05\/WhatsApp-Image-2024-05-02-at-18.41.17_f88632b2-300x169.jpg 300w, https:\/\/chantnow.com\/wp-content\/uploads\/2024\/05\/WhatsApp-Image-2024-05-02-at-18.41.17_f88632b2-768x432.jpg 768w, https:\/\/chantnow.com\/wp-content\/uploads\/2024\/05\/WhatsApp-Image-2024-05-02-at-18.41.17_f88632b2-18x10.jpg 18w, https:\/\/chantnow.com\/wp-content\/uploads\/2024\/05\/WhatsApp-Image-2024-05-02-at-18.41.17_f88632b2-624x351.jpg 624w, https:\/\/chantnow.com\/wp-content\/uploads\/2024\/05\/WhatsApp-Image-2024-05-02-at-18.41.17_f88632b2-50x28.jpg 50w, https:\/\/chantnow.com\/wp-content\/uploads\/2024\/05\/WhatsApp-Image-2024-05-02-at-18.41.17_f88632b2-100x56.jpg 100w, https:\/\/chantnow.com\/wp-content\/uploads\/2024\/05\/WhatsApp-Image-2024-05-02-at-18.41.17_f88632b2.jpg 1280w\" sizes=\"(max-width: 1024px) 100vw, 1024px\" \/><\/figure>\n\n\n\n<p>\u00a1Queridos buscadores de espituales!<br><br>\u00bfEst\u00e1n listos para embarcarse en un viaje de descubrimiento cada semana? \u00danete a nuestra comunidad de chant now, donde exploraremos temas espirituales fascinantes y compartiremos recursos enriquecedores para nutrir tu b\u00fasqueda interior. Es una oportunidad emocionante para expandir tus horizontes, conectar con otros en el camino espiritual y enriquecer tu ser. Te esperamos con alegr\u00eda cada viernes por la noche para sumergirnos juntos en esta maravillosa experiencia. \u00a1No te lo puedes perder! Contactate con nosotros por medio de un mensaje de Instagram, para enviarte por WhatsApp el link de la reunion.<\/p>\n\n\n\n<p>Horario del Coaching espiritual de los Viernes:<\/p>\n\n\n\n<p><br>20:00 - Hora de M\u00e9xico, Guatemala, Nicaragua, El Salvador, Honduras<br><br>21:00 - Hora de Colombia, Per\u00fa, Ecuador<br><br>22:00 - Hora de Venezuela, Bolivia<br><br>23:00 - Hora de Argentina, Chile, Paraguay, Uruguay<br><br>Se transmite en India el dia S\u00e1bado 7:30 AM (Siguiente d\u00eda) - Hora de India.<\/p>\n\n\n\n<p>Entrar Zoom Reuni\u00f3n<\/p>\n\n\n\n<p><a href=\"https:\/\/us02web.zoom.us\/j\/82738009705?pwd=ME01cGdqNmwzOUhmL0RiRWxSMllNdz09\">https:\/\/us02web.zoom.us\/j\/82738009705?pwd=ME01cGdqNmwzOUhmL0RiRWxSMllNdz09<\/a><\/p>\n\n\n\n<p>ID de reuni\u00f3n: 827 3800 9705<\/p>\n\n\n\n<p>C\u00f3digo de acceso: 108<\/p>\n\n\n\n<p><\/p>\n\n\n\n<p><\/p>\n\n\n\n<hr class=\"wp-block-separator has-alpha-channel-opacity\"\/>\n\n\n\n<h1 class=\"wp-block-heading\">\u00a1Bhakti Steps Jueves!<\/h1>\n\n\n\n<figure class=\"wp-block-image size-large\"><img decoding=\"async\" width=\"1024\" height=\"576\" src=\"https:\/\/chantnow.com\/wp-content\/uploads\/2024\/05\/WhatsApp-Image-2024-05-02-at-18.41.17_b47750f6-1024x576.jpg\" alt=\"\" class=\"wp-image-42202\" srcset=\"https:\/\/chantnow.com\/wp-content\/uploads\/2024\/05\/WhatsApp-Image-2024-05-02-at-18.41.17_b47750f6-1024x576.jpg 1024w, https:\/\/chantnow.com\/wp-content\/uploads\/2024\/05\/WhatsApp-Image-2024-05-02-at-18.41.17_b47750f6-300x169.jpg 300w, https:\/\/chantnow.com\/wp-content\/uploads\/2024\/05\/WhatsApp-Image-2024-05-02-at-18.41.17_b47750f6-768x432.jpg 768w, https:\/\/chantnow.com\/wp-content\/uploads\/2024\/05\/WhatsApp-Image-2024-05-02-at-18.41.17_b47750f6-18x10.jpg 18w, https:\/\/chantnow.com\/wp-content\/uploads\/2024\/05\/WhatsApp-Image-2024-05-02-at-18.41.17_b47750f6-624x351.jpg 624w, https:\/\/chantnow.com\/wp-content\/uploads\/2024\/05\/WhatsApp-Image-2024-05-02-at-18.41.17_b47750f6-50x28.jpg 50w, https:\/\/chantnow.com\/wp-content\/uploads\/2024\/05\/WhatsApp-Image-2024-05-02-at-18.41.17_b47750f6-100x56.jpg 100w, https:\/\/chantnow.com\/wp-content\/uploads\/2024\/05\/WhatsApp-Image-2024-05-02-at-18.41.17_b47750f6.jpg 1280w\" sizes=\"(max-width: 1024px) 100vw, 1024px\" \/><\/figure>\n\n\n\n<p><\/p>\n\n\n\n<p>\u00a1Queridos buscadores espirituales!<\/p>\n\n\n\n<p>\u00bfEst\u00e1n listos para sumergirse en una experiencia transformadora cada semana? \u00danete a nuestro grupo Bhakti Steps, donde exploraremos juntos el camino del Bhakti, paso a paso. Cada jueves por la noche, nos reuniremos para discutir temas relevantes, compartir recursos inspiradores y profundizar en nuestra pr\u00e1ctica espiritual. Es una oportunidad \u00fanica para nutrir tu alma, conectarte con otros buscadores y avanzar en tu viaje espiritual de una manera significativa. \u00a1Te esperamos con entusiasmo para esta noche de crecimiento espiritual y comunidad! \u00a1No faltes!<\/p>\n\n\n\n<p>El horario de los Jueves Bhakti steps:<\/p>\n\n\n\n<p>17:00 - Hora de M\u00e9xico, Guatemala, Nicaragua, El Salvador, Honduras, Costa Rica.<br><br>18:00 - Hora de Colombia, Per\u00fa, Ecuador<br><br>19:00 - Hora de Venezuela, Bolivia<br><br>20:00 - Hora de Argentina, Chile, Paraguay, Uruguay<br><br>Se transmite en India el dia Viernes 4:30 AM (Siguiente d\u00eda) - Hora de India.<\/p>\n\n\n\n<p>link del curso de Bhakti Steps, unete por zoom:&nbsp;&nbsp;&nbsp;&nbsp;&nbsp;&nbsp;&nbsp;&nbsp;&nbsp;&nbsp;&nbsp;&nbsp;&nbsp;&nbsp;&nbsp;&nbsp;&nbsp;&nbsp;&nbsp;&nbsp;&nbsp;&nbsp;&nbsp;&nbsp;&nbsp;&nbsp;&nbsp;&nbsp;&nbsp;&nbsp;&nbsp;&nbsp;&nbsp;&nbsp;&nbsp;&nbsp;&nbsp;&nbsp;&nbsp;&nbsp;&nbsp;&nbsp;&nbsp;&nbsp;&nbsp;&nbsp;&nbsp;&nbsp;&nbsp;&nbsp;&nbsp;&nbsp;&nbsp;&nbsp;&nbsp;&nbsp;&nbsp;&nbsp;&nbsp;&nbsp;&nbsp;&nbsp;&nbsp;&nbsp;&nbsp;&nbsp;&nbsp;&nbsp;&nbsp;&nbsp;&nbsp;&nbsp;&nbsp;&nbsp;&nbsp;&nbsp;&nbsp; <\/p>\n\n\n\n<p>Reuni\u00f3n Zoom<br><a href=\"https:\/\/us02web.zoom.us\/j\/88156517555?pwd=Wnc4OEJhVzA0aXFSb3hHSjFyV2dNQT09\">https:\/\/us02web.zoom.us\/j\/88156517555?pwd=Wnc4OEJhVzA0aXFSb3hHSjFyV2dNQT09<\/a><br>N\u00famero de reuni\u00f3n: 881 5651 7555<br>C\u00f3digo de acceso: 108&nbsp;&nbsp;&nbsp;&nbsp;&nbsp;&nbsp;&nbsp;&nbsp;&nbsp;&nbsp;&nbsp;&nbsp;&nbsp;&nbsp;&nbsp;&nbsp;&nbsp;&nbsp;&nbsp;&nbsp;&nbsp;<\/p>\n\n\n\n<hr class=\"wp-block-separator has-alpha-channel-opacity\"\/>\n\n\n\n<p><\/p>\n\n\n\n<p><\/p>\n\n\n\n<h1 class=\"wp-block-heading\">\u00a1Exploradores Lunes y Mi\u00e9rcoles!<\/h1>\n\n\n\n<figure class=\"wp-block-image size-large\"><img decoding=\"async\" width=\"1024\" height=\"576\" src=\"https:\/\/chantnow.com\/wp-content\/uploads\/2024\/05\/WhatsApp-Image-2024-05-02-at-18.41.18_31090407-1024x576.jpg\" alt=\"\" class=\"wp-image-42203\" srcset=\"https:\/\/chantnow.com\/wp-content\/uploads\/2024\/05\/WhatsApp-Image-2024-05-02-at-18.41.18_31090407-1024x576.jpg 1024w, https:\/\/chantnow.com\/wp-content\/uploads\/2024\/05\/WhatsApp-Image-2024-05-02-at-18.41.18_31090407-300x169.jpg 300w, https:\/\/chantnow.com\/wp-content\/uploads\/2024\/05\/WhatsApp-Image-2024-05-02-at-18.41.18_31090407-768x432.jpg 768w, https:\/\/chantnow.com\/wp-content\/uploads\/2024\/05\/WhatsApp-Image-2024-05-02-at-18.41.18_31090407-18x10.jpg 18w, https:\/\/chantnow.com\/wp-content\/uploads\/2024\/05\/WhatsApp-Image-2024-05-02-at-18.41.18_31090407-624x351.jpg 624w, https:\/\/chantnow.com\/wp-content\/uploads\/2024\/05\/WhatsApp-Image-2024-05-02-at-18.41.18_31090407-50x28.jpg 50w, https:\/\/chantnow.com\/wp-content\/uploads\/2024\/05\/WhatsApp-Image-2024-05-02-at-18.41.18_31090407-100x56.jpg 100w, https:\/\/chantnow.com\/wp-content\/uploads\/2024\/05\/WhatsApp-Image-2024-05-02-at-18.41.18_31090407.jpg 1280w\" sizes=\"(max-width: 1024px) 100vw, 1024px\" \/><\/figure>\n\n\n\n<p>\u00a1Hola buscadores espirituales!<\/p>\n\n\n\n<p>\u00bfEst\u00e1n listos para sumergirse en un viaje de descubrimiento cada semana? \u00danete a nuestro grupo de eventos donde exploraremos temas espirituales fascinantes y compartiremos enlaces relevantes para tu b\u00fasqueda interior. \u00a1Es una oportunidad emocionante para expandir tu conocimiento, conectar con otros buscadores y nutrir tu alma! Te esperamos cada lunes y mi\u00e9rcoles por la noche para embarcarnos juntos en esta enriquecedora experiencia. \u00a1No te lo pierdas!<\/p>\n\n\n\n<p><strong>Lunes:<\/strong><\/p>\n\n\n\n<p>Horario del Coaching espiritual de los Lunes:<br><br>19:30 - Hora de M\u00e9xico, Guatemala, Nicaragua, El Salvador, Honduras<br><br>20:30 - Hora de Colombia, Per\u00fa, Ecuador<br><br>21:30 - Hora de Venezuela, Bolivia<br><br>22:30 - Hora de Argentina, Chile, Paraguay, Uruguay<br><br>Se transmite en India Martes 7:00 AM (Siguiente d\u00eda) - Hora de India.<\/p>\n\n\n\n<p>Acceso mediante zoom:<br><br><a href=\"https:\/\/us02web.zoom.us\/j\/83065365762?pwd=bmJ3UUhwc2NFU3FzNUV4dzhmalZ4dz09\">https:\/\/us02web.zoom.us\/j\/83065365762?pwd=bmJ3UUhwc2NFU3FzNUV4dzhmalZ4dz09<\/a><br><br>N\u00famero de reuni\u00f3n: 830 6536 5762<br>C\u00f3digo de acceso: 108<\/p>\n\n\n\n<p><strong>Miercoles:<\/strong><\/p>\n\n\n\n<p>Horario del Coaching espiritual de los Mi\u00e9rcoles:<br><br>19:30 - Hora de M\u00e9xico, Guatemala, Nicaragua, El Salvador, Honduras<br><br>20:30 - Hora de Colombia, Per\u00fa, Ecuador<br><br>21:30 - Hora de Venezuela, Bolivia<br><br>22:30 - Hora de Argentina, Chile, Paraguay, Uruguay<br><br>Se transmite en India jueves 7:00 AM (Siguiente d\u00eda) - Hora de India.<\/p>\n\n\n\n<p>Acceso mediante zoom:<br><br>Entrar Zoom Reuni\u00f3n<br><a href=\"https:\/\/us02web.zoom.us\/j\/86175775253?pwd=MVAzTVRKazNlVzZ6SU0xOS9rUm5HUT09\">https:\/\/us02web.zoom.us\/j\/86175775253?pwd=MVAzTVRKazNlVzZ6SU0xOS9rUm5HUT09<\/a><br><br>ID de reuni\u00f3n: 861 7577 5253<br>C\u00f3digo de acceso: 108<\/p>\n\n\n\n<hr class=\"wp-block-separator has-alpha-channel-opacity\"\/>\n\n\n\n<p><\/p>\n\n\n\n<h1 class=\"wp-block-heading\">Seminarios anteriores<\/h1>\n\n\n\n<div class=\"wp-block-columns is-layout-flex wp-container-core-columns-is-layout-9d6595d7 wp-block-columns-is-layout-flex\">\n<div class=\"wp-block-column is-layout-flow wp-block-column-is-layout-flow\">\n<figure class=\"wp-block-embed is-type-video is-provider-youtube wp-block-embed-youtube wp-embed-aspect-16-9 wp-has-aspect-ratio\"><div class=\"wp-block-embed__wrapper\">\n<iframe  id=\"_ytid_41822\"  width=\"640\" height=\"360\"  data-origwidth=\"640\" data-origheight=\"360\" src=\"https:\/\/www.youtube.com\/embed\/I61Hd7m9-3E?enablejsapi=1&#038;autoplay=0&#038;cc_load_policy=0&#038;cc_lang_pref=&#038;iv_load_policy=1&#038;loop=0&#038;rel=1&#038;fs=1&#038;playsinline=0&#038;autohide=2&#038;theme=dark&#038;color=red&#038;controls=1&#038;disablekb=0&#038;\" class=\"__youtube_prefs__  epyt-is-override  no-lazyload\" title=\"Reproductor de YouTube\"  allow=\"fullscreen; accelerometer; autoplay; clipboard-write; encrypted-media; gyroscope; picture-in-picture; web-share\" referrerpolicy=\"strict-origin-when-cross-origin\" allowfullscreen data-no-lazy=\"1\" data-skipgform_ajax_framebjll=\"\"><\/iframe>\n<\/div><\/figure>\n\n\n\n<p><\/p>\n\n\n\n<figure class=\"wp-block-embed is-type-video is-provider-youtube wp-block-embed-youtube wp-embed-aspect-16-9 wp-has-aspect-ratio\"><div class=\"wp-block-embed__wrapper\">\n<iframe  id=\"_ytid_40916\"  width=\"640\" height=\"360\"  data-origwidth=\"640\" data-origheight=\"360\" src=\"https:\/\/www.youtube.com\/embed\/n50xX2hGPmk?enablejsapi=1&#038;autoplay=0&#038;cc_load_policy=0&#038;cc_lang_pref=&#038;iv_load_policy=1&#038;loop=0&#038;rel=1&#038;fs=1&#038;playsinline=0&#038;autohide=2&#038;theme=dark&#038;color=red&#038;controls=1&#038;disablekb=0&#038;\" class=\"__youtube_prefs__  epyt-is-override  no-lazyload\" title=\"Reproductor de YouTube\"  allow=\"fullscreen; accelerometer; autoplay; clipboard-write; encrypted-media; gyroscope; picture-in-picture; web-share\" referrerpolicy=\"strict-origin-when-cross-origin\" allowfullscreen data-no-lazy=\"1\" data-skipgform_ajax_framebjll=\"\"><\/iframe>\n<\/div><\/figure>\n\n\n\n<p><\/p>\n\n\n\n<figure class=\"wp-block-embed is-type-video is-provider-youtube wp-block-embed-youtube wp-embed-aspect-16-9 wp-has-aspect-ratio\"><div class=\"wp-block-embed__wrapper\">\n<iframe  id=\"_ytid_56741\"  width=\"640\" height=\"360\"  data-origwidth=\"640\" data-origheight=\"360\" src=\"https:\/\/www.youtube.com\/embed\/FwD5HUIuNd8?enablejsapi=1&#038;autoplay=0&#038;cc_load_policy=0&#038;cc_lang_pref=&#038;iv_load_policy=1&#038;loop=0&#038;rel=1&#038;fs=1&#038;playsinline=0&#038;autohide=2&#038;theme=dark&#038;color=red&#038;controls=1&#038;disablekb=0&#038;\" class=\"__youtube_prefs__  epyt-is-override  no-lazyload\" title=\"Reproductor de YouTube\"  allow=\"fullscreen; accelerometer; autoplay; clipboard-write; encrypted-media; gyroscope; picture-in-picture; web-share\" referrerpolicy=\"strict-origin-when-cross-origin\" allowfullscreen data-no-lazy=\"1\" data-skipgform_ajax_framebjll=\"\"><\/iframe>\n<\/div><\/figure>\n<\/div>\n\n\n\n<div class=\"wp-block-column is-layout-flow wp-block-column-is-layout-flow\">\n<figure class=\"wp-block-embed is-type-video is-provider-youtube wp-block-embed-youtube wp-embed-aspect-16-9 wp-has-aspect-ratio\"><div class=\"wp-block-embed__wrapper\">\n<iframe  id=\"_ytid_78627\"  width=\"640\" height=\"360\"  data-origwidth=\"640\" data-origheight=\"360\" src=\"https:\/\/www.youtube.com\/embed\/Vzu-PtIygtM?enablejsapi=1&#038;autoplay=0&#038;cc_load_policy=0&#038;cc_lang_pref=&#038;iv_load_policy=1&#038;loop=0&#038;rel=1&#038;fs=1&#038;playsinline=0&#038;autohide=2&#038;theme=dark&#038;color=red&#038;controls=1&#038;disablekb=0&#038;\" class=\"__youtube_prefs__  epyt-is-override  no-lazyload\" title=\"Reproductor de YouTube\"  allow=\"fullscreen; accelerometer; autoplay; clipboard-write; encrypted-media; gyroscope; picture-in-picture; web-share\" referrerpolicy=\"strict-origin-when-cross-origin\" allowfullscreen data-no-lazy=\"1\" data-skipgform_ajax_framebjll=\"\"><\/iframe>\n<\/div><\/figure>\n\n\n\n<p><\/p>\n\n\n\n<figure class=\"wp-block-embed is-type-video is-provider-youtube wp-block-embed-youtube wp-embed-aspect-16-9 wp-has-aspect-ratio\"><div class=\"wp-block-embed__wrapper\">\n<iframe  id=\"_ytid_56920\"  width=\"640\" height=\"360\"  data-origwidth=\"640\" data-origheight=\"360\" src=\"https:\/\/www.youtube.com\/embed\/RzOBXdruHkc?enablejsapi=1&#038;autoplay=0&#038;cc_load_policy=0&#038;cc_lang_pref=&#038;iv_load_policy=1&#038;loop=0&#038;rel=1&#038;fs=1&#038;playsinline=0&#038;autohide=2&#038;theme=dark&#038;color=red&#038;controls=1&#038;disablekb=0&#038;\" class=\"__youtube_prefs__  epyt-is-override  no-lazyload\" title=\"Reproductor de YouTube\"  allow=\"fullscreen; accelerometer; autoplay; clipboard-write; encrypted-media; gyroscope; picture-in-picture; web-share\" referrerpolicy=\"strict-origin-when-cross-origin\" allowfullscreen data-no-lazy=\"1\" data-skipgform_ajax_framebjll=\"\"><\/iframe>\n<\/div><\/figure>\n\n\n\n<p><\/p>\n\n\n\n<figure class=\"wp-block-embed is-type-video is-provider-youtube wp-block-embed-youtube wp-embed-aspect-16-9 wp-has-aspect-ratio\"><div class=\"wp-block-embed__wrapper\">\n<iframe  id=\"_ytid_15109\"  width=\"640\" height=\"360\"  data-origwidth=\"640\" data-origheight=\"360\" src=\"https:\/\/www.youtube.com\/embed\/UQh50mXcc6I?enablejsapi=1&#038;autoplay=0&#038;cc_load_policy=0&#038;cc_lang_pref=&#038;iv_load_policy=1&#038;loop=0&#038;rel=1&#038;fs=1&#038;playsinline=0&#038;autohide=2&#038;theme=dark&#038;color=red&#038;controls=1&#038;disablekb=0&#038;\" class=\"__youtube_prefs__  epyt-is-override  no-lazyload\" title=\"Reproductor de YouTube\"  allow=\"fullscreen; accelerometer; autoplay; clipboard-write; encrypted-media; gyroscope; picture-in-picture; web-share\" referrerpolicy=\"strict-origin-when-cross-origin\" allowfullscreen data-no-lazy=\"1\" data-skipgform_ajax_framebjll=\"\"><\/iframe>\n<\/div><\/figure>\n\n\n\n<p><\/p>\n<\/div>\n<\/div>\n\n\n\n<p><\/p>","protected":false},"excerpt":{"rendered":"<p>\u00a1\u00a1Exploradores viernes!! \u00a1Queridos buscadores de espituales! \u00bfEst\u00e1n listos para embarcarse en un viaje de descubrimiento cada semana? \u00danete a nuestra comunidad de chant now, donde...<\/p>","protected":false},"author":12,"featured_media":0,"parent":0,"menu_order":0,"comment_status":"closed","ping_status":"closed","template":"","meta":{"content-type":"","pmpro_default_level":"","footnotes":""},"class_list":["post-42199","page","type-page","status-publish","hentry","pmpro-has-access"],"yoast_head":"<!-- This site is optimized with the Yoast SEO plugin v27.3 - https:\/\/yoast.com\/product\/yoast-seo-wordpress\/ -->\n<title>All Events - Chant Now<\/title>\n<meta name=\"robots\" content=\"index, follow, max-snippet:-1, max-image-preview:large, max-video-preview:-1\" \/>\n<link rel=\"canonical\" href=\"https:\/\/chantnow.com\/es\/all-events-simple-page\/\" \/>\n<meta property=\"og:locale\" content=\"es_ES\" \/>\n<meta property=\"og:type\" content=\"article\" \/>\n<meta property=\"og:title\" content=\"All Events - Chant Now\" \/>\n<meta property=\"og:description\" content=\"Exploradores viernes!! \u00a1Queridos buscadores de espituales! \u00bfEst\u00e1n listos para embarcarse en un viaje de descubrimiento cada semana? \u00danete a nuestra comunidad de chant now, donde&hellip;\" \/>\n<meta property=\"og:url\" content=\"https:\/\/chantnow.com\/es\/all-events-simple-page\/\" \/>\n<meta property=\"og:site_name\" content=\"Chant Now\" \/>\n<meta property=\"article:modified_time\" content=\"2024-05-21T12:19:09+00:00\" \/>\n<meta property=\"og:image\" content=\"https:\/\/chantnow.com\/wp-content\/uploads\/2024\/05\/WhatsApp-Image-2024-05-02-at-18.41.17_f88632b2-1024x576.jpg\" \/>\n<meta name=\"twitter:card\" content=\"summary_large_image\" \/>\n<meta name=\"twitter:label1\" content=\"Tiempo de lectura\" \/>\n\t<meta name=\"twitter:data1\" content=\"3 minutos\" \/>\n<script type=\"application\/ld+json\" class=\"yoast-schema-graph\">{\"@context\":\"https:\\\/\\\/schema.org\",\"@graph\":[{\"@type\":\"WebPage\",\"@id\":\"https:\\\/\\\/chantnow.com\\\/all-events-simple-page\\\/\",\"url\":\"https:\\\/\\\/chantnow.com\\\/all-events-simple-page\\\/\",\"name\":\"All Events - Chant Now\",\"isPartOf\":{\"@id\":\"https:\\\/\\\/chantnow.com\\\/es\\\/#website\"},\"primaryImageOfPage\":{\"@id\":\"https:\\\/\\\/chantnow.com\\\/all-events-simple-page\\\/#primaryimage\"},\"image\":{\"@id\":\"https:\\\/\\\/chantnow.com\\\/all-events-simple-page\\\/#primaryimage\"},\"thumbnailUrl\":\"https:\\\/\\\/chantnow.com\\\/wp-content\\\/uploads\\\/2024\\\/05\\\/WhatsApp-Image-2024-05-02-at-18.41.17_f88632b2-1024x576.jpg\",\"datePublished\":\"2024-05-21T12:09:16+00:00\",\"dateModified\":\"2024-05-21T12:19:09+00:00\",\"breadcrumb\":{\"@id\":\"https:\\\/\\\/chantnow.com\\\/all-events-simple-page\\\/#breadcrumb\"},\"inLanguage\":\"es\",\"potentialAction\":[{\"@type\":\"ReadAction\",\"target\":[\"https:\\\/\\\/chantnow.com\\\/all-events-simple-page\\\/\"]}]},{\"@type\":\"ImageObject\",\"inLanguage\":\"es\",\"@id\":\"https:\\\/\\\/chantnow.com\\\/all-events-simple-page\\\/#primaryimage\",\"url\":\"https:\\\/\\\/chantnow.com\\\/wp-content\\\/uploads\\\/2024\\\/05\\\/WhatsApp-Image-2024-05-02-at-18.41.17_f88632b2-1024x576.jpg\",\"contentUrl\":\"https:\\\/\\\/chantnow.com\\\/wp-content\\\/uploads\\\/2024\\\/05\\\/WhatsApp-Image-2024-05-02-at-18.41.17_f88632b2-1024x576.jpg\"},{\"@type\":\"BreadcrumbList\",\"@id\":\"https:\\\/\\\/chantnow.com\\\/all-events-simple-page\\\/#breadcrumb\",\"itemListElement\":[{\"@type\":\"ListItem\",\"position\":1,\"name\":\"Home\",\"item\":\"https:\\\/\\\/chantnow.com\\\/\"},{\"@type\":\"ListItem\",\"position\":2,\"name\":\"All Events\"}]},{\"@type\":\"WebSite\",\"@id\":\"https:\\\/\\\/chantnow.com\\\/es\\\/#website\",\"url\":\"https:\\\/\\\/chantnow.com\\\/es\\\/\",\"name\":\"Chant Now\",\"description\":\"Online Bhakti Community\",\"publisher\":{\"@id\":\"https:\\\/\\\/chantnow.com\\\/es\\\/#organization\"},\"potentialAction\":[{\"@type\":\"SearchAction\",\"target\":{\"@type\":\"EntryPoint\",\"urlTemplate\":\"https:\\\/\\\/chantnow.com\\\/es\\\/?s={search_term_string}\"},\"query-input\":{\"@type\":\"PropertyValueSpecification\",\"valueRequired\":true,\"valueName\":\"search_term_string\"}}],\"inLanguage\":\"es\"},{\"@type\":\"Organization\",\"@id\":\"https:\\\/\\\/chantnow.com\\\/es\\\/#organization\",\"name\":\"Chant Now\",\"url\":\"https:\\\/\\\/chantnow.com\\\/es\\\/\",\"logo\":{\"@type\":\"ImageObject\",\"inLanguage\":\"es\",\"@id\":\"https:\\\/\\\/chantnow.com\\\/es\\\/#\\\/schema\\\/logo\\\/image\\\/\",\"url\":\"https:\\\/\\\/chantnow.com\\\/wp-content\\\/uploads\\\/2023\\\/07\\\/chant-now-logo-circle.png\",\"contentUrl\":\"https:\\\/\\\/chantnow.com\\\/wp-content\\\/uploads\\\/2023\\\/07\\\/chant-now-logo-circle.png\",\"width\":251,\"height\":251,\"caption\":\"Chant Now\"},\"image\":{\"@id\":\"https:\\\/\\\/chantnow.com\\\/es\\\/#\\\/schema\\\/logo\\\/image\\\/\"}}]}<\/script>\n<!-- \/ Yoast SEO plugin. -->","yoast_head_json":{"title":"Todos los eventos - Chant Now","robots":{"index":"index","follow":"follow","max-snippet":"max-snippet:-1","max-image-preview":"max-image-preview:large","max-video-preview":"max-video-preview:-1"},"canonical":"https:\/\/chantnow.com\/es\/all-events-simple-page\/","og_locale":"es_ES","og_type":"article","og_title":"All Events - Chant Now","og_description":"Exploradores viernes!! \u00a1Queridos buscadores de espituales! \u00bfEst\u00e1n listos para embarcarse en un viaje de descubrimiento cada semana? \u00danete a nuestra comunidad de chant now, donde&hellip;","og_url":"https:\/\/chantnow.com\/es\/all-events-simple-page\/","og_site_name":"Chant Now","article_modified_time":"2024-05-21T12:19:09+00:00","og_image":[{"url":"https:\/\/chantnow.com\/wp-content\/uploads\/2024\/05\/WhatsApp-Image-2024-05-02-at-18.41.17_f88632b2-1024x576.jpg","type":"","width":"","height":""}],"twitter_card":"summary_large_image","twitter_misc":{"Tiempo de lectura":"3 minutos"},"schema":{"@context":"https:\/\/schema.org","@graph":[{"@type":"WebPage","@id":"https:\/\/chantnow.com\/all-events-simple-page\/","url":"https:\/\/chantnow.com\/all-events-simple-page\/","name":"Todos los eventos - Chant Now","isPartOf":{"@id":"https:\/\/chantnow.com\/es\/#website"},"primaryImageOfPage":{"@id":"https:\/\/chantnow.com\/all-events-simple-page\/#primaryimage"},"image":{"@id":"https:\/\/chantnow.com\/all-events-simple-page\/#primaryimage"},"thumbnailUrl":"https:\/\/chantnow.com\/wp-content\/uploads\/2024\/05\/WhatsApp-Image-2024-05-02-at-18.41.17_f88632b2-1024x576.jpg","datePublished":"2024-05-21T12:09:16+00:00","dateModified":"2024-05-21T12:19:09+00:00","breadcrumb":{"@id":"https:\/\/chantnow.com\/all-events-simple-page\/#breadcrumb"},"inLanguage":"es","potentialAction":[{"@type":"ReadAction","target":["https:\/\/chantnow.com\/all-events-simple-page\/"]}]},{"@type":"ImageObject","inLanguage":"es","@id":"https:\/\/chantnow.com\/all-events-simple-page\/#primaryimage","url":"https:\/\/chantnow.com\/wp-content\/uploads\/2024\/05\/WhatsApp-Image-2024-05-02-at-18.41.17_f88632b2-1024x576.jpg","contentUrl":"https:\/\/chantnow.com\/wp-content\/uploads\/2024\/05\/WhatsApp-Image-2024-05-02-at-18.41.17_f88632b2-1024x576.jpg"},{"@type":"BreadcrumbList","@id":"https:\/\/chantnow.com\/all-events-simple-page\/#breadcrumb","itemListElement":[{"@type":"ListItem","position":1,"name":"Home","item":"https:\/\/chantnow.com\/"},{"@type":"ListItem","position":2,"name":"All Events"}]},{"@type":"WebSite","@id":"https:\/\/chantnow.com\/es\/#website","url":"https:\/\/chantnow.com\/es\/","name":"Cantar ahora","description":"Comunidad Bhakti en l\u00ednea","publisher":{"@id":"https:\/\/chantnow.com\/es\/#organization"},"potentialAction":[{"@type":"SearchAction","target":{"@type":"EntryPoint","urlTemplate":"https:\/\/chantnow.com\/es\/?s={search_term_string}"},"query-input":{"@type":"PropertyValueSpecification","valueRequired":true,"valueName":"search_term_string"}}],"inLanguage":"es"},{"@type":"Organization","@id":"https:\/\/chantnow.com\/es\/#organization","name":"Cantar ahora","url":"https:\/\/chantnow.com\/es\/","logo":{"@type":"ImageObject","inLanguage":"es","@id":"https:\/\/chantnow.com\/es\/#\/schema\/logo\/image\/","url":"https:\/\/chantnow.com\/wp-content\/uploads\/2023\/07\/chant-now-logo-circle.png","contentUrl":"https:\/\/chantnow.com\/wp-content\/uploads\/2023\/07\/chant-now-logo-circle.png","width":251,"height":251,"caption":"Chant Now"},"image":{"@id":"https:\/\/chantnow.com\/es\/#\/schema\/logo\/image\/"}}]}},"_links":{"self":[{"href":"https:\/\/chantnow.com\/es\/wp-json\/wp\/v2\/pages\/42199","targetHints":{"allow":["GET"]}}],"collection":[{"href":"https:\/\/chantnow.com\/es\/wp-json\/wp\/v2\/pages"}],"about":[{"href":"https:\/\/chantnow.com\/es\/wp-json\/wp\/v2\/types\/page"}],"author":[{"embeddable":true,"href":"https:\/\/chantnow.com\/es\/wp-json\/wp\/v2\/users\/12"}],"replies":[{"embeddable":true,"href":"https:\/\/chantnow.com\/es\/wp-json\/wp\/v2\/comments?post=42199"}],"version-history":[{"count":4,"href":"https:\/\/chantnow.com\/es\/wp-json\/wp\/v2\/pages\/42199\/revisions"}],"predecessor-version":[{"id":42209,"href":"https:\/\/chantnow.com\/es\/wp-json\/wp\/v2\/pages\/42199\/revisions\/42209"}],"wp:attachment":[{"href":"https:\/\/chantnow.com\/es\/wp-json\/wp\/v2\/media?parent=42199"}],"curies":[{"name":"wp","href":"https:\/\/api.w.org\/{rel}","templated":true}]}}