{"id":41901,"date":"2024-03-15T07:01:26","date_gmt":"2024-03-15T11:01:26","guid":{"rendered":"https:\/\/chantnow.com\/?page_id=41901"},"modified":"2024-07-18T10:26:30","modified_gmt":"2024-07-18T14:26:30","slug":"donate","status":"publish","type":"page","link":"https:\/\/chantnow.com\/es\/donate\/","title":{"rendered":"Necesitamos su apoyo"},"content":{"rendered":"<figure class=\"wp-block-image alignwide size-full\"><img fetchpriority=\"high\" decoding=\"async\" width=\"450\" height=\"208\" src=\"https:\/\/chantnow.com\/wp-content\/uploads\/2024\/03\/03ffd24c7c77640e8096859d44c7d81c.jpg\" alt=\"\" class=\"wp-image-41913\" srcset=\"https:\/\/chantnow.com\/wp-content\/uploads\/2024\/03\/03ffd24c7c77640e8096859d44c7d81c.jpg 450w, https:\/\/chantnow.com\/wp-content\/uploads\/2024\/03\/03ffd24c7c77640e8096859d44c7d81c-300x139.jpg 300w, https:\/\/chantnow.com\/wp-content\/uploads\/2024\/03\/03ffd24c7c77640e8096859d44c7d81c-18x8.jpg 18w, https:\/\/chantnow.com\/wp-content\/uploads\/2024\/03\/03ffd24c7c77640e8096859d44c7d81c-50x23.jpg 50w, https:\/\/chantnow.com\/wp-content\/uploads\/2024\/03\/03ffd24c7c77640e8096859d44c7d81c-100x46.jpg 100w\" sizes=\"(max-width: 450px) 100vw, 450px\" \/><\/figure>\n\n\n\n<p style=\"font-size:16px\"><\/p>\n\n\n\n<div class=\"wp-block-columns is-layout-flex wp-container-core-columns-is-layout-9d6595d7 wp-block-columns-is-layout-flex\">\n<div class=\"wp-block-column is-layout-flow wp-block-column-is-layout-flow\">\n<div class=\"wp-block-columns is-layout-flex wp-container-core-columns-is-layout-9d6595d7 wp-block-columns-is-layout-flex\">\n<div class=\"wp-block-column is-layout-flow wp-block-column-is-layout-flow\">\n<h2 class=\"wp-block-heading has-text-align-center\">Cada cantidad ayuda<\/h2>\n\n\n\n<p class=\"has-text-align-center\"><em>Nos ayuda mucho a mantener y apoyar esta maravillosa comunidad.&nbsp;<\/em><\/p>\n\n\n\n<p style=\"font-size:16px\">Para que nuestros servicios sigan siendo gratuitos, dependemos de las donaciones de nuestros alumnos y de otros generosos donantes como usted, que son conscientes de la importancia del desarrollo espiritual para ustedes mismos y para el mundo,<\/p>\n\n\n\n<p style=\"font-size:16px\">Puede utilizar este formulario para establecer una contribuci\u00f3n peri\u00f3dica o \u00fanica de su elecci\u00f3n. Las contribuciones peri\u00f3dicas pueden cancelarse en cualquier momento.<\/p>\n\n\n\n<p><em>Todos los importes son en US $<\/em><\/p>\n<\/div>\n<\/div>\n\n\n\n<p>Muchas gracias a nuestros donantes actuales:<\/p>\n\n\n\n<p><em>Anantashesh Das, Adrian Elliott, Igor Von Ach, Jesus Iturbe, Lucia , Jae Anderson, Alice , Phillip Daniel, Robert Cowan, Carlo Legnani, , Sandra Kawar, Ingrid Yael, Martha Alicia Flores Angeles, Luis Antonio Morales Aguilar, Claudia Madrigal Sanchez, Sarvamangala Devi dasi, Kumi Ygini, Adriana Gabriela Arreola, Doyle Young, Udaya Padagalla, Jin Kang, Jagadishvara.<\/em><\/p>\n<\/div>\n\n\n\n<div class=\"wp-block-column is-layout-flow wp-block-column-is-layout-flow\"><givebutter-widget id=\"pQG1OL\"><\/givebutter-widget>\n\n\n\n<p><strong>Traducci\u00f3n de formularios en espa\u00f1ol :<\/strong><\/p>\n\n\n\n<p><em>Choose amount<\/em> = Elegir la cantidad, <em>One time<\/em> = Una vez, <em>Monthly<\/em>= Mensual, <em>Yearly<\/em>= Anual, <em>Other <\/em>= Otro,&nbsp; <em>Add note\/comment<\/em>= A\u00f1adir comentario de nota, <em>Continue<\/em> = Continuar<\/p>\n<\/div>\n<\/div>\n\n\n\n<p><\/p>","protected":false},"excerpt":{"rendered":"<p>Cada Cantidad Ayuda Es una gran ayuda para mantener y apoyar a esta maravillosa comunidad.  Para que nuestros servicios sigan siendo gratuitos,...<\/p>","protected":false},"author":12,"featured_media":0,"parent":0,"menu_order":0,"comment_status":"closed","ping_status":"closed","template":"","meta":{"content-type":"","pmpro_default_level":"","footnotes":""},"class_list":["post-41901","page","type-page","status-publish","hentry","pmpro-has-access"],"yoast_head":"<!-- This site is optimized with the Yoast SEO plugin v27.4 - https:\/\/yoast.com\/product\/yoast-seo-wordpress\/ -->\n<title>Your Support is Needed - Chant Now<\/title>\n<meta name=\"robots\" content=\"index, follow, max-snippet:-1, max-image-preview:large, max-video-preview:-1\" \/>\n<link rel=\"canonical\" href=\"https:\/\/chantnow.com\/es\/donate\/\" \/>\n<meta property=\"og:locale\" content=\"es_ES\" \/>\n<meta property=\"og:type\" content=\"article\" \/>\n<meta property=\"og:title\" content=\"Your Support is Needed - Chant Now\" \/>\n<meta property=\"og:description\" content=\"Every Amount Helps\u200b It goes a long way in helping us maintain and support this wonderful community.&nbsp; To keep our services accessible for free, we&hellip;\" \/>\n<meta property=\"og:url\" content=\"https:\/\/chantnow.com\/es\/donate\/\" \/>\n<meta property=\"og:site_name\" content=\"Chant Now\" \/>\n<meta property=\"article:modified_time\" content=\"2024-07-18T14:26:30+00:00\" \/>\n<meta property=\"og:image\" content=\"https:\/\/chantnow.com\/wp-content\/uploads\/2024\/03\/03ffd24c7c77640e8096859d44c7d81c.jpg\" \/>\n<meta name=\"twitter:card\" content=\"summary_large_image\" \/>\n<meta name=\"twitter:label1\" content=\"Tiempo de lectura\" \/>\n\t<meta name=\"twitter:data1\" content=\"1 minuto\" \/>\n<script type=\"application\/ld+json\" class=\"yoast-schema-graph\">{\"@context\":\"https:\\\/\\\/schema.org\",\"@graph\":[{\"@type\":\"WebPage\",\"@id\":\"https:\\\/\\\/chantnow.com\\\/donate\\\/\",\"url\":\"https:\\\/\\\/chantnow.com\\\/donate\\\/\",\"name\":\"Your Support is Needed - Chant Now\",\"isPartOf\":{\"@id\":\"https:\\\/\\\/chantnow.com\\\/es\\\/#website\"},\"primaryImageOfPage\":{\"@id\":\"https:\\\/\\\/chantnow.com\\\/donate\\\/#primaryimage\"},\"image\":{\"@id\":\"https:\\\/\\\/chantnow.com\\\/donate\\\/#primaryimage\"},\"thumbnailUrl\":\"https:\\\/\\\/chantnow.com\\\/wp-content\\\/uploads\\\/2024\\\/03\\\/03ffd24c7c77640e8096859d44c7d81c.jpg\",\"datePublished\":\"2024-03-15T11:01:26+00:00\",\"dateModified\":\"2024-07-18T14:26:30+00:00\",\"breadcrumb\":{\"@id\":\"https:\\\/\\\/chantnow.com\\\/donate\\\/#breadcrumb\"},\"inLanguage\":\"es\",\"potentialAction\":[{\"@type\":\"ReadAction\",\"target\":[\"https:\\\/\\\/chantnow.com\\\/donate\\\/\"]}]},{\"@type\":\"ImageObject\",\"inLanguage\":\"es\",\"@id\":\"https:\\\/\\\/chantnow.com\\\/donate\\\/#primaryimage\",\"url\":\"https:\\\/\\\/chantnow.com\\\/wp-content\\\/uploads\\\/2024\\\/03\\\/03ffd24c7c77640e8096859d44c7d81c.jpg\",\"contentUrl\":\"https:\\\/\\\/chantnow.com\\\/wp-content\\\/uploads\\\/2024\\\/03\\\/03ffd24c7c77640e8096859d44c7d81c.jpg\"},{\"@type\":\"BreadcrumbList\",\"@id\":\"https:\\\/\\\/chantnow.com\\\/donate\\\/#breadcrumb\",\"itemListElement\":[{\"@type\":\"ListItem\",\"position\":1,\"name\":\"Home\",\"item\":\"https:\\\/\\\/chantnow.com\\\/\"},{\"@type\":\"ListItem\",\"position\":2,\"name\":\"Your Support is Needed\"}]},{\"@type\":\"WebSite\",\"@id\":\"https:\\\/\\\/chantnow.com\\\/es\\\/#website\",\"url\":\"https:\\\/\\\/chantnow.com\\\/es\\\/\",\"name\":\"Chant Now\",\"description\":\"Online Bhakti Community\",\"publisher\":{\"@id\":\"https:\\\/\\\/chantnow.com\\\/es\\\/#organization\"},\"potentialAction\":[{\"@type\":\"SearchAction\",\"target\":{\"@type\":\"EntryPoint\",\"urlTemplate\":\"https:\\\/\\\/chantnow.com\\\/es\\\/?s={search_term_string}\"},\"query-input\":{\"@type\":\"PropertyValueSpecification\",\"valueRequired\":true,\"valueName\":\"search_term_string\"}}],\"inLanguage\":\"es\"},{\"@type\":\"Organization\",\"@id\":\"https:\\\/\\\/chantnow.com\\\/es\\\/#organization\",\"name\":\"Chant Now\",\"url\":\"https:\\\/\\\/chantnow.com\\\/es\\\/\",\"logo\":{\"@type\":\"ImageObject\",\"inLanguage\":\"es\",\"@id\":\"https:\\\/\\\/chantnow.com\\\/es\\\/#\\\/schema\\\/logo\\\/image\\\/\",\"url\":\"https:\\\/\\\/chantnow.com\\\/wp-content\\\/uploads\\\/2023\\\/07\\\/chant-now-logo-circle.png\",\"contentUrl\":\"https:\\\/\\\/chantnow.com\\\/wp-content\\\/uploads\\\/2023\\\/07\\\/chant-now-logo-circle.png\",\"width\":251,\"height\":251,\"caption\":\"Chant Now\"},\"image\":{\"@id\":\"https:\\\/\\\/chantnow.com\\\/es\\\/#\\\/schema\\\/logo\\\/image\\\/\"}}]}<\/script>\n<!-- \/ Yoast SEO plugin. -->","yoast_head_json":{"title":"Necesitamos tu apoyo - Canta ya","robots":{"index":"index","follow":"follow","max-snippet":"max-snippet:-1","max-image-preview":"max-image-preview:large","max-video-preview":"max-video-preview:-1"},"canonical":"https:\/\/chantnow.com\/es\/donate\/","og_locale":"es_ES","og_type":"article","og_title":"Your Support is Needed - Chant Now","og_description":"Every Amount Helps\u200b It goes a long way in helping us maintain and support this wonderful community.&nbsp; To keep our services accessible for free, we&hellip;","og_url":"https:\/\/chantnow.com\/es\/donate\/","og_site_name":"Chant Now","article_modified_time":"2024-07-18T14:26:30+00:00","og_image":[{"url":"https:\/\/chantnow.com\/wp-content\/uploads\/2024\/03\/03ffd24c7c77640e8096859d44c7d81c.jpg","type":"","width":"","height":""}],"twitter_card":"summary_large_image","twitter_misc":{"Tiempo de lectura":"1 minuto"},"schema":{"@context":"https:\/\/schema.org","@graph":[{"@type":"WebPage","@id":"https:\/\/chantnow.com\/donate\/","url":"https:\/\/chantnow.com\/donate\/","name":"Necesitamos tu apoyo - Canta ya","isPartOf":{"@id":"https:\/\/chantnow.com\/es\/#website"},"primaryImageOfPage":{"@id":"https:\/\/chantnow.com\/donate\/#primaryimage"},"image":{"@id":"https:\/\/chantnow.com\/donate\/#primaryimage"},"thumbnailUrl":"https:\/\/chantnow.com\/wp-content\/uploads\/2024\/03\/03ffd24c7c77640e8096859d44c7d81c.jpg","datePublished":"2024-03-15T11:01:26+00:00","dateModified":"2024-07-18T14:26:30+00:00","breadcrumb":{"@id":"https:\/\/chantnow.com\/donate\/#breadcrumb"},"inLanguage":"es","potentialAction":[{"@type":"ReadAction","target":["https:\/\/chantnow.com\/donate\/"]}]},{"@type":"ImageObject","inLanguage":"es","@id":"https:\/\/chantnow.com\/donate\/#primaryimage","url":"https:\/\/chantnow.com\/wp-content\/uploads\/2024\/03\/03ffd24c7c77640e8096859d44c7d81c.jpg","contentUrl":"https:\/\/chantnow.com\/wp-content\/uploads\/2024\/03\/03ffd24c7c77640e8096859d44c7d81c.jpg"},{"@type":"BreadcrumbList","@id":"https:\/\/chantnow.com\/donate\/#breadcrumb","itemListElement":[{"@type":"ListItem","position":1,"name":"Home","item":"https:\/\/chantnow.com\/"},{"@type":"ListItem","position":2,"name":"Your Support is Needed"}]},{"@type":"WebSite","@id":"https:\/\/chantnow.com\/es\/#website","url":"https:\/\/chantnow.com\/es\/","name":"Cantar ahora","description":"Comunidad Bhakti en l\u00ednea","publisher":{"@id":"https:\/\/chantnow.com\/es\/#organization"},"potentialAction":[{"@type":"SearchAction","target":{"@type":"EntryPoint","urlTemplate":"https:\/\/chantnow.com\/es\/?s={search_term_string}"},"query-input":{"@type":"PropertyValueSpecification","valueRequired":true,"valueName":"search_term_string"}}],"inLanguage":"es"},{"@type":"Organization","@id":"https:\/\/chantnow.com\/es\/#organization","name":"Cantar ahora","url":"https:\/\/chantnow.com\/es\/","logo":{"@type":"ImageObject","inLanguage":"es","@id":"https:\/\/chantnow.com\/es\/#\/schema\/logo\/image\/","url":"https:\/\/chantnow.com\/wp-content\/uploads\/2023\/07\/chant-now-logo-circle.png","contentUrl":"https:\/\/chantnow.com\/wp-content\/uploads\/2023\/07\/chant-now-logo-circle.png","width":251,"height":251,"caption":"Chant Now"},"image":{"@id":"https:\/\/chantnow.com\/es\/#\/schema\/logo\/image\/"}}]}},"_links":{"self":[{"href":"https:\/\/chantnow.com\/es\/wp-json\/wp\/v2\/pages\/41901","targetHints":{"allow":["GET"]}}],"collection":[{"href":"https:\/\/chantnow.com\/es\/wp-json\/wp\/v2\/pages"}],"about":[{"href":"https:\/\/chantnow.com\/es\/wp-json\/wp\/v2\/types\/page"}],"author":[{"embeddable":true,"href":"https:\/\/chantnow.com\/es\/wp-json\/wp\/v2\/users\/12"}],"replies":[{"embeddable":true,"href":"https:\/\/chantnow.com\/es\/wp-json\/wp\/v2\/comments?post=41901"}],"version-history":[{"count":20,"href":"https:\/\/chantnow.com\/es\/wp-json\/wp\/v2\/pages\/41901\/revisions"}],"predecessor-version":[{"id":42422,"href":"https:\/\/chantnow.com\/es\/wp-json\/wp\/v2\/pages\/41901\/revisions\/42422"}],"wp:attachment":[{"href":"https:\/\/chantnow.com\/es\/wp-json\/wp\/v2\/media?parent=41901"}],"curies":[{"name":"wp","href":"https:\/\/api.w.org\/{rel}","templated":true}]}}