{"id":41647,"date":"2024-02-23T05:42:32","date_gmt":"2024-02-23T10:42:32","guid":{"rendered":"https:\/\/chantnow.com\/?page_id=41647"},"modified":"2024-02-27T06:20:15","modified_gmt":"2024-02-27T11:20:15","slug":"diksa-adhikara-enrollment","status":"publish","type":"page","link":"https:\/\/chantnow.com\/es\/diksa-adhikara-enrollment\/","title":{"rendered":"Inscripci\u00f3n en Diksa Adhikara"},"content":{"rendered":"<p>Para completar la entrada en la vida del bhakti yoga, se requiere un v\u00ednculo formal con la sampradaya y ponerse bajo el pleno cobijo de un devoto avanzado aceptando diksa (iniciaci\u00f3n vaisnava) junto con los votos de un disc\u00edpulo. El proceso incluye la preparaci\u00f3n para la iniciaci\u00f3n profundizando en la filosof\u00eda y los principios de las relaciones guru-disc\u00edpulo, as\u00ed como la identificaci\u00f3n y el desarrollo de una relaci\u00f3n espiritual eterna con un devoto cualificado. Completa este nivel como prerrequisito para aceptar la iniciaci\u00f3n en ISKCON.&nbsp;<\/p>\n\n\n\n<p>El programa Pasos Bhakti Incluye cursos y coaching personal para ayudarte a alcanzar el nivel de estar cualificado para recibir la iniciaci\u00f3n una vez que hayas establecido la relaci\u00f3n con el gur\u00fa elegido.&nbsp;<\/p>\n\n\n\n<p>Despu\u00e9s de esto es un proceso altamente personal y puede tomar muchos meses o incluso muchos a\u00f1os hasta que sientas que has llegado a la confianza de aceptar a otro devoto como tu gur\u00fa iniciador.&nbsp;<\/p>\n\n\n\n<p>El requisito b\u00e1sico para entrar en este nivel es haber practicado en el nivel de Srila Prabhupada Asraya durante al menos 6 meses. Otros requisitos son:&nbsp;<\/p>\n\n\n\n<h3 class=\"wp-block-heading\">Cursos&nbsp;<\/h3>\n\n\n\n<ul class=\"wp-block-list\">\n<li>Curso de disc\u00edpulo gur\u00fa de ISKCON&nbsp;<\/li>\n<\/ul>\n\n\n\n<h3 class=\"wp-block-heading\">Other&nbsp;<\/h3>\n\n\n\n<ul class=\"wp-block-list\">\n<li>Aprobar el examen de Diksa Adhikara&nbsp;<\/li>\n\n\n\n<li>Recibir una carta de recomendaci\u00f3n de la autoridad competente de ISKCON&nbsp;<\/li>\n<\/ul>\n\n\n\n<p>Completar este nivel no es la iniciaci\u00f3n en s\u00ed misma, sino simplemente el prerrequisito para aceptar la iniciaci\u00f3n en ISKCON.&nbsp;&nbsp;<\/p>\n\n\n\n<h3 class=\"wp-block-heading\">What\u2019s Next?\u00a0<\/h3>\n\n\n\n<p>Completar el programa de pasos Bhakti es un hito importante para convertirse en un bhakti yogui y alcanzar la plena perfecci\u00f3n espiritual en esta vida. Sin embargo, en muchos sentidos es s\u00f3lo el principio. En el programa aprender\u00e1s sobre las diversas etapas de avance en el bhakti y te dar\u00e1s cuenta de que es un esfuerzo de toda la vida.&nbsp;<\/p>\n\n\n\n<p>Para apoyarte una vez que hayas completado este programa, Chant Now tiene cursos continuos, grupos sanga y coaching personal. Adem\u00e1s, como parte de tu desarrollo en el servicio, puedes aprender a convertirte t\u00fa mismo en un l\u00edder espiritual del equipo de Chant Now y ayudar a otros a obtener los dones del bhakti que t\u00fa has recibido.&nbsp;<\/p>\n\n\n\n<p>Para algunos que completan el programa de pasos Bhakti, la siguiente fase ser\u00e1 entrar en una relaci\u00f3n con un devoto que eventualmente se convertir\u00e1 en su gur\u00fa diksha, mientras que otros pueden optar por ir m\u00e1s gradualmente. En cualquier caso, Chant Now est\u00e1 ah\u00ed para apoyarte, especialmente en tu pr\u00e1ctica de japa.&nbsp;&nbsp;<\/p>\n\n\n\n<p>Esperamos que se sienta inspirado por la oportunidad de desarrollo espiritual que ofrece este programa y esperamos poder servirle.&nbsp;<\/p>\n\n\n<p>Para rellenar este formulario, con\u00e9ctese a la comunidad Chant Now<\/p>","protected":false},"excerpt":{"rendered":"<p>To complete one\u2019s entrance into the lifetime of bhakti yoga, one requires a formal link to the sampradaya and to come under the full shelter&hellip;<\/p>","protected":false},"author":640,"featured_media":39038,"parent":0,"menu_order":0,"comment_status":"closed","ping_status":"closed","template":"page-fullwidth.php","meta":{"content-type":"","pmpro_default_level":"","footnotes":""},"class_list":["post-41647","page","type-page","status-publish","has-post-thumbnail","hentry","pmpro-has-access"],"yoast_head":"<!-- This site is optimized with the Yoast SEO plugin v27.3 - https:\/\/yoast.com\/product\/yoast-seo-wordpress\/ -->\n<title>Diksa Adhikara\u00a0Enrollment - Chant Now<\/title>\n<meta name=\"robots\" content=\"index, follow, max-snippet:-1, max-image-preview:large, max-video-preview:-1\" \/>\n<link rel=\"canonical\" href=\"https:\/\/chantnow.com\/es\/diksa-adhikara-enrollment\/\" \/>\n<meta property=\"og:locale\" content=\"es_ES\" \/>\n<meta property=\"og:type\" content=\"article\" \/>\n<meta property=\"og:title\" content=\"Diksa Adhikara\u00a0Enrollment - Chant Now\" \/>\n<meta property=\"og:description\" content=\"To complete one\u2019s entrance into the lifetime of bhakti yoga, one requires a formal link to the sampradaya and to come under the full shelter&hellip;\" \/>\n<meta property=\"og:url\" content=\"https:\/\/chantnow.com\/es\/diksa-adhikara-enrollment\/\" \/>\n<meta property=\"og:site_name\" content=\"Chant Now\" \/>\n<meta property=\"article:modified_time\" content=\"2024-02-27T11:20:15+00:00\" \/>\n<meta property=\"og:image\" content=\"https:\/\/chantnow.com\/wp-content\/uploads\/2023\/09\/design-1.png\" \/>\n\t<meta property=\"og:image:width\" content=\"1920\" \/>\n\t<meta property=\"og:image:height\" content=\"1080\" \/>\n\t<meta property=\"og:image:type\" content=\"image\/png\" \/>\n<meta name=\"twitter:card\" content=\"summary_large_image\" \/>\n<meta name=\"twitter:label1\" content=\"Tiempo de lectura\" \/>\n\t<meta name=\"twitter:data1\" content=\"2 minutos\" \/>\n<script type=\"application\/ld+json\" class=\"yoast-schema-graph\">{\"@context\":\"https:\\\/\\\/schema.org\",\"@graph\":[{\"@type\":\"WebPage\",\"@id\":\"https:\\\/\\\/chantnow.com\\\/diksa-adhikara-enrollment\\\/\",\"url\":\"https:\\\/\\\/chantnow.com\\\/diksa-adhikara-enrollment\\\/\",\"name\":\"Diksa Adhikara\u00a0Enrollment - Chant Now\",\"isPartOf\":{\"@id\":\"https:\\\/\\\/chantnow.com\\\/es\\\/#website\"},\"primaryImageOfPage\":{\"@id\":\"https:\\\/\\\/chantnow.com\\\/diksa-adhikara-enrollment\\\/#primaryimage\"},\"image\":{\"@id\":\"https:\\\/\\\/chantnow.com\\\/diksa-adhikara-enrollment\\\/#primaryimage\"},\"thumbnailUrl\":\"https:\\\/\\\/chantnow.com\\\/wp-content\\\/uploads\\\/2023\\\/09\\\/design-1.png\",\"datePublished\":\"2024-02-23T10:42:32+00:00\",\"dateModified\":\"2024-02-27T11:20:15+00:00\",\"breadcrumb\":{\"@id\":\"https:\\\/\\\/chantnow.com\\\/diksa-adhikara-enrollment\\\/#breadcrumb\"},\"inLanguage\":\"es\",\"potentialAction\":[{\"@type\":\"ReadAction\",\"target\":[\"https:\\\/\\\/chantnow.com\\\/diksa-adhikara-enrollment\\\/\"]}]},{\"@type\":\"ImageObject\",\"inLanguage\":\"es\",\"@id\":\"https:\\\/\\\/chantnow.com\\\/diksa-adhikara-enrollment\\\/#primaryimage\",\"url\":\"https:\\\/\\\/chantnow.com\\\/wp-content\\\/uploads\\\/2023\\\/09\\\/design-1.png\",\"contentUrl\":\"https:\\\/\\\/chantnow.com\\\/wp-content\\\/uploads\\\/2023\\\/09\\\/design-1.png\",\"width\":1920,\"height\":1080,\"caption\":\"Chant Now - Balance Their Spiritual Practice With The Demands of Modern Life\"},{\"@type\":\"BreadcrumbList\",\"@id\":\"https:\\\/\\\/chantnow.com\\\/diksa-adhikara-enrollment\\\/#breadcrumb\",\"itemListElement\":[{\"@type\":\"ListItem\",\"position\":1,\"name\":\"Home\",\"item\":\"https:\\\/\\\/chantnow.com\\\/\"},{\"@type\":\"ListItem\",\"position\":2,\"name\":\"Diksa Adhikara\u00a0Enrollment\"}]},{\"@type\":\"WebSite\",\"@id\":\"https:\\\/\\\/chantnow.com\\\/es\\\/#website\",\"url\":\"https:\\\/\\\/chantnow.com\\\/es\\\/\",\"name\":\"Chant Now\",\"description\":\"Online Bhakti Community\",\"publisher\":{\"@id\":\"https:\\\/\\\/chantnow.com\\\/es\\\/#organization\"},\"potentialAction\":[{\"@type\":\"SearchAction\",\"target\":{\"@type\":\"EntryPoint\",\"urlTemplate\":\"https:\\\/\\\/chantnow.com\\\/es\\\/?s={search_term_string}\"},\"query-input\":{\"@type\":\"PropertyValueSpecification\",\"valueRequired\":true,\"valueName\":\"search_term_string\"}}],\"inLanguage\":\"es\"},{\"@type\":\"Organization\",\"@id\":\"https:\\\/\\\/chantnow.com\\\/es\\\/#organization\",\"name\":\"Chant Now\",\"url\":\"https:\\\/\\\/chantnow.com\\\/es\\\/\",\"logo\":{\"@type\":\"ImageObject\",\"inLanguage\":\"es\",\"@id\":\"https:\\\/\\\/chantnow.com\\\/es\\\/#\\\/schema\\\/logo\\\/image\\\/\",\"url\":\"https:\\\/\\\/chantnow.com\\\/wp-content\\\/uploads\\\/2023\\\/07\\\/chant-now-logo-circle.png\",\"contentUrl\":\"https:\\\/\\\/chantnow.com\\\/wp-content\\\/uploads\\\/2023\\\/07\\\/chant-now-logo-circle.png\",\"width\":251,\"height\":251,\"caption\":\"Chant Now\"},\"image\":{\"@id\":\"https:\\\/\\\/chantnow.com\\\/es\\\/#\\\/schema\\\/logo\\\/image\\\/\"}}]}<\/script>\n<!-- \/ Yoast SEO plugin. -->","yoast_head_json":{"title":"Diksa Adhikara\u00a0Enrollment - Chant Now","robots":{"index":"index","follow":"follow","max-snippet":"max-snippet:-1","max-image-preview":"max-image-preview:large","max-video-preview":"max-video-preview:-1"},"canonical":"https:\/\/chantnow.com\/es\/diksa-adhikara-enrollment\/","og_locale":"es_ES","og_type":"article","og_title":"Diksa Adhikara\u00a0Enrollment - Chant Now","og_description":"To complete one\u2019s entrance into the lifetime of bhakti yoga, one requires a formal link to the sampradaya and to come under the full shelter&hellip;","og_url":"https:\/\/chantnow.com\/es\/diksa-adhikara-enrollment\/","og_site_name":"Chant Now","article_modified_time":"2024-02-27T11:20:15+00:00","og_image":[{"width":1920,"height":1080,"url":"https:\/\/chantnow.com\/wp-content\/uploads\/2023\/09\/design-1.png","type":"image\/png"}],"twitter_card":"summary_large_image","twitter_misc":{"Tiempo de lectura":"2 minutos"},"schema":{"@context":"https:\/\/schema.org","@graph":[{"@type":"WebPage","@id":"https:\/\/chantnow.com\/diksa-adhikara-enrollment\/","url":"https:\/\/chantnow.com\/diksa-adhikara-enrollment\/","name":"Diksa Adhikara\u00a0Enrollment - Chant Now","isPartOf":{"@id":"https:\/\/chantnow.com\/es\/#website"},"primaryImageOfPage":{"@id":"https:\/\/chantnow.com\/diksa-adhikara-enrollment\/#primaryimage"},"image":{"@id":"https:\/\/chantnow.com\/diksa-adhikara-enrollment\/#primaryimage"},"thumbnailUrl":"https:\/\/chantnow.com\/wp-content\/uploads\/2023\/09\/design-1.png","datePublished":"2024-02-23T10:42:32+00:00","dateModified":"2024-02-27T11:20:15+00:00","breadcrumb":{"@id":"https:\/\/chantnow.com\/diksa-adhikara-enrollment\/#breadcrumb"},"inLanguage":"es","potentialAction":[{"@type":"ReadAction","target":["https:\/\/chantnow.com\/diksa-adhikara-enrollment\/"]}]},{"@type":"ImageObject","inLanguage":"es","@id":"https:\/\/chantnow.com\/diksa-adhikara-enrollment\/#primaryimage","url":"https:\/\/chantnow.com\/wp-content\/uploads\/2023\/09\/design-1.png","contentUrl":"https:\/\/chantnow.com\/wp-content\/uploads\/2023\/09\/design-1.png","width":1920,"height":1080,"caption":"Chant Now - Balance Their Spiritual Practice With The Demands of Modern Life"},{"@type":"BreadcrumbList","@id":"https:\/\/chantnow.com\/diksa-adhikara-enrollment\/#breadcrumb","itemListElement":[{"@type":"ListItem","position":1,"name":"Home","item":"https:\/\/chantnow.com\/"},{"@type":"ListItem","position":2,"name":"Diksa Adhikara\u00a0Enrollment"}]},{"@type":"WebSite","@id":"https:\/\/chantnow.com\/es\/#website","url":"https:\/\/chantnow.com\/es\/","name":"Cantar ahora","description":"Comunidad Bhakti en l\u00ednea","publisher":{"@id":"https:\/\/chantnow.com\/es\/#organization"},"potentialAction":[{"@type":"SearchAction","target":{"@type":"EntryPoint","urlTemplate":"https:\/\/chantnow.com\/es\/?s={search_term_string}"},"query-input":{"@type":"PropertyValueSpecification","valueRequired":true,"valueName":"search_term_string"}}],"inLanguage":"es"},{"@type":"Organization","@id":"https:\/\/chantnow.com\/es\/#organization","name":"Cantar ahora","url":"https:\/\/chantnow.com\/es\/","logo":{"@type":"ImageObject","inLanguage":"es","@id":"https:\/\/chantnow.com\/es\/#\/schema\/logo\/image\/","url":"https:\/\/chantnow.com\/wp-content\/uploads\/2023\/07\/chant-now-logo-circle.png","contentUrl":"https:\/\/chantnow.com\/wp-content\/uploads\/2023\/07\/chant-now-logo-circle.png","width":251,"height":251,"caption":"Chant Now"},"image":{"@id":"https:\/\/chantnow.com\/es\/#\/schema\/logo\/image\/"}}]}},"_links":{"self":[{"href":"https:\/\/chantnow.com\/es\/wp-json\/wp\/v2\/pages\/41647","targetHints":{"allow":["GET"]}}],"collection":[{"href":"https:\/\/chantnow.com\/es\/wp-json\/wp\/v2\/pages"}],"about":[{"href":"https:\/\/chantnow.com\/es\/wp-json\/wp\/v2\/types\/page"}],"author":[{"embeddable":true,"href":"https:\/\/chantnow.com\/es\/wp-json\/wp\/v2\/users\/640"}],"replies":[{"embeddable":true,"href":"https:\/\/chantnow.com\/es\/wp-json\/wp\/v2\/comments?post=41647"}],"version-history":[{"count":3,"href":"https:\/\/chantnow.com\/es\/wp-json\/wp\/v2\/pages\/41647\/revisions"}],"predecessor-version":[{"id":41723,"href":"https:\/\/chantnow.com\/es\/wp-json\/wp\/v2\/pages\/41647\/revisions\/41723"}],"wp:featuredmedia":[{"embeddable":true,"href":"https:\/\/chantnow.com\/es\/wp-json\/wp\/v2\/media\/39038"}],"wp:attachment":[{"href":"https:\/\/chantnow.com\/es\/wp-json\/wp\/v2\/media?parent=41647"}],"curies":[{"name":"wp","href":"https:\/\/api.w.org\/{rel}","templated":true}]}}