{"id":41645,"date":"2024-02-23T04:27:23","date_gmt":"2024-02-23T09:27:23","guid":{"rendered":"https:\/\/chantnow.com\/?page_id=41645"},"modified":"2024-02-27T06:15:10","modified_gmt":"2024-02-27T11:15:10","slug":"srila-prabhupada-ashraya-enrollment","status":"publish","type":"page","link":"https:\/\/chantnow.com\/es\/srila-prabhupada-ashraya-enrollment\/","title":{"rendered":"Srila Prabhupada Ashraya\u00a0Enrollment"},"content":{"rendered":"<p>Despues de practicar al nivel de un Gaura Sadhaka por algun tiempo la experiencia del bhakti y el estudio de las ensenanzas de Srila Prabhupada te inspiraran a adoptar completamente las practicas y compromisos de un dedicado shiksa (estudiante) discipulo de Srila Prabhupada y comprometer tu vida a este camino. En este punto, una vez que llegue a los est\u00e1ndares enumerados aqu\u00ed, usted ha entrado en la etapa de refugio completo de Srila Prabhupada como su shiksha guru. Esta etapa se llama Srila Prabhupada Ashraya.&nbsp;&nbsp;<\/p>\n\n\n\n<h3 class=\"wp-block-heading\">Normas MDL&nbsp;<\/h3>\n\n\n\n<ul class=\"wp-block-list\">\n<li>Dedicarse a tomar refugio divino de Srila Prabhupada siguiendo los principios de la Conciencia de Krishna.&nbsp;<\/li>\n\n\n\n<li>Practicar la Conciencia de Krishna con fuerte convicci\u00f3n.&nbsp;<\/li>\n\n\n\n<li>Cantar un m\u00ednimo de diecis\u00e9is rondas del Hare Krishna Maha-mantra cada d\u00eda.&nbsp;<\/li>\n\n\n\n<li>Abstenerse estrictamente de comer carne (incluyendo pescado, huevo, cebolla y ajo), intoxicaci\u00f3n (incluyendo caf\u00e9 y t\u00e9), juegos de azar, sexo il\u00edcito y actividades perjudiciales para el progreso en el servicio devocional.&nbsp;<\/li>\n\n\n\n<li>Estar familiarizado con los fundamentos de la filosof\u00eda consciente de Krishna mediante la lectura sistem\u00e1tica de los libros de Srila Prabhupada y est\u00e1 activamente comprometido en compartir los principios conscientes de Krishna (de acuerdo a su capacidad) a los dem\u00e1s.&nbsp;<\/li>\n\n\n\n<li>Hacer alg\u00fan servicio responsable (por sencillo que sea), de forma regular.&nbsp;<\/li>\n\n\n\n<li>Levantarse temprano por la ma\u00f1ana y seguir un programa similar al del templo en la medida de lo posible.&nbsp;<\/li>\n\n\n\n<li>Asistir al menos a una clase de Srimad Bhagavatam\/Srimad Bhagavad-Gita cada semana.&nbsp;<\/li>\n<\/ul>\n\n\n\n<h3 class=\"wp-block-heading\">Espa\u00f1ol&nbsp;<\/h3>\n\n\n\n<ul class=\"wp-block-list\">\n<li>12 rondas&nbsp;<\/li>\n\n\n\n<li>Leer libros grandes&nbsp;<\/li>\n\n\n\n<li>Principio de no violencia Ahimsa, no incitaci\u00f3n, no relaciones il\u00edcitas, no juegos de azar&nbsp;<\/li>\n\n\n\n<li>Curso: sadhana bhakti&nbsp;<\/li>\n<\/ul>\n\n\n\n<ul class=\"wp-block-list\">\n<li>Toma prasad y sigue a los ekadasis&nbsp;<\/li>\n\n\n\n<li>Fotos del altar y culto m\u00ednimo&nbsp;<\/li>\n<\/ul>\n\n\n\n<h3 class=\"wp-block-heading\">Japa&nbsp;<\/h3>\n\n\n\n<ul class=\"wp-block-list\">\n<li>Al menos 16 rondas de japa mala cada d\u00eda (Preferiblemente por las ma\u00f1anas).&nbsp;<\/li>\n<\/ul>\n\n\n\n<h3 class=\"wp-block-heading\">Sankalpa\u00a0(Committment)<\/h3>\n\n\n\n<ul class=\"wp-block-list\">\n<li>Adem\u00e1s de las drogas y el alcohol, abstenerse de todo tipo de estimulantes, incluida la cafe\u00edna (caf\u00e9, t\u00e9, etc.) y la nicotina (tabaco, vaporizadores, etc.).&nbsp;<\/li>\n<\/ul>\n\n\n\n<h3 class=\"wp-block-heading\">Svadhyaya&nbsp;&nbsp;<\/h3>\n\n\n\n<ul class=\"wp-block-list\">\n<li>Srimad Bhagavatam - 1<sup>st<\/sup> canto&nbsp;<\/li>\n\n\n\n<li>Sri Isopanisad&nbsp;<\/li>\n\n\n\n<li>Srila Prabhupada Lilamrita&nbsp;<\/li>\n<\/ul>\n\n\n\n<h3 class=\"wp-block-heading\">Cursos:&nbsp;<\/h3>\n\n\n\n<ul class=\"wp-block-list\">\n<li>Curso Growing Bhakti - Nivel 2&nbsp;<\/li>\n<\/ul>\n\n\n\n<h3 class=\"wp-block-heading\">Sanga (Asociaci\u00f3n)&nbsp;<\/h3>\n\n\n\n<ul class=\"wp-block-list\">\n<li>Asistir al menos a 4 reuniones de Gaura Sadhaka&nbsp;<\/li>\n\n\n\n<li>Inscribirse en un grupo Prabhupadanuga&nbsp;<\/li>\n\n\n\n<li>Asistir a la clase de Srimad Bhagavatam al menos una vez a la semana&nbsp;<\/li>\n<\/ul>\n\n\n\n<h3 class=\"wp-block-heading\">Archana&nbsp;&nbsp;<\/h3>\n\n\n\n<ul class=\"wp-block-list\">\n<li>Levantarse temprano y realizar un programa matutino diario que incluya alguna participaci\u00f3n en arati o puja.&nbsp;<\/li>\n<\/ul>\n\n\n\n<h3 class=\"wp-block-heading\">Seva (Servicio Devocional)&nbsp;<\/h3>\n\n\n\n<ul class=\"wp-block-list\">\n<li>Comprometerse regularmente en un servicio responsable compartiendo el bhakti con los dem\u00e1s.&nbsp;<\/li>\n<\/ul>\n\n\n<p>Para rellenar este formulario, con\u00e9ctese a la comunidad Chant Now<\/p>","protected":false},"excerpt":{"rendered":"<p>After practicing at the level of a Gaura Sadhaka for some time the experience of bhakti and the study of Srila Prabhupada\u2019s teachings will inspire&hellip;<\/p>","protected":false},"author":640,"featured_media":39038,"parent":0,"menu_order":0,"comment_status":"closed","ping_status":"closed","template":"page-fullwidth.php","meta":{"content-type":"","pmpro_default_level":"","footnotes":""},"class_list":["post-41645","page","type-page","status-publish","has-post-thumbnail","hentry","pmpro-has-access"],"yoast_head":"<!-- This site is optimized with the Yoast SEO plugin v27.5 - https:\/\/yoast.com\/product\/yoast-seo-wordpress\/ -->\n<title>Srila Prabhupada Ashraya\u00a0Enrollment - Chant Now<\/title>\n<meta name=\"robots\" content=\"index, follow, max-snippet:-1, max-image-preview:large, max-video-preview:-1\" \/>\n<link rel=\"canonical\" href=\"https:\/\/chantnow.com\/es\/srila-prabhupada-ashraya-enrollment\/\" \/>\n<meta property=\"og:locale\" content=\"es_ES\" \/>\n<meta property=\"og:type\" content=\"article\" \/>\n<meta property=\"og:title\" content=\"Srila Prabhupada Ashraya\u00a0Enrollment - Chant Now\" \/>\n<meta property=\"og:description\" content=\"After practicing at the level of a Gaura Sadhaka for some time the experience of bhakti and the study of Srila Prabhupada\u2019s teachings will inspire&hellip;\" \/>\n<meta property=\"og:url\" content=\"https:\/\/chantnow.com\/es\/srila-prabhupada-ashraya-enrollment\/\" \/>\n<meta property=\"og:site_name\" content=\"Chant Now\" \/>\n<meta property=\"article:modified_time\" content=\"2024-02-27T11:15:10+00:00\" \/>\n<meta property=\"og:image\" content=\"https:\/\/chantnow.com\/wp-content\/uploads\/2023\/09\/design-1.png\" \/>\n\t<meta property=\"og:image:width\" content=\"1920\" \/>\n\t<meta property=\"og:image:height\" content=\"1080\" \/>\n\t<meta property=\"og:image:type\" content=\"image\/png\" \/>\n<meta name=\"twitter:card\" content=\"summary_large_image\" \/>\n<meta name=\"twitter:label1\" content=\"Tiempo de lectura\" \/>\n\t<meta name=\"twitter:data1\" content=\"2 minutos\" \/>\n<script type=\"application\/ld+json\" class=\"yoast-schema-graph\">{\"@context\":\"https:\\\/\\\/schema.org\",\"@graph\":[{\"@type\":\"WebPage\",\"@id\":\"https:\\\/\\\/chantnow.com\\\/srila-prabhupada-ashraya-enrollment\\\/\",\"url\":\"https:\\\/\\\/chantnow.com\\\/srila-prabhupada-ashraya-enrollment\\\/\",\"name\":\"Srila Prabhupada Ashraya\u00a0Enrollment - Chant Now\",\"isPartOf\":{\"@id\":\"https:\\\/\\\/chantnow.com\\\/es\\\/#website\"},\"primaryImageOfPage\":{\"@id\":\"https:\\\/\\\/chantnow.com\\\/srila-prabhupada-ashraya-enrollment\\\/#primaryimage\"},\"image\":{\"@id\":\"https:\\\/\\\/chantnow.com\\\/srila-prabhupada-ashraya-enrollment\\\/#primaryimage\"},\"thumbnailUrl\":\"https:\\\/\\\/chantnow.com\\\/wp-content\\\/uploads\\\/2023\\\/09\\\/design-1.png\",\"datePublished\":\"2024-02-23T09:27:23+00:00\",\"dateModified\":\"2024-02-27T11:15:10+00:00\",\"breadcrumb\":{\"@id\":\"https:\\\/\\\/chantnow.com\\\/srila-prabhupada-ashraya-enrollment\\\/#breadcrumb\"},\"inLanguage\":\"es\",\"potentialAction\":[{\"@type\":\"ReadAction\",\"target\":[\"https:\\\/\\\/chantnow.com\\\/srila-prabhupada-ashraya-enrollment\\\/\"]}]},{\"@type\":\"ImageObject\",\"inLanguage\":\"es\",\"@id\":\"https:\\\/\\\/chantnow.com\\\/srila-prabhupada-ashraya-enrollment\\\/#primaryimage\",\"url\":\"https:\\\/\\\/chantnow.com\\\/wp-content\\\/uploads\\\/2023\\\/09\\\/design-1.png\",\"contentUrl\":\"https:\\\/\\\/chantnow.com\\\/wp-content\\\/uploads\\\/2023\\\/09\\\/design-1.png\",\"width\":1920,\"height\":1080,\"caption\":\"Chant Now - Balance Their Spiritual Practice With The Demands of Modern Life\"},{\"@type\":\"BreadcrumbList\",\"@id\":\"https:\\\/\\\/chantnow.com\\\/srila-prabhupada-ashraya-enrollment\\\/#breadcrumb\",\"itemListElement\":[{\"@type\":\"ListItem\",\"position\":1,\"name\":\"Home\",\"item\":\"https:\\\/\\\/chantnow.com\\\/\"},{\"@type\":\"ListItem\",\"position\":2,\"name\":\"Srila Prabhupada Ashraya\u00a0Enrollment\"}]},{\"@type\":\"WebSite\",\"@id\":\"https:\\\/\\\/chantnow.com\\\/es\\\/#website\",\"url\":\"https:\\\/\\\/chantnow.com\\\/es\\\/\",\"name\":\"Chant Now\",\"description\":\"Online Bhakti Community\",\"publisher\":{\"@id\":\"https:\\\/\\\/chantnow.com\\\/es\\\/#organization\"},\"potentialAction\":[{\"@type\":\"SearchAction\",\"target\":{\"@type\":\"EntryPoint\",\"urlTemplate\":\"https:\\\/\\\/chantnow.com\\\/es\\\/?s={search_term_string}\"},\"query-input\":{\"@type\":\"PropertyValueSpecification\",\"valueRequired\":true,\"valueName\":\"search_term_string\"}}],\"inLanguage\":\"es\"},{\"@type\":\"Organization\",\"@id\":\"https:\\\/\\\/chantnow.com\\\/es\\\/#organization\",\"name\":\"Chant Now\",\"url\":\"https:\\\/\\\/chantnow.com\\\/es\\\/\",\"logo\":{\"@type\":\"ImageObject\",\"inLanguage\":\"es\",\"@id\":\"https:\\\/\\\/chantnow.com\\\/es\\\/#\\\/schema\\\/logo\\\/image\\\/\",\"url\":\"https:\\\/\\\/chantnow.com\\\/wp-content\\\/uploads\\\/2023\\\/07\\\/chant-now-logo-circle.png\",\"contentUrl\":\"https:\\\/\\\/chantnow.com\\\/wp-content\\\/uploads\\\/2023\\\/07\\\/chant-now-logo-circle.png\",\"width\":251,\"height\":251,\"caption\":\"Chant Now\"},\"image\":{\"@id\":\"https:\\\/\\\/chantnow.com\\\/es\\\/#\\\/schema\\\/logo\\\/image\\\/\"}}]}<\/script>\n<!-- \/ Yoast SEO plugin. -->","yoast_head_json":{"title":"Srila Prabhupada Ashraya\u00a0Enrollment - Chant Now","robots":{"index":"index","follow":"follow","max-snippet":"max-snippet:-1","max-image-preview":"max-image-preview:large","max-video-preview":"max-video-preview:-1"},"canonical":"https:\/\/chantnow.com\/es\/srila-prabhupada-ashraya-enrollment\/","og_locale":"es_ES","og_type":"article","og_title":"Srila Prabhupada Ashraya\u00a0Enrollment - Chant Now","og_description":"After practicing at the level of a Gaura Sadhaka for some time the experience of bhakti and the study of Srila Prabhupada\u2019s teachings will inspire&hellip;","og_url":"https:\/\/chantnow.com\/es\/srila-prabhupada-ashraya-enrollment\/","og_site_name":"Chant Now","article_modified_time":"2024-02-27T11:15:10+00:00","og_image":[{"width":1920,"height":1080,"url":"https:\/\/chantnow.com\/wp-content\/uploads\/2023\/09\/design-1.png","type":"image\/png"}],"twitter_card":"summary_large_image","twitter_misc":{"Tiempo de lectura":"2 minutos"},"schema":{"@context":"https:\/\/schema.org","@graph":[{"@type":"WebPage","@id":"https:\/\/chantnow.com\/srila-prabhupada-ashraya-enrollment\/","url":"https:\/\/chantnow.com\/srila-prabhupada-ashraya-enrollment\/","name":"Srila Prabhupada Ashraya\u00a0Enrollment - Chant Now","isPartOf":{"@id":"https:\/\/chantnow.com\/es\/#website"},"primaryImageOfPage":{"@id":"https:\/\/chantnow.com\/srila-prabhupada-ashraya-enrollment\/#primaryimage"},"image":{"@id":"https:\/\/chantnow.com\/srila-prabhupada-ashraya-enrollment\/#primaryimage"},"thumbnailUrl":"https:\/\/chantnow.com\/wp-content\/uploads\/2023\/09\/design-1.png","datePublished":"2024-02-23T09:27:23+00:00","dateModified":"2024-02-27T11:15:10+00:00","breadcrumb":{"@id":"https:\/\/chantnow.com\/srila-prabhupada-ashraya-enrollment\/#breadcrumb"},"inLanguage":"es","potentialAction":[{"@type":"ReadAction","target":["https:\/\/chantnow.com\/srila-prabhupada-ashraya-enrollment\/"]}]},{"@type":"ImageObject","inLanguage":"es","@id":"https:\/\/chantnow.com\/srila-prabhupada-ashraya-enrollment\/#primaryimage","url":"https:\/\/chantnow.com\/wp-content\/uploads\/2023\/09\/design-1.png","contentUrl":"https:\/\/chantnow.com\/wp-content\/uploads\/2023\/09\/design-1.png","width":1920,"height":1080,"caption":"Chant Now - Balance Their Spiritual Practice With The Demands of Modern Life"},{"@type":"BreadcrumbList","@id":"https:\/\/chantnow.com\/srila-prabhupada-ashraya-enrollment\/#breadcrumb","itemListElement":[{"@type":"ListItem","position":1,"name":"Home","item":"https:\/\/chantnow.com\/"},{"@type":"ListItem","position":2,"name":"Srila Prabhupada Ashraya\u00a0Enrollment"}]},{"@type":"WebSite","@id":"https:\/\/chantnow.com\/es\/#website","url":"https:\/\/chantnow.com\/es\/","name":"Cantar ahora","description":"Comunidad Bhakti en l\u00ednea","publisher":{"@id":"https:\/\/chantnow.com\/es\/#organization"},"potentialAction":[{"@type":"SearchAction","target":{"@type":"EntryPoint","urlTemplate":"https:\/\/chantnow.com\/es\/?s={search_term_string}"},"query-input":{"@type":"PropertyValueSpecification","valueRequired":true,"valueName":"search_term_string"}}],"inLanguage":"es"},{"@type":"Organization","@id":"https:\/\/chantnow.com\/es\/#organization","name":"Cantar ahora","url":"https:\/\/chantnow.com\/es\/","logo":{"@type":"ImageObject","inLanguage":"es","@id":"https:\/\/chantnow.com\/es\/#\/schema\/logo\/image\/","url":"https:\/\/chantnow.com\/wp-content\/uploads\/2023\/07\/chant-now-logo-circle.png","contentUrl":"https:\/\/chantnow.com\/wp-content\/uploads\/2023\/07\/chant-now-logo-circle.png","width":251,"height":251,"caption":"Chant Now"},"image":{"@id":"https:\/\/chantnow.com\/es\/#\/schema\/logo\/image\/"}}]}},"_links":{"self":[{"href":"https:\/\/chantnow.com\/es\/wp-json\/wp\/v2\/pages\/41645","targetHints":{"allow":["GET"]}}],"collection":[{"href":"https:\/\/chantnow.com\/es\/wp-json\/wp\/v2\/pages"}],"about":[{"href":"https:\/\/chantnow.com\/es\/wp-json\/wp\/v2\/types\/page"}],"author":[{"embeddable":true,"href":"https:\/\/chantnow.com\/es\/wp-json\/wp\/v2\/users\/640"}],"replies":[{"embeddable":true,"href":"https:\/\/chantnow.com\/es\/wp-json\/wp\/v2\/comments?post=41645"}],"version-history":[{"count":3,"href":"https:\/\/chantnow.com\/es\/wp-json\/wp\/v2\/pages\/41645\/revisions"}],"predecessor-version":[{"id":41721,"href":"https:\/\/chantnow.com\/es\/wp-json\/wp\/v2\/pages\/41645\/revisions\/41721"}],"wp:featuredmedia":[{"embeddable":true,"href":"https:\/\/chantnow.com\/es\/wp-json\/wp\/v2\/media\/39038"}],"wp:attachment":[{"href":"https:\/\/chantnow.com\/es\/wp-json\/wp\/v2\/media?parent=41645"}],"curies":[{"name":"wp","href":"https:\/\/api.w.org\/{rel}","templated":true}]}}