{"id":41640,"date":"2024-02-23T03:24:13","date_gmt":"2024-02-23T08:24:13","guid":{"rendered":"https:\/\/chantnow.com\/?page_id=41640"},"modified":"2024-02-27T05:54:04","modified_gmt":"2024-02-27T10:54:04","slug":"gaura-sevak-enrollment","status":"publish","type":"page","link":"https:\/\/chantnow.com\/es\/gaura-sevak-enrollment\/","title":{"rendered":"Gaura Sevak Enrollment"},"content":{"rendered":"<p>El Gaura Sevak es el siguiente paso en los Pasos Bhakti. En esta etapa, habr\u00e1s llegado a un punto en el que tu experiencia en el bhakti y tu estudio de la filosof\u00eda del bhakti te han convencido de comprometerte personalmente con el camino de la conciencia de Krishna bajo la gu\u00eda de Srila Prabhupada. Para progresar a este nivel, se requiere aumentar las pr\u00e1cticas devocionales, adoptar al menos los principios regulativos m\u00e1s esenciales del bhakti yoga y completar algunos cursos adicionales.&nbsp;&nbsp;<\/p>\n\n\n\n<p>Para progresar a este nivel, basta con aumentar las pr\u00e1cticas devocionales y adoptar al menos los principios regulativos m\u00e1s esenciales del bhakti yoga. Tambi\u00e9n se requiere tomar algunos cursos adicionales y asistir a un n\u00famero m\u00ednimo de reuniones como se describe aqu\u00ed.&nbsp;<\/p>\n\n\n\n<h3 class=\"wp-block-heading\">Japa&nbsp;<\/h3>\n\n\n\n<ul class=\"wp-block-list\">\n<li>4 rondas de japa mala cada d\u00eda (preferiblemente por las ma\u00f1anas).&nbsp;<\/li>\n<\/ul>\n\n\n\n<h3 class=\"wp-block-heading\">Sankalpa (Commitments)<\/h3>\n\n\n\n<ul class=\"wp-block-list\">\n<li>Ahimsa - no violencia - no comer carne, huevos y pescado.&nbsp;&nbsp;<\/li>\n\n\n\n<li>Pana - Abstenerse de drogas y alcohol&nbsp;<\/li>\n<\/ul>\n\n\n\n<h3 class=\"wp-block-heading\">Cursos:&nbsp;<\/h3>\n\n\n\n<ul class=\"wp-block-list\">\n<li>Introducci\u00f3n a los Vedas&nbsp;&nbsp;<\/li>\n\n\n\n<li>Karma&nbsp;<\/li>\n\n\n\n<li>Meditaci\u00f3n con mantras - Sabidur\u00eda y pr\u00e1ctica&nbsp;<\/li>\n\n\n\n<li>Tu sadhana de canto&nbsp;<\/li>\n<\/ul>\n\n\n\n<h3 class=\"wp-block-heading\">Svadhyaya&nbsp;<\/h3>\n\n\n\n<ul class=\"wp-block-list\">\n<li>Lectura de literatura Bhakti.&nbsp;&nbsp;<\/li>\n<\/ul>\n\n\n\n<ul class=\"wp-block-list\">\n<li>Dos peque\u00f1os libros de la lista recomendada&nbsp;<\/li>\n<\/ul>\n\n\n\n<h3 class=\"wp-block-heading\">Sanga (Asociaci\u00f3n)&nbsp;<\/h3>\n\n\n\n<ul class=\"wp-block-list\">\n<li>Asistir al menos a 4 reuniones del grupo Sraddhavan&nbsp;<\/li>\n\n\n\n<li>Inscribirse en un grupo Gaura Sevak&nbsp;<\/li>\n<\/ul>\n\n\n\n<h3 class=\"wp-block-heading\">Seva (Servicio Devocional)&nbsp;<\/h3>\n\n\n\n<ul class=\"wp-block-list\">\n<li>Inscr\u00edbete en un programa de voluntariado bajo la gu\u00eda de tu entrenador de Pasos Bhakti&nbsp;<\/li>\n<\/ul>\n\n\n<p>Para rellenar este formulario, con\u00e9ctese a la comunidad Chant Now<\/p>","protected":false},"excerpt":{"rendered":"<p>Gaura Sevak is the next level in Bhakti Steps. In this stage you will have come to a point where your experience in bhakti and&hellip;<\/p>","protected":false},"author":640,"featured_media":39038,"parent":0,"menu_order":0,"comment_status":"closed","ping_status":"closed","template":"page-fullwidth.php","meta":{"content-type":"","pmpro_default_level":"","footnotes":""},"class_list":["post-41640","page","type-page","status-publish","has-post-thumbnail","hentry","pmpro-has-access"],"yoast_head":"<!-- This site is optimized with the Yoast SEO plugin v27.3 - https:\/\/yoast.com\/product\/yoast-seo-wordpress\/ -->\n<title>Gaura Sevak Enrollment - Chant Now<\/title>\n<meta name=\"robots\" content=\"index, follow, max-snippet:-1, max-image-preview:large, max-video-preview:-1\" \/>\n<link rel=\"canonical\" href=\"https:\/\/chantnow.com\/es\/gaura-sevak-enrollment\/\" \/>\n<meta property=\"og:locale\" content=\"es_ES\" \/>\n<meta property=\"og:type\" content=\"article\" \/>\n<meta property=\"og:title\" content=\"Gaura Sevak Enrollment - Chant Now\" \/>\n<meta property=\"og:description\" content=\"Gaura Sevak is the next level in Bhakti Steps. In this stage you will have come to a point where your experience in bhakti and&hellip;\" \/>\n<meta property=\"og:url\" content=\"https:\/\/chantnow.com\/es\/gaura-sevak-enrollment\/\" \/>\n<meta property=\"og:site_name\" content=\"Chant Now\" \/>\n<meta property=\"article:modified_time\" content=\"2024-02-27T10:54:04+00:00\" \/>\n<meta property=\"og:image\" content=\"https:\/\/chantnow.com\/wp-content\/uploads\/2023\/09\/design-1.png\" \/>\n\t<meta property=\"og:image:width\" content=\"1920\" \/>\n\t<meta property=\"og:image:height\" content=\"1080\" \/>\n\t<meta property=\"og:image:type\" content=\"image\/png\" \/>\n<meta name=\"twitter:card\" content=\"summary_large_image\" \/>\n<meta name=\"twitter:label1\" content=\"Tiempo de lectura\" \/>\n\t<meta name=\"twitter:data1\" content=\"1 minuto\" \/>\n<script type=\"application\/ld+json\" class=\"yoast-schema-graph\">{\"@context\":\"https:\\\/\\\/schema.org\",\"@graph\":[{\"@type\":\"WebPage\",\"@id\":\"https:\\\/\\\/chantnow.com\\\/gaura-sevak-enrollment\\\/\",\"url\":\"https:\\\/\\\/chantnow.com\\\/gaura-sevak-enrollment\\\/\",\"name\":\"Gaura Sevak Enrollment - Chant Now\",\"isPartOf\":{\"@id\":\"https:\\\/\\\/chantnow.com\\\/es\\\/#website\"},\"primaryImageOfPage\":{\"@id\":\"https:\\\/\\\/chantnow.com\\\/gaura-sevak-enrollment\\\/#primaryimage\"},\"image\":{\"@id\":\"https:\\\/\\\/chantnow.com\\\/gaura-sevak-enrollment\\\/#primaryimage\"},\"thumbnailUrl\":\"https:\\\/\\\/chantnow.com\\\/wp-content\\\/uploads\\\/2023\\\/09\\\/design-1.png\",\"datePublished\":\"2024-02-23T08:24:13+00:00\",\"dateModified\":\"2024-02-27T10:54:04+00:00\",\"breadcrumb\":{\"@id\":\"https:\\\/\\\/chantnow.com\\\/gaura-sevak-enrollment\\\/#breadcrumb\"},\"inLanguage\":\"es\",\"potentialAction\":[{\"@type\":\"ReadAction\",\"target\":[\"https:\\\/\\\/chantnow.com\\\/gaura-sevak-enrollment\\\/\"]}]},{\"@type\":\"ImageObject\",\"inLanguage\":\"es\",\"@id\":\"https:\\\/\\\/chantnow.com\\\/gaura-sevak-enrollment\\\/#primaryimage\",\"url\":\"https:\\\/\\\/chantnow.com\\\/wp-content\\\/uploads\\\/2023\\\/09\\\/design-1.png\",\"contentUrl\":\"https:\\\/\\\/chantnow.com\\\/wp-content\\\/uploads\\\/2023\\\/09\\\/design-1.png\",\"width\":1920,\"height\":1080,\"caption\":\"Chant Now - Balance Their Spiritual Practice With The Demands of Modern Life\"},{\"@type\":\"BreadcrumbList\",\"@id\":\"https:\\\/\\\/chantnow.com\\\/gaura-sevak-enrollment\\\/#breadcrumb\",\"itemListElement\":[{\"@type\":\"ListItem\",\"position\":1,\"name\":\"Home\",\"item\":\"https:\\\/\\\/chantnow.com\\\/\"},{\"@type\":\"ListItem\",\"position\":2,\"name\":\"Gaura Sevak Enrollment\"}]},{\"@type\":\"WebSite\",\"@id\":\"https:\\\/\\\/chantnow.com\\\/es\\\/#website\",\"url\":\"https:\\\/\\\/chantnow.com\\\/es\\\/\",\"name\":\"Chant Now\",\"description\":\"Online Bhakti Community\",\"publisher\":{\"@id\":\"https:\\\/\\\/chantnow.com\\\/es\\\/#organization\"},\"potentialAction\":[{\"@type\":\"SearchAction\",\"target\":{\"@type\":\"EntryPoint\",\"urlTemplate\":\"https:\\\/\\\/chantnow.com\\\/es\\\/?s={search_term_string}\"},\"query-input\":{\"@type\":\"PropertyValueSpecification\",\"valueRequired\":true,\"valueName\":\"search_term_string\"}}],\"inLanguage\":\"es\"},{\"@type\":\"Organization\",\"@id\":\"https:\\\/\\\/chantnow.com\\\/es\\\/#organization\",\"name\":\"Chant Now\",\"url\":\"https:\\\/\\\/chantnow.com\\\/es\\\/\",\"logo\":{\"@type\":\"ImageObject\",\"inLanguage\":\"es\",\"@id\":\"https:\\\/\\\/chantnow.com\\\/es\\\/#\\\/schema\\\/logo\\\/image\\\/\",\"url\":\"https:\\\/\\\/chantnow.com\\\/wp-content\\\/uploads\\\/2023\\\/07\\\/chant-now-logo-circle.png\",\"contentUrl\":\"https:\\\/\\\/chantnow.com\\\/wp-content\\\/uploads\\\/2023\\\/07\\\/chant-now-logo-circle.png\",\"width\":251,\"height\":251,\"caption\":\"Chant Now\"},\"image\":{\"@id\":\"https:\\\/\\\/chantnow.com\\\/es\\\/#\\\/schema\\\/logo\\\/image\\\/\"}}]}<\/script>\n<!-- \/ Yoast SEO plugin. -->","yoast_head_json":{"title":"Gaura Sevak Enrollment - Chant Now","robots":{"index":"index","follow":"follow","max-snippet":"max-snippet:-1","max-image-preview":"max-image-preview:large","max-video-preview":"max-video-preview:-1"},"canonical":"https:\/\/chantnow.com\/es\/gaura-sevak-enrollment\/","og_locale":"es_ES","og_type":"article","og_title":"Gaura Sevak Enrollment - Chant Now","og_description":"Gaura Sevak is the next level in Bhakti Steps. In this stage you will have come to a point where your experience in bhakti and&hellip;","og_url":"https:\/\/chantnow.com\/es\/gaura-sevak-enrollment\/","og_site_name":"Chant Now","article_modified_time":"2024-02-27T10:54:04+00:00","og_image":[{"width":1920,"height":1080,"url":"https:\/\/chantnow.com\/wp-content\/uploads\/2023\/09\/design-1.png","type":"image\/png"}],"twitter_card":"summary_large_image","twitter_misc":{"Tiempo de lectura":"1 minuto"},"schema":{"@context":"https:\/\/schema.org","@graph":[{"@type":"WebPage","@id":"https:\/\/chantnow.com\/gaura-sevak-enrollment\/","url":"https:\/\/chantnow.com\/gaura-sevak-enrollment\/","name":"Gaura Sevak Enrollment - Chant Now","isPartOf":{"@id":"https:\/\/chantnow.com\/es\/#website"},"primaryImageOfPage":{"@id":"https:\/\/chantnow.com\/gaura-sevak-enrollment\/#primaryimage"},"image":{"@id":"https:\/\/chantnow.com\/gaura-sevak-enrollment\/#primaryimage"},"thumbnailUrl":"https:\/\/chantnow.com\/wp-content\/uploads\/2023\/09\/design-1.png","datePublished":"2024-02-23T08:24:13+00:00","dateModified":"2024-02-27T10:54:04+00:00","breadcrumb":{"@id":"https:\/\/chantnow.com\/gaura-sevak-enrollment\/#breadcrumb"},"inLanguage":"es","potentialAction":[{"@type":"ReadAction","target":["https:\/\/chantnow.com\/gaura-sevak-enrollment\/"]}]},{"@type":"ImageObject","inLanguage":"es","@id":"https:\/\/chantnow.com\/gaura-sevak-enrollment\/#primaryimage","url":"https:\/\/chantnow.com\/wp-content\/uploads\/2023\/09\/design-1.png","contentUrl":"https:\/\/chantnow.com\/wp-content\/uploads\/2023\/09\/design-1.png","width":1920,"height":1080,"caption":"Chant Now - Balance Their Spiritual Practice With The Demands of Modern Life"},{"@type":"BreadcrumbList","@id":"https:\/\/chantnow.com\/gaura-sevak-enrollment\/#breadcrumb","itemListElement":[{"@type":"ListItem","position":1,"name":"Home","item":"https:\/\/chantnow.com\/"},{"@type":"ListItem","position":2,"name":"Gaura Sevak Enrollment"}]},{"@type":"WebSite","@id":"https:\/\/chantnow.com\/es\/#website","url":"https:\/\/chantnow.com\/es\/","name":"Cantar ahora","description":"Comunidad Bhakti en l\u00ednea","publisher":{"@id":"https:\/\/chantnow.com\/es\/#organization"},"potentialAction":[{"@type":"SearchAction","target":{"@type":"EntryPoint","urlTemplate":"https:\/\/chantnow.com\/es\/?s={search_term_string}"},"query-input":{"@type":"PropertyValueSpecification","valueRequired":true,"valueName":"search_term_string"}}],"inLanguage":"es"},{"@type":"Organization","@id":"https:\/\/chantnow.com\/es\/#organization","name":"Cantar ahora","url":"https:\/\/chantnow.com\/es\/","logo":{"@type":"ImageObject","inLanguage":"es","@id":"https:\/\/chantnow.com\/es\/#\/schema\/logo\/image\/","url":"https:\/\/chantnow.com\/wp-content\/uploads\/2023\/07\/chant-now-logo-circle.png","contentUrl":"https:\/\/chantnow.com\/wp-content\/uploads\/2023\/07\/chant-now-logo-circle.png","width":251,"height":251,"caption":"Chant Now"},"image":{"@id":"https:\/\/chantnow.com\/es\/#\/schema\/logo\/image\/"}}]}},"_links":{"self":[{"href":"https:\/\/chantnow.com\/es\/wp-json\/wp\/v2\/pages\/41640","targetHints":{"allow":["GET"]}}],"collection":[{"href":"https:\/\/chantnow.com\/es\/wp-json\/wp\/v2\/pages"}],"about":[{"href":"https:\/\/chantnow.com\/es\/wp-json\/wp\/v2\/types\/page"}],"author":[{"embeddable":true,"href":"https:\/\/chantnow.com\/es\/wp-json\/wp\/v2\/users\/640"}],"replies":[{"embeddable":true,"href":"https:\/\/chantnow.com\/es\/wp-json\/wp\/v2\/comments?post=41640"}],"version-history":[{"count":5,"href":"https:\/\/chantnow.com\/es\/wp-json\/wp\/v2\/pages\/41640\/revisions"}],"predecessor-version":[{"id":41716,"href":"https:\/\/chantnow.com\/es\/wp-json\/wp\/v2\/pages\/41640\/revisions\/41716"}],"wp:featuredmedia":[{"embeddable":true,"href":"https:\/\/chantnow.com\/es\/wp-json\/wp\/v2\/media\/39038"}],"wp:attachment":[{"href":"https:\/\/chantnow.com\/es\/wp-json\/wp\/v2\/media?parent=41640"}],"curies":[{"name":"wp","href":"https:\/\/api.w.org\/{rel}","templated":true}]}}