{"id":41458,"date":"2024-02-17T03:32:58","date_gmt":"2024-02-17T08:32:58","guid":{"rendered":"https:\/\/chantnow.com\/?page_id=41458"},"modified":"2024-03-21T02:54:14","modified_gmt":"2024-03-21T06:54:14","slug":"my-awards","status":"publish","type":"page","link":"https:\/\/chantnow.com\/es\/my-awards\/","title":{"rendered":"Mis premios"},"content":{"rendered":"<p>Para ayudarte a seguir tu progreso y para que podamos reconocer y alentar tus esfuerzos, hemos establecido un sistema de premios que incluye puntos por diferentes actividades del sitio, logros espec\u00edficos de bhakti yoga y niveles de Pasos Bhakti. Aqu\u00ed puedes ver tus premios actuales en cada una de estas categor\u00edas.<\/p>\n\n\n\n<p>Para una descripci\u00f3n completa del <a href=\"https:\/\/chantnow.com\/es\/bhaktisteps\/\">Programa Pasos Bhakti haga clic aqu\u00ed<\/a><\/p>\n\n\n\n<h2 class=\"wp-block-heading\">Mi nivel de pasos Bhakti<br><\/h2>\n\n\n\n<p>Este es tu nivel actual. Todos los miembros de la comunidad comienzan en el nivel Explorador y luego progresan a trav\u00e9s de los Pasos Bhakti.<\/p>\n\n\n\n<p><\/p>\n\n\n\n\n\n<h2 class=\"wp-block-heading\">Mis logros Bhakti<\/h2>\n\n\n\n<p>Aqu\u00ed encontrar\u00e1s tus logros a medida que avances en el programa Pasos Bhakti.<\/p>\n\n\n\r\n<div id=\"gamipress-achievements-list\" class=\"gamipress-achievements-list\">\r\n\r\n    \r\n    <div id=\"gamipress-achievements-filters-wrap\">\r\n\r\n        \r\n        <input type=\"hidden\" name=\"type\" value=\"all\"><input type=\"hidden\" name=\"columns\" value=\"2\"><input type=\"hidden\" name=\"columns_small\" value=\"1\"><input type=\"hidden\" name=\"filter_value\" value=\"all\"><input type=\"hidden\" name=\"search_value\" value=\"\"><input type=\"hidden\" name=\"load_more\" value=\"yes\"><input type=\"hidden\" name=\"current_user\" value=\"yes\"><input type=\"hidden\" name=\"user_id\" value=\"0\"><input type=\"hidden\" name=\"limit\" value=\"10\"><input type=\"hidden\" name=\"orderby\" value=\"menu_order\"><input type=\"hidden\" name=\"order\" value=\"ASC\"><input type=\"hidden\" name=\"include\" value=\"\"><input type=\"hidden\" name=\"exclude\" value=\"\"><input type=\"hidden\" name=\"wpms\" value=\"no\"><input type=\"hidden\" name=\"id\" value=\"41458\"><input type=\"hidden\" name=\"title\" value=\"yes\"><input type=\"hidden\" name=\"title_size\" value=\"h2\"><input type=\"hidden\" name=\"link\" value=\"yes\"><input type=\"hidden\" name=\"thumbnail\" value=\"yes\"><input type=\"hidden\" name=\"thumbnail_size\" value=\"\"><input type=\"hidden\" name=\"points_awarded\" value=\"no\"><input type=\"hidden\" name=\"points_awarded_thumbnail\" value=\"yes\"><input type=\"hidden\" name=\"excerpt\" value=\"yes\"><input type=\"hidden\" name=\"times_earned\" value=\"yes\"><input type=\"hidden\" name=\"global_times_earned\" value=\"no\"><input type=\"hidden\" name=\"steps\" value=\"no\"><input type=\"hidden\" name=\"toggle\" value=\"yes\"><input type=\"hidden\" name=\"heading\" value=\"yes\"><input type=\"hidden\" name=\"heading_size\" value=\"h4\"><input type=\"hidden\" name=\"unlock_button\" value=\"yes\"><input type=\"hidden\" name=\"earners\" value=\"no\"><input type=\"hidden\" name=\"earners_limit\" value=\"0\"><input type=\"hidden\" name=\"layout\" value=\"left\"><input type=\"hidden\" name=\"align\" value=\"none\"><input type=\"hidden\" name=\"types\" value=\"all\"><input type=\"hidden\" name=\"plural_label\" value=\"logros\">\r\n        \r\n            <input type=\"hidden\" name=\"achievements_list_filter\" id=\"achievements_list_filter\" value=\"all\">\r\n\r\n        \r\n        \r\n    <\/div><!-- #gamipress-achievements-filters-wrap -->\r\n\r\n        <div id=\"gamipress-achievements-container\" class=\"gamipress-achievements-container gamipress-columns-2 gamipress-columns-small-1\">\r\n        \r\n<div id=\"gamipress-achievement-40619\" class=\"gamipress-achievement user-has-not-earned gamipress-layout-left gamipress-align-none\">\r\n\r\n    \r\n            <div class=\"gamipress-achievement-image\">\r\n\r\n                            <a href=\"https:\/\/chantnow.com\/es\/japa\/1-round-daily\/\" title=\"1 ronda diaria\"><img decoding=\"async\" width=\"100\" height=\"57\" src=\"https:\/\/chantnow.com\/wp-content\/uploads\/2023\/08\/mantra-meditation-self-realization-848-795x455-1.jpg\" class=\"gamipress-achievement-thumbnail wp-post-image\" alt=\"\" srcset=\"https:\/\/chantnow.com\/wp-content\/uploads\/2023\/08\/mantra-meditation-self-realization-848-795x455-1.jpg 795w, https:\/\/chantnow.com\/wp-content\/uploads\/2023\/08\/mantra-meditation-self-realization-848-795x455-1-300x172.jpg 300w, https:\/\/chantnow.com\/wp-content\/uploads\/2023\/08\/mantra-meditation-self-realization-848-795x455-1-768x440.jpg 768w, https:\/\/chantnow.com\/wp-content\/uploads\/2023\/08\/mantra-meditation-self-realization-848-795x455-1-18x10.jpg 18w, https:\/\/chantnow.com\/wp-content\/uploads\/2023\/08\/mantra-meditation-self-realization-848-795x455-1-624x357.jpg 624w\" sizes=\"(max-width: 100px) 100vw, 100px\" \/><\/a>\r\n            \r\n            \r\n        <\/div><!-- .gamipress-achievement-image -->\r\n\r\n        \r\n    \r\n        <div class=\"gamipress-achievement-description\">\r\n\r\n                    <h2 class=\"gamipress-achievement-title\">\r\n\r\n                                    <a href=\"https:\/\/chantnow.com\/es\/japa\/1-round-daily\/\" title=\"1 ronda diaria\">1 ronda diaria<\/a>\r\n                \r\n            <\/h2>\r\n\r\n            \r\n        \r\n        \r\n                    <div class=\"gamipress-achievement-excerpt\">\r\n                            <\/div><!-- .gamipress-achievement-excerpt -->\r\n\r\n                    \r\n        \r\n            \r\n            \r\n        \r\n        \r\n        \r\n        \r\n        \r\n        \r\n        \r\n    <\/div><!-- .gamipress-achievement-description -->\r\n\r\n    \r\n<\/div><!-- .gamipress-achievement -->\r\n<div id=\"gamipress-achievement-40947\" class=\"gamipress-achievement user-has-not-earned gamipress-layout-left gamipress-align-none\">\r\n\r\n    \r\n            <div class=\"gamipress-achievement-image\">\r\n\r\n                            <a href=\"https:\/\/chantnow.com\/es\/svadhaya\/completed-small-book-reading\/\" title=\"Lectura de peque\u00f1os libros finalizada\"><img decoding=\"async\" width=\"100\" height=\"100\" src=\"https:\/\/chantnow.com\/wp-content\/uploads\/2024\/01\/images-3-100x100.jpeg\" class=\"gamipress-achievement-thumbnail wp-post-image\" alt=\"\" srcset=\"https:\/\/chantnow.com\/wp-content\/uploads\/2024\/01\/images-3-100x100.jpeg 100w, https:\/\/chantnow.com\/wp-content\/uploads\/2024\/01\/images-3-150x150.jpeg 150w, https:\/\/chantnow.com\/wp-content\/uploads\/2024\/01\/images-3-12x12.jpeg 12w, https:\/\/chantnow.com\/wp-content\/uploads\/2024\/01\/images-3-50x50.jpeg 50w, https:\/\/chantnow.com\/wp-content\/uploads\/2024\/01\/images-3.jpeg 225w\" sizes=\"(max-width: 100px) 100vw, 100px\" \/><\/a>\r\n            \r\n            \r\n        <\/div><!-- .gamipress-achievement-image -->\r\n\r\n        \r\n    \r\n        <div class=\"gamipress-achievement-description\">\r\n\r\n                    <h2 class=\"gamipress-achievement-title\">\r\n\r\n                                    <a href=\"https:\/\/chantnow.com\/es\/svadhaya\/completed-small-book-reading\/\" title=\"Lectura de peque\u00f1os libros finalizada\">Lectura de peque\u00f1os libros finalizada<\/a>\r\n                \r\n            <\/h2>\r\n\r\n            \r\n        \r\n        \r\n                    <div class=\"gamipress-achievement-excerpt\">\r\n                            <\/div><!-- .gamipress-achievement-excerpt -->\r\n\r\n                    \r\n        \r\n            \r\n            \r\n        \r\n        \r\n        \r\n        \r\n        \r\n        \r\n        \r\n    <\/div><!-- .gamipress-achievement-description -->\r\n\r\n    \r\n<\/div><!-- .gamipress-achievement -->    <\/div>\r\n\r\n        <input type=\"hidden\" id=\"gamipress-achievements-offset\" value=\"10\">\r\n    <input type=\"hidden\" id=\"gamipress-achievements-count\" value=\"2\">\r\n\r\n        \r\n        <button type=\"button\" id=\"gamipress-achievements-load-more\" class=\"gamipress-load-more-button\" style=\"display:none;\">Cargar m\u00e1s<\/button>\r\n\r\n    \r\n        <div id=\"gamipress-achievements-spinner\" class=\"gamipress-spinner\" style=\"display: none;\"><\/div>\r\n\r\n    \r\n<\/div>\r\n\r\n\n\n\n<h2 class=\"wp-block-heading\">Mis puntos de participaci\u00f3n<\/h2>\n\n\n\n<p>A medida que participas en l\u00ednea y en las reuniones de grupo se te otorgan puntos que cuentan para tu nivel de Pasos Bhakti.<\/p>\n\n\n\r\n<div class=\"gamipress-user-points gamipress-is-current-user gamipress-columns-2 gamipress-columns-small-1 gamipress-layout-left gamipress-align-none\">\r\n\r\n    \r\n    \r\n        \r\n        <div class=\"gamipress-points gamipress-user-points-meeting-attended\">\r\n\r\n                            <div class=\"gamipress-user-points-image gamipress-user-points-meeting-attended-image\">\r\n                    <img decoding=\"async\" width=\"50\" height=\"50\" src=\"https:\/\/chantnow.com\/wp-content\/uploads\/2024\/01\/images-2-50x50.jpeg\" class=\"gamipress-points-thumbnail wp-post-image\" alt=\"\" srcset=\"https:\/\/chantnow.com\/wp-content\/uploads\/2024\/01\/images-2-50x50.jpeg 50w, https:\/\/chantnow.com\/wp-content\/uploads\/2024\/01\/images-2-150x150.jpeg 150w, https:\/\/chantnow.com\/wp-content\/uploads\/2024\/01\/images-2-12x12.jpeg 12w, https:\/\/chantnow.com\/wp-content\/uploads\/2024\/01\/images-2-100x100.jpeg 100w, https:\/\/chantnow.com\/wp-content\/uploads\/2024\/01\/images-2.jpeg 225w\" sizes=\"(max-width: 50px) 100vw, 50px\" \/>                <\/div><!-- .gamipress-user-points-image -->\r\n\r\n                \r\n            \r\n            <div class=\"gamipress-user-points-description\">\r\n\r\n                \r\n                <span class=\"gamipress-user-points-amount\">0<\/span>\r\n\r\n                \r\n                                    <span class=\"gamipress-user-points-label\">Meetings attended<\/span>\r\n\r\n                    \r\n                \r\n            <\/div><!-- .gamipress-user-points-description -->\r\n\r\n        <\/div><!-- .gamipress-points -->\r\n\r\n        \r\n    \r\n        \r\n        <div class=\"gamipress-points gamipress-user-points-websitepoints\">\r\n\r\n                            <div class=\"gamipress-user-points-image gamipress-user-points-websitepoints-image\">\r\n                    <img loading=\"lazy\" decoding=\"async\" width=\"50\" height=\"50\" src=\"https:\/\/chantnow.com\/wp-content\/uploads\/2024\/01\/771266-50x50.png\" class=\"gamipress-points-thumbnail wp-post-image\" alt=\"\" srcset=\"https:\/\/chantnow.com\/wp-content\/uploads\/2024\/01\/771266-50x50.png 50w, https:\/\/chantnow.com\/wp-content\/uploads\/2024\/01\/771266-300x300.png 300w, https:\/\/chantnow.com\/wp-content\/uploads\/2024\/01\/771266-150x150.png 150w, https:\/\/chantnow.com\/wp-content\/uploads\/2024\/01\/771266-500x500.png 500w, https:\/\/chantnow.com\/wp-content\/uploads\/2024\/01\/771266-12x12.png 12w, https:\/\/chantnow.com\/wp-content\/uploads\/2024\/01\/771266-100x100.png 100w, https:\/\/chantnow.com\/wp-content\/uploads\/2024\/01\/771266.png 512w\" sizes=\"(max-width: 50px) 100vw, 50px\" \/>                <\/div><!-- .gamipress-user-points-image -->\r\n\r\n                \r\n            \r\n            <div class=\"gamipress-user-points-description\">\r\n\r\n                \r\n                <span class=\"gamipress-user-points-amount\">0<\/span>\r\n\r\n                \r\n                                    <span class=\"gamipress-user-points-label\">Participation points<\/span>\r\n\r\n                    \r\n                \r\n            <\/div><!-- .gamipress-user-points-description -->\r\n\r\n        <\/div><!-- .gamipress-points -->\r\n\r\n        \r\n    \r\n    \r\n<\/div><!-- .gamipress-user-points -->","protected":false},"excerpt":{"rendered":"<p>Para ayudarle a seguir sus progresos y para que podamos reconocer y alentar sus esfuerzos, hemos establecido un sistema de premios que incluye puntos...<\/p>","protected":false},"author":23,"featured_media":0,"parent":0,"menu_order":0,"comment_status":"closed","ping_status":"closed","template":"","meta":{"content-type":"","pmpro_default_level":"","footnotes":""},"class_list":["post-41458","page","type-page","status-publish","hentry","pmpro-has-access"],"yoast_head":"<!-- This site is optimized with the Yoast SEO plugin v27.5 - https:\/\/yoast.com\/product\/yoast-seo-wordpress\/ -->\n<title>My Awards - Chant Now<\/title>\n<meta name=\"robots\" content=\"index, follow, max-snippet:-1, max-image-preview:large, max-video-preview:-1\" \/>\n<link rel=\"canonical\" href=\"https:\/\/chantnow.com\/es\/my-awards\/\" \/>\n<meta property=\"og:locale\" content=\"es_ES\" \/>\n<meta property=\"og:type\" content=\"article\" \/>\n<meta property=\"og:title\" content=\"My Awards - Chant Now\" \/>\n<meta property=\"og:description\" content=\"To help you track your progress and for us to recognize and encourage your efforts we have set up a system of awards including points&hellip;\" \/>\n<meta property=\"og:url\" content=\"https:\/\/chantnow.com\/es\/my-awards\/\" \/>\n<meta property=\"og:site_name\" content=\"Chant Now\" \/>\n<meta property=\"article:modified_time\" content=\"2024-03-21T06:54:14+00:00\" \/>\n<meta name=\"twitter:card\" content=\"summary_large_image\" \/>\n<meta name=\"twitter:label1\" content=\"Tiempo de lectura\" \/>\n\t<meta name=\"twitter:data1\" content=\"1 minuto\" \/>\n<script type=\"application\/ld+json\" class=\"yoast-schema-graph\">{\"@context\":\"https:\\\/\\\/schema.org\",\"@graph\":[{\"@type\":\"WebPage\",\"@id\":\"https:\\\/\\\/chantnow.com\\\/my-awards\\\/\",\"url\":\"https:\\\/\\\/chantnow.com\\\/my-awards\\\/\",\"name\":\"My Awards - Chant Now\",\"isPartOf\":{\"@id\":\"https:\\\/\\\/chantnow.com\\\/es\\\/#website\"},\"datePublished\":\"2024-02-17T08:32:58+00:00\",\"dateModified\":\"2024-03-21T06:54:14+00:00\",\"breadcrumb\":{\"@id\":\"https:\\\/\\\/chantnow.com\\\/my-awards\\\/#breadcrumb\"},\"inLanguage\":\"es\",\"potentialAction\":[{\"@type\":\"ReadAction\",\"target\":[\"https:\\\/\\\/chantnow.com\\\/my-awards\\\/\"]}]},{\"@type\":\"BreadcrumbList\",\"@id\":\"https:\\\/\\\/chantnow.com\\\/my-awards\\\/#breadcrumb\",\"itemListElement\":[{\"@type\":\"ListItem\",\"position\":1,\"name\":\"Home\",\"item\":\"https:\\\/\\\/chantnow.com\\\/\"},{\"@type\":\"ListItem\",\"position\":2,\"name\":\"My Awards\"}]},{\"@type\":\"WebSite\",\"@id\":\"https:\\\/\\\/chantnow.com\\\/es\\\/#website\",\"url\":\"https:\\\/\\\/chantnow.com\\\/es\\\/\",\"name\":\"Chant Now\",\"description\":\"Online Bhakti Community\",\"publisher\":{\"@id\":\"https:\\\/\\\/chantnow.com\\\/es\\\/#organization\"},\"potentialAction\":[{\"@type\":\"SearchAction\",\"target\":{\"@type\":\"EntryPoint\",\"urlTemplate\":\"https:\\\/\\\/chantnow.com\\\/es\\\/?s={search_term_string}\"},\"query-input\":{\"@type\":\"PropertyValueSpecification\",\"valueRequired\":true,\"valueName\":\"search_term_string\"}}],\"inLanguage\":\"es\"},{\"@type\":\"Organization\",\"@id\":\"https:\\\/\\\/chantnow.com\\\/es\\\/#organization\",\"name\":\"Chant Now\",\"url\":\"https:\\\/\\\/chantnow.com\\\/es\\\/\",\"logo\":{\"@type\":\"ImageObject\",\"inLanguage\":\"es\",\"@id\":\"https:\\\/\\\/chantnow.com\\\/es\\\/#\\\/schema\\\/logo\\\/image\\\/\",\"url\":\"https:\\\/\\\/chantnow.com\\\/wp-content\\\/uploads\\\/2023\\\/07\\\/chant-now-logo-circle.png\",\"contentUrl\":\"https:\\\/\\\/chantnow.com\\\/wp-content\\\/uploads\\\/2023\\\/07\\\/chant-now-logo-circle.png\",\"width\":251,\"height\":251,\"caption\":\"Chant Now\"},\"image\":{\"@id\":\"https:\\\/\\\/chantnow.com\\\/es\\\/#\\\/schema\\\/logo\\\/image\\\/\"}}]}<\/script>\n<!-- \/ Yoast SEO plugin. -->","yoast_head_json":{"title":"Mis premios - Chant Now","robots":{"index":"index","follow":"follow","max-snippet":"max-snippet:-1","max-image-preview":"max-image-preview:large","max-video-preview":"max-video-preview:-1"},"canonical":"https:\/\/chantnow.com\/es\/my-awards\/","og_locale":"es_ES","og_type":"article","og_title":"My Awards - Chant Now","og_description":"To help you track your progress and for us to recognize and encourage your efforts we have set up a system of awards including points&hellip;","og_url":"https:\/\/chantnow.com\/es\/my-awards\/","og_site_name":"Chant Now","article_modified_time":"2024-03-21T06:54:14+00:00","twitter_card":"summary_large_image","twitter_misc":{"Tiempo de lectura":"1 minuto"},"schema":{"@context":"https:\/\/schema.org","@graph":[{"@type":"WebPage","@id":"https:\/\/chantnow.com\/my-awards\/","url":"https:\/\/chantnow.com\/my-awards\/","name":"Mis premios - Chant Now","isPartOf":{"@id":"https:\/\/chantnow.com\/es\/#website"},"datePublished":"2024-02-17T08:32:58+00:00","dateModified":"2024-03-21T06:54:14+00:00","breadcrumb":{"@id":"https:\/\/chantnow.com\/my-awards\/#breadcrumb"},"inLanguage":"es","potentialAction":[{"@type":"ReadAction","target":["https:\/\/chantnow.com\/my-awards\/"]}]},{"@type":"BreadcrumbList","@id":"https:\/\/chantnow.com\/my-awards\/#breadcrumb","itemListElement":[{"@type":"ListItem","position":1,"name":"Home","item":"https:\/\/chantnow.com\/"},{"@type":"ListItem","position":2,"name":"My Awards"}]},{"@type":"WebSite","@id":"https:\/\/chantnow.com\/es\/#website","url":"https:\/\/chantnow.com\/es\/","name":"Cantar ahora","description":"Comunidad Bhakti en l\u00ednea","publisher":{"@id":"https:\/\/chantnow.com\/es\/#organization"},"potentialAction":[{"@type":"SearchAction","target":{"@type":"EntryPoint","urlTemplate":"https:\/\/chantnow.com\/es\/?s={search_term_string}"},"query-input":{"@type":"PropertyValueSpecification","valueRequired":true,"valueName":"search_term_string"}}],"inLanguage":"es"},{"@type":"Organization","@id":"https:\/\/chantnow.com\/es\/#organization","name":"Cantar ahora","url":"https:\/\/chantnow.com\/es\/","logo":{"@type":"ImageObject","inLanguage":"es","@id":"https:\/\/chantnow.com\/es\/#\/schema\/logo\/image\/","url":"https:\/\/chantnow.com\/wp-content\/uploads\/2023\/07\/chant-now-logo-circle.png","contentUrl":"https:\/\/chantnow.com\/wp-content\/uploads\/2023\/07\/chant-now-logo-circle.png","width":251,"height":251,"caption":"Chant Now"},"image":{"@id":"https:\/\/chantnow.com\/es\/#\/schema\/logo\/image\/"}}]}},"_links":{"self":[{"href":"https:\/\/chantnow.com\/es\/wp-json\/wp\/v2\/pages\/41458","targetHints":{"allow":["GET"]}}],"collection":[{"href":"https:\/\/chantnow.com\/es\/wp-json\/wp\/v2\/pages"}],"about":[{"href":"https:\/\/chantnow.com\/es\/wp-json\/wp\/v2\/types\/page"}],"author":[{"embeddable":true,"href":"https:\/\/chantnow.com\/es\/wp-json\/wp\/v2\/users\/23"}],"replies":[{"embeddable":true,"href":"https:\/\/chantnow.com\/es\/wp-json\/wp\/v2\/comments?post=41458"}],"version-history":[{"count":8,"href":"https:\/\/chantnow.com\/es\/wp-json\/wp\/v2\/pages\/41458\/revisions"}],"predecessor-version":[{"id":41964,"href":"https:\/\/chantnow.com\/es\/wp-json\/wp\/v2\/pages\/41458\/revisions\/41964"}],"wp:attachment":[{"href":"https:\/\/chantnow.com\/es\/wp-json\/wp\/v2\/media?parent=41458"}],"curies":[{"name":"wp","href":"https:\/\/api.w.org\/{rel}","templated":true}]}}