{"id":41100,"date":"2024-02-07T06:28:54","date_gmt":"2024-02-07T11:28:54","guid":{"rendered":"https:\/\/chantnow.com\/?page_id=41100"},"modified":"2024-02-18T02:30:35","modified_gmt":"2024-02-18T07:30:35","slug":"seva-membership-enroll-paypal","status":"publish","type":"page","link":"https:\/\/chantnow.com\/es\/seva-membership-enroll-paypal\/","title":{"rendered":"Afiliaci\u00f3n a Seva - Paypal"},"content":{"rendered":"<div data-elementor-type=\"wp-page\" data-elementor-id=\"41100\" class=\"elementor elementor-41100\" data-elementor-post-type=\"page\">\n\t\t\t\t\t\t<section class=\"elementor-section elementor-top-section elementor-element elementor-element-255bbf0e elementor-section-full_width elementor-section-height-default elementor-section-height-default\" data-id=\"255bbf0e\" data-element_type=\"section\" data-e-type=\"section\" data-settings=\"{&quot;background_background&quot;:&quot;classic&quot;}\">\n\t\t\t\t\t\t<div class=\"elementor-container elementor-column-gap-default\">\n\t\t\t\t\t<div class=\"elementor-column elementor-col-50 elementor-top-column elementor-element elementor-element-751cf72\" data-id=\"751cf72\" data-element_type=\"column\" data-e-type=\"column\">\n\t\t\t<div class=\"elementor-widget-wrap elementor-element-populated\">\n\t\t\t\t\t\t<div class=\"elementor-element elementor-element-34056cea elementor-widget elementor-widget-heading\" data-id=\"34056cea\" data-element_type=\"widget\" data-e-type=\"widget\" data-widget_type=\"heading.default\">\n\t\t\t\t<div class=\"elementor-widget-container\">\n\t\t\t\t\t<h2 class=\"elementor-heading-title elementor-size-default\">\u00bfListo para hacerte socio de Seva?<\/h2>\t\t\t\t<\/div>\n\t\t\t\t<\/div>\n\t\t\t\t<div class=\"elementor-element elementor-element-28171c3 elementor-widget elementor-widget-text-editor\" data-id=\"28171c3\" data-element_type=\"widget\" data-e-type=\"widget\" data-widget_type=\"text-editor.default\">\n\t\t\t\t<div class=\"elementor-widget-container\">\n\t\t\t\t\t\t\t\t\tPerm\u00edtenos ser tu socio responsable y mantenerte en el buen camino. Con la Membres\u00eda Seva obtienes muchas facilidades para desarrollar el estilo de vida, las actividades y la mentalidad que deseas, con el maha-mantra Hare Krishna. \"Seva\" significa \"servicio\" - una parte integral del bhakti yoga, que ayuda a abrir nuestros corazones para recibir el conocimiento trascendental.\n<br><br>\nDa este paso y \u00fanete a nuestro programa de Miembros Seva.\t\t\t\t\t\t\t\t<\/div>\n\t\t\t\t<\/div>\n\t\t\t\t<div class=\"elementor-element elementor-element-c1af22f elementor-widget elementor-widget-html\" data-id=\"c1af22f\" data-element_type=\"widget\" data-e-type=\"widget\" data-widget_type=\"html.default\">\n\t\t\t\t<div class=\"elementor-widget-container\">\n\t\t\t\t\t<!-- Load PayPal SDK script -->\r\n\r\n\r\n<!-- Monthly button code -->\r\n<p>Monthly<\/p>\r\n<div id=\"paypal-button-container-P-1YS978950T5562309MXBWKJY\"><\/div>\r\n<script>\r\n  paypal.Buttons({\r\n      style: {\r\n          shape: 'rect',\r\n          color: 'gold',\r\n          layout: 'vertical',\r\n          label: 'subscribe'\r\n      },\r\n      createSubscription: function(data, actions) {\r\n        return actions.subscription.create({\r\n          \/* Creates the subscription *\/\r\n          plan_id: 'P-1YS978950T5562309MXBWKJY'\r\n        });\r\n      },\r\n      onApprove: function(data, actions) {\r\n        alert(data.subscriptionID); \/\/ You can add optional success message for the subscriber here\r\n      }\r\n  }).render('#paypal-button-container-P-1YS978950T5562309MXBWKJY'); \/\/ Renders the PayPal button\r\n<\/script>\r\n\r\n<!-- Annual button code -->\r\n<p>Anual<\/p>\r\n<div id=\"paypal-button-container-P-19V23716UR1694230MPOQ43A\"><\/div>\r\n<script>\r\n  paypal.Buttons({\r\n      style: {\r\n          shape: 'rect',\r\n          color: 'gold',\r\n          layout: 'vertical',\r\n          label: 'subscribe'\r\n      },\r\n      createSubscription: function(data, actions) {\r\n        return actions.subscription.create({\r\n          \/* Creates the subscription *\/\r\n          plan_id: 'P-19V23716UR1694230MPOQ43A'\r\n        });\r\n      },\r\n      onApprove: function(data, actions) {\r\n        alert(data.subscriptionID); \/\/ You can add optional success message for the subscriber here\r\n      }\r\n  }).render('#paypal-button-container-P-19V23716UR1694230MPOQ43A'); \/\/ Renders the PayPal button\r\n<\/script>\t\t\t\t<\/div>\n\t\t\t\t<\/div>\n\t\t\t\t<div class=\"elementor-element elementor-element-9f4f6ed elementor-widget elementor-widget-text-editor\" data-id=\"9f4f6ed\" data-element_type=\"widget\" data-e-type=\"widget\" data-widget_type=\"text-editor.default\">\n\t\t\t\t<div class=\"elementor-widget-container\">\n\t\t\t\t\t\t\t\t\t<p>\"Seva\" es una palabra s\u00e1nscrita que significa \"servicio\". El servicio es un elemento esencial para profundizar en el canto del maha-mantra Hare Krishna. El servicio ayuda a abrir nuestros corazones para recibir el conocimiento trascendental y conectar con los antiguos maestros de la tradici\u00f3n del yoga, que nos han dado este conocimiento.<\/p><p>La Membres\u00eda de Seva es una forma de comenzar f\u00e1cilmente este servicio al ofrecer una contribuci\u00f3n mensual para el mantenimiento y la expansi\u00f3n de la comunidad Chant Now.<\/p>\t\t\t\t\t\t\t\t<\/div>\n\t\t\t\t<\/div>\n\t\t\t\t\t<\/div>\n\t\t<\/div>\n\t\t\t\t<div class=\"elementor-column elementor-col-50 elementor-top-column elementor-element elementor-element-40c82c6d\" data-id=\"40c82c6d\" data-element_type=\"column\" data-e-type=\"column\">\n\t\t\t<div class=\"elementor-widget-wrap elementor-element-populated\">\n\t\t\t\t\t\t<div class=\"elementor-element elementor-element-7bdd3ad elementor-widget elementor-widget-image\" data-id=\"7bdd3ad\" data-element_type=\"widget\" data-e-type=\"widget\" data-widget_type=\"image.default\">\n\t\t\t\t<div class=\"elementor-widget-container\">\n\t\t\t\t\t\t\t\t\t\t\t\t\t\t\t<img fetchpriority=\"high\" decoding=\"async\" width=\"450\" height=\"300\" src=\"https:\/\/chantnow.com\/wp-content\/uploads\/2022\/10\/03ffd24c7c77640e8096859d44c7d81c.jpg\" class=\"attachment-large size-large wp-image-30581\" alt=\"Chant Now - Seva Member\" srcset=\"https:\/\/chantnow.com\/wp-content\/uploads\/2022\/10\/03ffd24c7c77640e8096859d44c7d81c.jpg 450w, https:\/\/chantnow.com\/wp-content\/uploads\/2022\/10\/03ffd24c7c77640e8096859d44c7d81c-300x200.jpg 300w\" sizes=\"(max-width: 450px) 100vw, 450px\" \/>\t\t\t\t\t\t\t\t\t\t\t\t\t\t\t<\/div>\n\t\t\t\t<\/div>\n\t\t\t\t<div class=\"elementor-element elementor-element-64d1448 elementor-widget elementor-widget-heading\" data-id=\"64d1448\" data-element_type=\"widget\" data-e-type=\"widget\" data-widget_type=\"heading.default\">\n\t\t\t\t<div class=\"elementor-widget-container\">\n\t\t\t\t\t<h2 class=\"elementor-heading-title elementor-size-default\">\u00danase a nuestro Programa de Miembros Seva<\/h2>\t\t\t\t<\/div>\n\t\t\t\t<\/div>\n\t\t\t\t<div class=\"elementor-element elementor-element-6928f84d elementor-widget elementor-widget-text-editor\" data-id=\"6928f84d\" data-element_type=\"widget\" data-e-type=\"widget\" data-widget_type=\"text-editor.default\">\n\t\t\t\t<div class=\"elementor-widget-container\">\n\t\t\t\t\t<div class=\"bb-theme-elementor-wrap bb-elementor-custom-color bb-elementor-custom-family bb-elementor-custom-size bb-elementor-custom-line-height\">\t\t\t\t<p>Una cuenta de miembro de Seva te da acceso ilimitado de por vida a todos nuestros contenidos exclusivos, entrenadores y otras muchas ventajas. Adem\u00e1s, nos ayuda a mantener y apoyar esta maravillosa comunidad. No hay contratos m\u00ednimos. Puedes darte de baja en cualquier momento.<\/p>\t\t\t\t<\/div>\t\t\t\t<\/div>\n\t\t\t\t<\/div>\n\t\t\t\t<section class=\"elementor-section elementor-inner-section elementor-element elementor-element-4303ca6a elementor-section-boxed elementor-section-height-default elementor-section-height-default\" data-id=\"4303ca6a\" data-element_type=\"section\" data-e-type=\"section\">\n\t\t\t\t\t\t<div class=\"elementor-container elementor-column-gap-default\">\n\t\t\t\t\t<div class=\"elementor-column elementor-col-100 elementor-inner-column elementor-element elementor-element-12f9db74\" data-id=\"12f9db74\" data-element_type=\"column\" data-e-type=\"column\">\n\t\t\t<div class=\"elementor-widget-wrap elementor-element-populated\">\n\t\t\t\t\t\t<div class=\"elementor-element elementor-element-5da98b99 elementor-position-inline-start elementor-view-default elementor-mobile-position-block-start elementor-widget elementor-widget-icon-box\" data-id=\"5da98b99\" data-element_type=\"widget\" data-e-type=\"widget\" data-widget_type=\"icon-box.default\">\n\t\t\t\t<div class=\"elementor-widget-container\">\n\t\t\t\t\t\t\t<div class=\"elementor-icon-box-wrapper\">\n\n\t\t\t\t\t\t<div class=\"elementor-icon-box-icon\">\n\t\t\t\t<span  class=\"elementor-icon\">\n\t\t\t\t<i aria-hidden=\"true\" class=\"fas fa-check\"><\/i>\t\t\t\t<\/span>\n\t\t\t<\/div>\n\t\t\t\n\t\t\t\t\t\t<div class=\"elementor-icon-box-content\">\n\n\t\t\t\t\t\t\t\t\t<div class=\"elementor-icon-box-title\">\n\t\t\t\t\t\t<span  >\n\t\t\t\t\t\t\tAcceso total\t\t\t\t\t\t<\/span>\n\t\t\t\t\t<\/div>\n\t\t\t\t\n\t\t\t\t\t\t\t\t\t<p class=\"elementor-icon-box-description\">\n\t\t\t\t\t\ta todos nuestros cursos actuales y futuros como el Curso de Meditaci\u00f3n Mantra, el Curso Sadhana, etc.\n\t\t\t\t\t<\/p>\n\t\t\t\t\n\t\t\t<\/div>\n\t\t\t\n\t\t<\/div>\n\t\t\t\t\t\t<\/div>\n\t\t\t\t<\/div>\n\t\t\t\t<div class=\"elementor-element elementor-element-b67930b elementor-position-inline-start elementor-view-default elementor-mobile-position-block-start elementor-widget elementor-widget-icon-box\" data-id=\"b67930b\" data-element_type=\"widget\" data-e-type=\"widget\" data-widget_type=\"icon-box.default\">\n\t\t\t\t<div class=\"elementor-widget-container\">\n\t\t\t\t\t\t\t<div class=\"elementor-icon-box-wrapper\">\n\n\t\t\t\t\t\t<div class=\"elementor-icon-box-icon\">\n\t\t\t\t<span  class=\"elementor-icon\">\n\t\t\t\t<i aria-hidden=\"true\" class=\"fas fa-check\"><\/i>\t\t\t\t<\/span>\n\t\t\t<\/div>\n\t\t\t\n\t\t\t\t\t\t<div class=\"elementor-icon-box-content\">\n\n\t\t\t\t\t\t\t\t\t<div class=\"elementor-icon-box-title\">\n\t\t\t\t\t\t<span  >\n\t\t\t\t\t\t\tEntrenamiento individual ilimitado \t\t\t\t\t\t<\/span>\n\t\t\t\t\t<\/div>\n\t\t\t\t\n\t\t\t\t\t\t\t\t\t<p class=\"elementor-icon-box-description\">\n\t\t\t\t\t\t<span style=\"letter-spacing: -0.35px\">con cualquiera de nuestros entrenadores disponibles de su elecci\u00f3n para la orientaci\u00f3n pr\u00e1ctica en la meditaci\u00f3n con el mantra Hare Krishna basado en los principios de Bhakti Yoga.<\/span>\n\t\t\t\t\t<\/p>\n\t\t\t\t\n\t\t\t<\/div>\n\t\t\t\n\t\t<\/div>\n\t\t\t\t\t\t<\/div>\n\t\t\t\t<\/div>\n\t\t\t\t<div class=\"elementor-element elementor-element-8efbe29 elementor-position-inline-start elementor-view-default elementor-mobile-position-block-start elementor-widget elementor-widget-icon-box\" data-id=\"8efbe29\" data-element_type=\"widget\" data-e-type=\"widget\" data-widget_type=\"icon-box.default\">\n\t\t\t\t<div class=\"elementor-widget-container\">\n\t\t\t\t\t\t\t<div class=\"elementor-icon-box-wrapper\">\n\n\t\t\t\t\t\t<div class=\"elementor-icon-box-icon\">\n\t\t\t\t<span  class=\"elementor-icon\">\n\t\t\t\t<i aria-hidden=\"true\" class=\"fas fa-check\"><\/i>\t\t\t\t<\/span>\n\t\t\t<\/div>\n\t\t\t\n\t\t\t\t\t\t<div class=\"elementor-icon-box-content\">\n\n\t\t\t\t\t\t\t\t\t<div class=\"elementor-icon-box-title\">\n\t\t\t\t\t\t<span  >\n\t\t\t\t\t\t\tSuscripci\u00f3n gratuita \t\t\t\t\t\t<\/span>\n\t\t\t\t\t<\/div>\n\t\t\t\t\n\t\t\t\t\t\t\t\t\t<p class=\"elementor-icon-box-description\">\n\t\t\t\t\t\ta nuestra revista bimensual MANTRA, en la que exploramos temas relevantes para el buscador espiritual urbano.\n\t\t\t\t\t<\/p>\n\t\t\t\t\n\t\t\t<\/div>\n\t\t\t\n\t\t<\/div>\n\t\t\t\t\t\t<\/div>\n\t\t\t\t<\/div>\n\t\t\t\t<div class=\"elementor-element elementor-element-ad10c98 elementor-position-inline-start elementor-view-default elementor-mobile-position-block-start elementor-widget elementor-widget-icon-box\" data-id=\"ad10c98\" data-element_type=\"widget\" data-e-type=\"widget\" data-widget_type=\"icon-box.default\">\n\t\t\t\t<div class=\"elementor-widget-container\">\n\t\t\t\t\t\t\t<div class=\"elementor-icon-box-wrapper\">\n\n\t\t\t\t\t\t<div class=\"elementor-icon-box-icon\">\n\t\t\t\t<span  class=\"elementor-icon\">\n\t\t\t\t<i aria-hidden=\"true\" class=\"fas fa-check\"><\/i>\t\t\t\t<\/span>\n\t\t\t<\/div>\n\t\t\t\n\t\t\t\t\t\t<div class=\"elementor-icon-box-content\">\n\n\t\t\t\t\t\t\t\t\t<div class=\"elementor-icon-box-title\">\n\t\t\t\t\t\t<span  >\n\t\t\t\t\t\t\tHasta 50% de descuento \t\t\t\t\t\t<\/span>\n\t\t\t\t\t<\/div>\n\t\t\t\t\n\t\t\t\t\t\t\t\t\t<p class=\"elementor-icon-box-description\">\n\t\t\t\t\t\ten los productos de nuestra tienda, donde tenemos cuentas de mediaci\u00f3n, libros y otros art\u00edculos. \n\t\t\t\t\t<\/p>\n\t\t\t\t\n\t\t\t<\/div>\n\t\t\t\n\t\t<\/div>\n\t\t\t\t\t\t<\/div>\n\t\t\t\t<\/div>\n\t\t\t\t<div class=\"elementor-element elementor-element-36d9d60 elementor-position-inline-start elementor-view-default elementor-mobile-position-block-start elementor-widget elementor-widget-icon-box\" data-id=\"36d9d60\" data-element_type=\"widget\" data-e-type=\"widget\" data-widget_type=\"icon-box.default\">\n\t\t\t\t<div class=\"elementor-widget-container\">\n\t\t\t\t\t\t\t<div class=\"elementor-icon-box-wrapper\">\n\n\t\t\t\t\t\t<div class=\"elementor-icon-box-icon\">\n\t\t\t\t<span  class=\"elementor-icon\">\n\t\t\t\t<i aria-hidden=\"true\" class=\"fas fa-check\"><\/i>\t\t\t\t<\/span>\n\t\t\t<\/div>\n\t\t\t\n\t\t\t\t\t\t<div class=\"elementor-icon-box-content\">\n\n\t\t\t\t\t\t\t\t\t<div class=\"elementor-icon-box-title\">\n\t\t\t\t\t\t<span  >\n\t\t\t\t\t\t\tInvitaci\u00f3n personal \t\t\t\t\t\t<\/span>\n\t\t\t\t\t<\/div>\n\t\t\t\t\n\t\t\t\t\t\t\t\t\t<p class=\"elementor-icon-box-description\">\n\t\t\t\t\t\ta todos los seminarios web y talleres especiales adaptados para abordar retos espec\u00edficos en los distintos niveles de desarrollo.\n\t\t\t\t\t<\/p>\n\t\t\t\t\n\t\t\t<\/div>\n\t\t\t\n\t\t<\/div>\n\t\t\t\t\t\t<\/div>\n\t\t\t\t<\/div>\n\t\t\t\t\t<\/div>\n\t\t<\/div>\n\t\t\t\t\t<\/div>\n\t\t<\/section>\n\t\t\t\t\t<\/div>\n\t\t<\/div>\n\t\t\t\t\t<\/div>\n\t\t<\/section>\n\t\t\t\t<\/div>","protected":false},"excerpt":{"rendered":"<p>\u00bfListo para hacerte miembro de Seva? Perm\u00edtanos ser su socio responsable y mantenerle en el buen camino. Con la membres\u00eda Seva obtienes mucho...<\/p>","protected":false},"author":23,"featured_media":0,"parent":0,"menu_order":0,"comment_status":"closed","ping_status":"closed","template":"","meta":{"content-type":"","pmpro_default_level":"","footnotes":""},"class_list":["post-41100","page","type-page","status-publish","hentry","pmpro-has-access"],"yoast_head":"<!-- This site is optimized with the Yoast SEO plugin v27.5 - https:\/\/yoast.com\/product\/yoast-seo-wordpress\/ -->\n<title>Seva Membership Enroll - Paypal - Chant Now<\/title>\n<meta name=\"robots\" content=\"index, follow, max-snippet:-1, max-image-preview:large, max-video-preview:-1\" \/>\n<link rel=\"canonical\" href=\"https:\/\/chantnow.com\/es\/seva-membership-enroll-paypal\/\" \/>\n<meta property=\"og:locale\" content=\"es_ES\" \/>\n<meta property=\"og:type\" content=\"article\" \/>\n<meta property=\"og:title\" content=\"Seva Membership Enroll - Paypal - Chant Now\" \/>\n<meta property=\"og:description\" content=\"Ready to Become a Seva Member!? Let us be your accountability partner and keep you on track. With the Seva Membership you get so much&hellip;\" \/>\n<meta property=\"og:url\" content=\"https:\/\/chantnow.com\/es\/seva-membership-enroll-paypal\/\" \/>\n<meta property=\"og:site_name\" content=\"Chant Now\" \/>\n<meta property=\"article:modified_time\" content=\"2024-02-18T07:30:35+00:00\" \/>\n<meta property=\"og:image\" content=\"https:\/\/chantnow.com\/wp-content\/uploads\/2022\/10\/03ffd24c7c77640e8096859d44c7d81c.jpg\" \/>\n<meta name=\"twitter:card\" content=\"summary_large_image\" \/>\n<meta name=\"twitter:label1\" content=\"Tiempo de lectura\" \/>\n\t<meta name=\"twitter:data1\" content=\"2 minutos\" \/>\n<script type=\"application\/ld+json\" class=\"yoast-schema-graph\">{\"@context\":\"https:\\\/\\\/schema.org\",\"@graph\":[{\"@type\":\"WebPage\",\"@id\":\"https:\\\/\\\/chantnow.com\\\/seva-membership-enroll-paypal\\\/\",\"url\":\"https:\\\/\\\/chantnow.com\\\/seva-membership-enroll-paypal\\\/\",\"name\":\"Seva Membership Enroll - Paypal - Chant Now\",\"isPartOf\":{\"@id\":\"https:\\\/\\\/chantnow.com\\\/es\\\/#website\"},\"primaryImageOfPage\":{\"@id\":\"https:\\\/\\\/chantnow.com\\\/seva-membership-enroll-paypal\\\/#primaryimage\"},\"image\":{\"@id\":\"https:\\\/\\\/chantnow.com\\\/seva-membership-enroll-paypal\\\/#primaryimage\"},\"thumbnailUrl\":\"https:\\\/\\\/chantnow.com\\\/wp-content\\\/uploads\\\/2022\\\/10\\\/03ffd24c7c77640e8096859d44c7d81c.jpg\",\"datePublished\":\"2024-02-07T11:28:54+00:00\",\"dateModified\":\"2024-02-18T07:30:35+00:00\",\"breadcrumb\":{\"@id\":\"https:\\\/\\\/chantnow.com\\\/seva-membership-enroll-paypal\\\/#breadcrumb\"},\"inLanguage\":\"es\",\"potentialAction\":[{\"@type\":\"ReadAction\",\"target\":[\"https:\\\/\\\/chantnow.com\\\/seva-membership-enroll-paypal\\\/\"]}]},{\"@type\":\"ImageObject\",\"inLanguage\":\"es\",\"@id\":\"https:\\\/\\\/chantnow.com\\\/seva-membership-enroll-paypal\\\/#primaryimage\",\"url\":\"https:\\\/\\\/chantnow.com\\\/wp-content\\\/uploads\\\/2022\\\/10\\\/03ffd24c7c77640e8096859d44c7d81c.jpg\",\"contentUrl\":\"https:\\\/\\\/chantnow.com\\\/wp-content\\\/uploads\\\/2022\\\/10\\\/03ffd24c7c77640e8096859d44c7d81c.jpg\"},{\"@type\":\"BreadcrumbList\",\"@id\":\"https:\\\/\\\/chantnow.com\\\/seva-membership-enroll-paypal\\\/#breadcrumb\",\"itemListElement\":[{\"@type\":\"ListItem\",\"position\":1,\"name\":\"Home\",\"item\":\"https:\\\/\\\/chantnow.com\\\/\"},{\"@type\":\"ListItem\",\"position\":2,\"name\":\"Seva Membership Enroll &#8211; Paypal\"}]},{\"@type\":\"WebSite\",\"@id\":\"https:\\\/\\\/chantnow.com\\\/es\\\/#website\",\"url\":\"https:\\\/\\\/chantnow.com\\\/es\\\/\",\"name\":\"Chant Now\",\"description\":\"Online Bhakti Community\",\"publisher\":{\"@id\":\"https:\\\/\\\/chantnow.com\\\/es\\\/#organization\"},\"potentialAction\":[{\"@type\":\"SearchAction\",\"target\":{\"@type\":\"EntryPoint\",\"urlTemplate\":\"https:\\\/\\\/chantnow.com\\\/es\\\/?s={search_term_string}\"},\"query-input\":{\"@type\":\"PropertyValueSpecification\",\"valueRequired\":true,\"valueName\":\"search_term_string\"}}],\"inLanguage\":\"es\"},{\"@type\":\"Organization\",\"@id\":\"https:\\\/\\\/chantnow.com\\\/es\\\/#organization\",\"name\":\"Chant Now\",\"url\":\"https:\\\/\\\/chantnow.com\\\/es\\\/\",\"logo\":{\"@type\":\"ImageObject\",\"inLanguage\":\"es\",\"@id\":\"https:\\\/\\\/chantnow.com\\\/es\\\/#\\\/schema\\\/logo\\\/image\\\/\",\"url\":\"https:\\\/\\\/chantnow.com\\\/wp-content\\\/uploads\\\/2023\\\/07\\\/chant-now-logo-circle.png\",\"contentUrl\":\"https:\\\/\\\/chantnow.com\\\/wp-content\\\/uploads\\\/2023\\\/07\\\/chant-now-logo-circle.png\",\"width\":251,\"height\":251,\"caption\":\"Chant Now\"},\"image\":{\"@id\":\"https:\\\/\\\/chantnow.com\\\/es\\\/#\\\/schema\\\/logo\\\/image\\\/\"}}]}<\/script>\n<!-- \/ Yoast SEO plugin. -->","yoast_head_json":{"title":"Seva Membership Enroll - Paypal - Chant Now","robots":{"index":"index","follow":"follow","max-snippet":"max-snippet:-1","max-image-preview":"max-image-preview:large","max-video-preview":"max-video-preview:-1"},"canonical":"https:\/\/chantnow.com\/es\/seva-membership-enroll-paypal\/","og_locale":"es_ES","og_type":"article","og_title":"Seva Membership Enroll - Paypal - Chant Now","og_description":"Ready to Become a Seva Member!? Let us be your accountability partner and keep you on track. With the Seva Membership you get so much&hellip;","og_url":"https:\/\/chantnow.com\/es\/seva-membership-enroll-paypal\/","og_site_name":"Chant Now","article_modified_time":"2024-02-18T07:30:35+00:00","og_image":[{"url":"https:\/\/chantnow.com\/wp-content\/uploads\/2022\/10\/03ffd24c7c77640e8096859d44c7d81c.jpg","type":"","width":"","height":""}],"twitter_card":"summary_large_image","twitter_misc":{"Tiempo de lectura":"2 minutos"},"schema":{"@context":"https:\/\/schema.org","@graph":[{"@type":"WebPage","@id":"https:\/\/chantnow.com\/seva-membership-enroll-paypal\/","url":"https:\/\/chantnow.com\/seva-membership-enroll-paypal\/","name":"Seva Membership Enroll - Paypal - Chant Now","isPartOf":{"@id":"https:\/\/chantnow.com\/es\/#website"},"primaryImageOfPage":{"@id":"https:\/\/chantnow.com\/seva-membership-enroll-paypal\/#primaryimage"},"image":{"@id":"https:\/\/chantnow.com\/seva-membership-enroll-paypal\/#primaryimage"},"thumbnailUrl":"https:\/\/chantnow.com\/wp-content\/uploads\/2022\/10\/03ffd24c7c77640e8096859d44c7d81c.jpg","datePublished":"2024-02-07T11:28:54+00:00","dateModified":"2024-02-18T07:30:35+00:00","breadcrumb":{"@id":"https:\/\/chantnow.com\/seva-membership-enroll-paypal\/#breadcrumb"},"inLanguage":"es","potentialAction":[{"@type":"ReadAction","target":["https:\/\/chantnow.com\/seva-membership-enroll-paypal\/"]}]},{"@type":"ImageObject","inLanguage":"es","@id":"https:\/\/chantnow.com\/seva-membership-enroll-paypal\/#primaryimage","url":"https:\/\/chantnow.com\/wp-content\/uploads\/2022\/10\/03ffd24c7c77640e8096859d44c7d81c.jpg","contentUrl":"https:\/\/chantnow.com\/wp-content\/uploads\/2022\/10\/03ffd24c7c77640e8096859d44c7d81c.jpg"},{"@type":"BreadcrumbList","@id":"https:\/\/chantnow.com\/seva-membership-enroll-paypal\/#breadcrumb","itemListElement":[{"@type":"ListItem","position":1,"name":"Home","item":"https:\/\/chantnow.com\/"},{"@type":"ListItem","position":2,"name":"Seva Membership Enroll &#8211; Paypal"}]},{"@type":"WebSite","@id":"https:\/\/chantnow.com\/es\/#website","url":"https:\/\/chantnow.com\/es\/","name":"Cantar ahora","description":"Comunidad Bhakti en l\u00ednea","publisher":{"@id":"https:\/\/chantnow.com\/es\/#organization"},"potentialAction":[{"@type":"SearchAction","target":{"@type":"EntryPoint","urlTemplate":"https:\/\/chantnow.com\/es\/?s={search_term_string}"},"query-input":{"@type":"PropertyValueSpecification","valueRequired":true,"valueName":"search_term_string"}}],"inLanguage":"es"},{"@type":"Organization","@id":"https:\/\/chantnow.com\/es\/#organization","name":"Cantar ahora","url":"https:\/\/chantnow.com\/es\/","logo":{"@type":"ImageObject","inLanguage":"es","@id":"https:\/\/chantnow.com\/es\/#\/schema\/logo\/image\/","url":"https:\/\/chantnow.com\/wp-content\/uploads\/2023\/07\/chant-now-logo-circle.png","contentUrl":"https:\/\/chantnow.com\/wp-content\/uploads\/2023\/07\/chant-now-logo-circle.png","width":251,"height":251,"caption":"Chant Now"},"image":{"@id":"https:\/\/chantnow.com\/es\/#\/schema\/logo\/image\/"}}]}},"_links":{"self":[{"href":"https:\/\/chantnow.com\/es\/wp-json\/wp\/v2\/pages\/41100","targetHints":{"allow":["GET"]}}],"collection":[{"href":"https:\/\/chantnow.com\/es\/wp-json\/wp\/v2\/pages"}],"about":[{"href":"https:\/\/chantnow.com\/es\/wp-json\/wp\/v2\/types\/page"}],"author":[{"embeddable":true,"href":"https:\/\/chantnow.com\/es\/wp-json\/wp\/v2\/users\/23"}],"replies":[{"embeddable":true,"href":"https:\/\/chantnow.com\/es\/wp-json\/wp\/v2\/comments?post=41100"}],"version-history":[{"count":8,"href":"https:\/\/chantnow.com\/es\/wp-json\/wp\/v2\/pages\/41100\/revisions"}],"predecessor-version":[{"id":41552,"href":"https:\/\/chantnow.com\/es\/wp-json\/wp\/v2\/pages\/41100\/revisions\/41552"}],"wp:attachment":[{"href":"https:\/\/chantnow.com\/es\/wp-json\/wp\/v2\/media?parent=41100"}],"curies":[{"name":"wp","href":"https:\/\/api.w.org\/{rel}","templated":true}]}}