{"id":40271,"date":"2023-12-08T05:05:00","date_gmt":"2023-12-08T10:05:00","guid":{"rendered":"https:\/\/chantnow.com\/?page_id=40271"},"modified":"2024-04-01T04:03:29","modified_gmt":"2024-04-01T08:03:29","slug":"bhakti-life-community-group-agreement","status":"publish","type":"page","link":"https:\/\/chantnow.com\/es\/bhakti-life-community-group-agreement\/","title":{"rendered":"Acuerdo del Grupo Comunidad Bhakti en Crecimiento"},"content":{"rendered":"<p class=\"has-luminous-vivid-orange-color has-text-color has-link-color wp-elements-5ea6ad8e7ab1c50eebb0ef9d8aa3588b\"><strong>Prop\u00f3sito<\/strong><\/p>\n\n\n\n<p>Los grupos comunitarios son espacios intencionados para que la gente busque relaciones aut\u00e9nticas y crecimiento espiritual con otros que son nuevos en el camino del bhakti.<\/p>\n\n\n\n<p class=\"has-luminous-vivid-orange-color has-text-color has-link-color wp-elements-58f3154d42eff75f79a09a83f8ce3b76\"><strong>Directrices y valores<\/strong><\/p>\n\n\n\n<p><strong>Compromiso<\/strong><\/p>\n\n\n\n<p>Los miembros del grupo son responsables de asistir a un m\u00ednimo de 75% de las reuniones del grupo. Los miembros del grupo honran a los dem\u00e1s participantes y a su propia disciplina espiritual llegando a tiempo, permaneciendo durante toda la reuni\u00f3n y asistiendo al grupo hasta la fecha de finalizaci\u00f3n.<\/p>\n\n\n\n<p><strong>Debate<\/strong><\/p>\n\n\n\n<p>Los miembros del grupo son conscientes de que el debate debe centrarse en la espiritualidad. Los miembros del grupo se sienten libres para compartir sus pensamientos y realizaciones y para expresar dudas y hacer preguntas.<\/p>\n\n\n\n<p><strong>Relaciones<\/strong><\/p>\n\n\n\n<p>Aunque leer El viaje interior y aprender las ense\u00f1anzas esenciales del bhakti es un elemento clave, los grupos est\u00e1n dise\u00f1ados ante todo para facilitar la sangha, o conexiones centradas en la verdad espiritual, que son parte integral del crecimiento espiritual.<\/p>\n\n\n\n<p><strong>Autenticidad<\/strong><\/p>\n\n\n\n<p>El ambiente del grupo est\u00e1 pensado para fomentar la franqueza y la honestidad entre sus miembros. Se trata de un entorno en el que las personas pueden sentirse seguras y c\u00f3modas para ser vulnerables y transparentes sin ser juzgadas.<\/p>\n\n\n\n<p><strong>Confidencialidad<\/strong><\/p>\n\n\n\n<p>Los miembros del grupo conf\u00edan en que todo lo personal que se hable dentro del grupo no se compartir\u00e1 fuera de \u00e9l.<\/p>\n\n\n\n<p><strong>Respetar<\/strong><\/p>\n\n\n\n<p>Los miembros del grupo nunca deben interrumpir, comentar o dar consejos (a menos que se les pida directamente) a otro miembro del grupo. Los miembros del grupo son conscientes de cu\u00e1nto tiempo hablan y no dominan el debate para que todos tengan la oportunidad de ser escuchados y vistos.<\/p>\n\n\n\n<p><strong>Ayuda<\/strong><\/p>\n\n\n\n<p>Los miembros del grupo se ofrecen mutuamente inspiraci\u00f3n en el camino espiritual, compartiendo las alegr\u00edas de las realizaciones y d\u00e1ndose \u00e1nimos en las luchas.<\/p>\n\n\n\n<p class=\"has-luminous-vivid-orange-color has-text-color has-link-color wp-elements-bba8d0cdf20f48852d60a33b5eaccf3f\"><strong>Estructura del grupo<\/strong><\/p>\n\n\n\n<p>El grupo se reunir\u00e1 semanalmente en ___________<\/p>\n\n\n\n<p>La reuni\u00f3n del grupo comenzar\u00e1 puntualmente en ________ y finalizar\u00e1 en ________ EST<\/p>\n\n\n\n<p>La reuni\u00f3n de grupo consistir\u00e1 normalmente en registrarse (10 minutos), leer y debatir (70 minutos) y retirarse (10 minutos).<\/p>\n\n\n\n<p>Este grupo ser\u00e1 un grupo cerrado sin nuevos miembros despu\u00e9s de la segunda reuni\u00f3n.<\/p>\n\n\n\n<p class=\"has-luminous-vivid-orange-color has-text-color has-link-color wp-elements-59a80e26631aec157794ffd55c400edd\"><em><strong>Me comprometo junto con los dem\u00e1s miembros de este grupo a cumplir este acuerdo.<\/strong><\/em><\/p>","protected":false},"excerpt":{"rendered":"<p>Prop\u00f3sito Los grupos comunitarios son espacios intencionales para que las personas busquen relaciones aut\u00e9nticas y crecimiento espiritual con otros que son nuevos en el camino del bhakti. Directrices...<\/p>","protected":false},"author":12,"featured_media":0,"parent":0,"menu_order":0,"comment_status":"closed","ping_status":"closed","template":"","meta":{"content-type":"","pmpro_default_level":"","footnotes":""},"class_list":["post-40271","page","type-page","status-publish","hentry","pmpro-has-access"],"yoast_head":"<!-- This site is optimized with the Yoast SEO plugin v27.3 - https:\/\/yoast.com\/product\/yoast-seo-wordpress\/ -->\n<title>Growing Bhakti Community Group Agreement - Chant Now<\/title>\n<meta name=\"robots\" content=\"index, follow, max-snippet:-1, max-image-preview:large, max-video-preview:-1\" \/>\n<link rel=\"canonical\" href=\"https:\/\/chantnow.com\/es\/bhakti-life-community-group-agreement\/\" \/>\n<meta property=\"og:locale\" content=\"es_ES\" \/>\n<meta property=\"og:type\" content=\"article\" \/>\n<meta property=\"og:title\" content=\"Growing Bhakti Community Group Agreement - Chant Now\" \/>\n<meta property=\"og:description\" content=\"Purpose Community groups are intentional spaces for people to pursue authentic relationships and spiritual growth with others who are new to the bhakti path. Guidelines&hellip;\" \/>\n<meta property=\"og:url\" content=\"https:\/\/chantnow.com\/es\/bhakti-life-community-group-agreement\/\" \/>\n<meta property=\"og:site_name\" content=\"Chant Now\" \/>\n<meta property=\"article:modified_time\" content=\"2024-04-01T08:03:29+00:00\" \/>\n<meta name=\"twitter:card\" content=\"summary_large_image\" \/>\n<meta name=\"twitter:label1\" content=\"Tiempo de lectura\" \/>\n\t<meta name=\"twitter:data1\" content=\"2 minutos\" \/>\n<script type=\"application\/ld+json\" class=\"yoast-schema-graph\">{\"@context\":\"https:\\\/\\\/schema.org\",\"@graph\":[{\"@type\":\"WebPage\",\"@id\":\"https:\\\/\\\/chantnow.com\\\/bhakti-life-community-group-agreement\\\/\",\"url\":\"https:\\\/\\\/chantnow.com\\\/bhakti-life-community-group-agreement\\\/\",\"name\":\"Growing Bhakti Community Group Agreement - Chant Now\",\"isPartOf\":{\"@id\":\"https:\\\/\\\/chantnow.com\\\/es\\\/#website\"},\"datePublished\":\"2023-12-08T10:05:00+00:00\",\"dateModified\":\"2024-04-01T08:03:29+00:00\",\"breadcrumb\":{\"@id\":\"https:\\\/\\\/chantnow.com\\\/bhakti-life-community-group-agreement\\\/#breadcrumb\"},\"inLanguage\":\"es\",\"potentialAction\":[{\"@type\":\"ReadAction\",\"target\":[\"https:\\\/\\\/chantnow.com\\\/bhakti-life-community-group-agreement\\\/\"]}]},{\"@type\":\"BreadcrumbList\",\"@id\":\"https:\\\/\\\/chantnow.com\\\/bhakti-life-community-group-agreement\\\/#breadcrumb\",\"itemListElement\":[{\"@type\":\"ListItem\",\"position\":1,\"name\":\"Home\",\"item\":\"https:\\\/\\\/chantnow.com\\\/\"},{\"@type\":\"ListItem\",\"position\":2,\"name\":\"Growing Bhakti Community Group Agreement\"}]},{\"@type\":\"WebSite\",\"@id\":\"https:\\\/\\\/chantnow.com\\\/es\\\/#website\",\"url\":\"https:\\\/\\\/chantnow.com\\\/es\\\/\",\"name\":\"Chant Now\",\"description\":\"Online Bhakti Community\",\"publisher\":{\"@id\":\"https:\\\/\\\/chantnow.com\\\/es\\\/#organization\"},\"potentialAction\":[{\"@type\":\"SearchAction\",\"target\":{\"@type\":\"EntryPoint\",\"urlTemplate\":\"https:\\\/\\\/chantnow.com\\\/es\\\/?s={search_term_string}\"},\"query-input\":{\"@type\":\"PropertyValueSpecification\",\"valueRequired\":true,\"valueName\":\"search_term_string\"}}],\"inLanguage\":\"es\"},{\"@type\":\"Organization\",\"@id\":\"https:\\\/\\\/chantnow.com\\\/es\\\/#organization\",\"name\":\"Chant Now\",\"url\":\"https:\\\/\\\/chantnow.com\\\/es\\\/\",\"logo\":{\"@type\":\"ImageObject\",\"inLanguage\":\"es\",\"@id\":\"https:\\\/\\\/chantnow.com\\\/es\\\/#\\\/schema\\\/logo\\\/image\\\/\",\"url\":\"https:\\\/\\\/chantnow.com\\\/wp-content\\\/uploads\\\/2023\\\/07\\\/chant-now-logo-circle.png\",\"contentUrl\":\"https:\\\/\\\/chantnow.com\\\/wp-content\\\/uploads\\\/2023\\\/07\\\/chant-now-logo-circle.png\",\"width\":251,\"height\":251,\"caption\":\"Chant Now\"},\"image\":{\"@id\":\"https:\\\/\\\/chantnow.com\\\/es\\\/#\\\/schema\\\/logo\\\/image\\\/\"}}]}<\/script>\n<!-- \/ Yoast SEO plugin. -->","yoast_head_json":{"title":"Acuerdo de Grupo de la Comunidad Bhakti en Crecimiento - Chant Now","robots":{"index":"index","follow":"follow","max-snippet":"max-snippet:-1","max-image-preview":"max-image-preview:large","max-video-preview":"max-video-preview:-1"},"canonical":"https:\/\/chantnow.com\/es\/bhakti-life-community-group-agreement\/","og_locale":"es_ES","og_type":"article","og_title":"Growing Bhakti Community Group Agreement - Chant Now","og_description":"Purpose Community groups are intentional spaces for people to pursue authentic relationships and spiritual growth with others who are new to the bhakti path. Guidelines&hellip;","og_url":"https:\/\/chantnow.com\/es\/bhakti-life-community-group-agreement\/","og_site_name":"Chant Now","article_modified_time":"2024-04-01T08:03:29+00:00","twitter_card":"summary_large_image","twitter_misc":{"Tiempo de lectura":"2 minutos"},"schema":{"@context":"https:\/\/schema.org","@graph":[{"@type":"WebPage","@id":"https:\/\/chantnow.com\/bhakti-life-community-group-agreement\/","url":"https:\/\/chantnow.com\/bhakti-life-community-group-agreement\/","name":"Acuerdo de Grupo de la Comunidad Bhakti en Crecimiento - Chant Now","isPartOf":{"@id":"https:\/\/chantnow.com\/es\/#website"},"datePublished":"2023-12-08T10:05:00+00:00","dateModified":"2024-04-01T08:03:29+00:00","breadcrumb":{"@id":"https:\/\/chantnow.com\/bhakti-life-community-group-agreement\/#breadcrumb"},"inLanguage":"es","potentialAction":[{"@type":"ReadAction","target":["https:\/\/chantnow.com\/bhakti-life-community-group-agreement\/"]}]},{"@type":"BreadcrumbList","@id":"https:\/\/chantnow.com\/bhakti-life-community-group-agreement\/#breadcrumb","itemListElement":[{"@type":"ListItem","position":1,"name":"Home","item":"https:\/\/chantnow.com\/"},{"@type":"ListItem","position":2,"name":"Growing Bhakti Community Group Agreement"}]},{"@type":"WebSite","@id":"https:\/\/chantnow.com\/es\/#website","url":"https:\/\/chantnow.com\/es\/","name":"Cantar ahora","description":"Comunidad Bhakti en l\u00ednea","publisher":{"@id":"https:\/\/chantnow.com\/es\/#organization"},"potentialAction":[{"@type":"SearchAction","target":{"@type":"EntryPoint","urlTemplate":"https:\/\/chantnow.com\/es\/?s={search_term_string}"},"query-input":{"@type":"PropertyValueSpecification","valueRequired":true,"valueName":"search_term_string"}}],"inLanguage":"es"},{"@type":"Organization","@id":"https:\/\/chantnow.com\/es\/#organization","name":"Cantar ahora","url":"https:\/\/chantnow.com\/es\/","logo":{"@type":"ImageObject","inLanguage":"es","@id":"https:\/\/chantnow.com\/es\/#\/schema\/logo\/image\/","url":"https:\/\/chantnow.com\/wp-content\/uploads\/2023\/07\/chant-now-logo-circle.png","contentUrl":"https:\/\/chantnow.com\/wp-content\/uploads\/2023\/07\/chant-now-logo-circle.png","width":251,"height":251,"caption":"Chant Now"},"image":{"@id":"https:\/\/chantnow.com\/es\/#\/schema\/logo\/image\/"}}]}},"_links":{"self":[{"href":"https:\/\/chantnow.com\/es\/wp-json\/wp\/v2\/pages\/40271","targetHints":{"allow":["GET"]}}],"collection":[{"href":"https:\/\/chantnow.com\/es\/wp-json\/wp\/v2\/pages"}],"about":[{"href":"https:\/\/chantnow.com\/es\/wp-json\/wp\/v2\/types\/page"}],"author":[{"embeddable":true,"href":"https:\/\/chantnow.com\/es\/wp-json\/wp\/v2\/users\/12"}],"replies":[{"embeddable":true,"href":"https:\/\/chantnow.com\/es\/wp-json\/wp\/v2\/comments?post=40271"}],"version-history":[{"count":2,"href":"https:\/\/chantnow.com\/es\/wp-json\/wp\/v2\/pages\/40271\/revisions"}],"predecessor-version":[{"id":42041,"href":"https:\/\/chantnow.com\/es\/wp-json\/wp\/v2\/pages\/40271\/revisions\/42041"}],"wp:attachment":[{"href":"https:\/\/chantnow.com\/es\/wp-json\/wp\/v2\/media?parent=40271"}],"curies":[{"name":"wp","href":"https:\/\/api.w.org\/{rel}","templated":true}]}}