{"id":38960,"date":"2023-09-25T06:25:56","date_gmt":"2023-09-25T10:25:56","guid":{"rendered":"https:\/\/chantnow.com\/?page_id=38960"},"modified":"2024-05-21T07:48:25","modified_gmt":"2024-05-21T11:48:25","slug":"all-events","status":"publish","type":"page","link":"https:\/\/chantnow.com\/es\/all-events\/","title":{"rendered":"Todos los eventos"},"content":{"rendered":"<div data-elementor-type=\"wp-page\" data-elementor-id=\"38960\" class=\"elementor elementor-38960\" data-elementor-post-type=\"page\">\n\t\t\t\t\t\t<section class=\"elementor-section elementor-top-section elementor-element elementor-element-b83590c elementor-section-full_width elementor-section-height-default elementor-section-height-default\" data-id=\"b83590c\" data-element_type=\"section\" data-e-type=\"section\">\n\t\t\t\t\t\t<div class=\"elementor-container elementor-column-gap-default\">\n\t\t\t\t\t<div class=\"elementor-column elementor-col-100 elementor-top-column elementor-element elementor-element-6c5d0099\" data-id=\"6c5d0099\" data-element_type=\"column\" data-e-type=\"column\">\n\t\t\t<div class=\"elementor-widget-wrap elementor-element-populated\">\n\t\t\t\t\t\t<div class=\"elementor-element elementor-element-62cebf62 elementor--h-position-center elementor--v-position-middle elementor-widget elementor-widget-slides\" data-id=\"62cebf62\" data-element_type=\"widget\" data-e-type=\"widget\" data-settings=\"{&quot;navigation&quot;:&quot;none&quot;,&quot;transition&quot;:&quot;slide&quot;,&quot;transition_speed&quot;:500}\" data-widget_type=\"slides.default\">\n\t\t\t\t<div class=\"elementor-widget-container\">\n\t\t\t\t\t\t\t\t\t<div class=\"elementor-swiper\">\n\t\t\t\t\t<div class=\"elementor-slides-wrapper elementor-main-swiper swiper\" role=\"region\" aria-roledescription=\"carousel\" aria-label=\"Slides\" dir=\"ltr\" data-animation=\"fadeInUp\">\n\t\t\t\t<div class=\"swiper-wrapper elementor-slides\">\n\t\t\t\t\t\t\t\t\t\t<div class=\"elementor-repeater-item-f21df76 swiper-slide\" role=\"group\" aria-roledescription=\"slide\"><div class=\"swiper-slide-bg elementor-ken-burns elementor-ken-burns--in\" role=\"img\"><\/div><div class=\"elementor-background-overlay\"><\/div><div class=\"swiper-slide-inner\" ><div class=\"swiper-slide-contents\"><div class=\"elementor-slide-heading\">Todos los eventos<\/div><div class=\"elementor-slide-description\">Todos los actos pr\u00f3ximos y pasados pueden consultarse aqu\u00ed<\/div><\/div><\/div><\/div>\t\t\t\t<\/div>\n\t\t\t\t\t\t\t<\/div>\n\t\t\t\t<\/div>\n\t\t\t\t\t\t\t\t<\/div>\n\t\t\t\t<\/div>\n\t\t\t\t\t<\/div>\n\t\t<\/div>\n\t\t\t\t\t<\/div>\n\t\t<\/section>\n\t\t<div class=\"elementor-element elementor-element-2b553f8 e-flex e-con-boxed e-con e-parent\" data-id=\"2b553f8\" data-element_type=\"container\" data-e-type=\"container\">\n\t\t\t\t\t<div class=\"e-con-inner\">\n\t\t\t\t<div class=\"elementor-element elementor-element-a76c0fc elementor-widget elementor-widget-heading\" data-id=\"a76c0fc\" data-element_type=\"widget\" data-e-type=\"widget\" data-widget_type=\"heading.default\">\n\t\t\t\t<div class=\"elementor-widget-container\">\n\t\t\t\t\t<h2 class=\"elementor-heading-title elementor-size-default\">Pr\u00f3ximos seminarios web<\/h2>\t\t\t\t<\/div>\n\t\t\t\t<\/div>\n\t\t\t\t<div class=\"elementor-element elementor-element-e70ff97 elementor-widget elementor-widget-text-editor\" data-id=\"e70ff97\" data-element_type=\"widget\" data-e-type=\"widget\" data-widget_type=\"text-editor.default\">\n\t\t\t\t<div class=\"elementor-widget-container\">\n\t\t\t\t\t\t\t\t\t<p class=\"Standard\"><span lang=\"EN-US\" style=\"font-size:14.0pt\">Exploradores\n\u00a1\u00a1\u00a1Viernes!!!<o:p><\/o:p><\/span><\/p>\t\t\t\t\t\t\t\t<\/div>\n\t\t\t\t<\/div>\n\t\t\t\t<div class=\"elementor-element elementor-element-1a25289 elementor-widget elementor-widget-shortcode\" data-id=\"1a25289\" data-element_type=\"widget\" data-e-type=\"widget\" data-widget_type=\"shortcode.default\">\n\t\t\t\t<div class=\"elementor-widget-container\">\n\t\t\t\t\t\t\t<div class=\"elementor-shortcode\"><div class=\"mec-wrap mec-skin-grid-container\" id=\"mec_skin_41261\">\r\n\r\n    <form id=\"mec_search_form_41261\" class=\"mec-search-form mec-totalcal-box mec-dropdown-classic\" autocomplete=\"off\" action=\"\"><div class=\"mec-dropdown-wrap\" ><div class=\"mec-dropdown-search\"><label for=\"mec_sf_category_41261\">Categor\u00eda: <\/label><i class=\"mec-sl-folder\"><\/i><select  name=' ' id='mec_sf_category_41261' class='postform'>\n\t<option value=''>Categor\u00eda<\/option>\n\t<option class=\"level-0\" value=\"224\">Iniciaci\u00f3n al Bhakti<\/option>\n\t<option class=\"level-0\" value=\"245\">Explorador Bhakti<\/option>\n<\/select>\n<\/div><\/div><div class=\"mec-text-input-search\"><label for=\"mec_sf_s_41261\">Texto: <\/label><i class=\"mec-sl-magnifier\"><\/i>\r\n                    <input type=\"search\" value=\"\" id=\"mec_sf_s_41261\" placeholder=\"\" title=\"\" \/>\r\n                <\/div><input type=\"hidden\" name=\"trp-form-language\" value=\"es\"\/><\/form>\r\n        <div class=\"mec-skin-grid-events-container\" id=\"mec_skin_events_41261\">\r\n        \u00a1No hay eventos!    <\/div>\r\n    \r\n    \r\n<\/div>\r\n<\/div>\n\t\t\t\t\t\t<\/div>\n\t\t\t\t<\/div>\n\t\t\t\t<div class=\"elementor-element elementor-element-12d98dc elementor-widget elementor-widget-heading\" data-id=\"12d98dc\" data-element_type=\"widget\" data-e-type=\"widget\" data-widget_type=\"heading.default\">\n\t\t\t\t<div class=\"elementor-widget-container\">\n\t\t\t\t\t<h2 class=\"elementor-heading-title elementor-size-default\">Reuniones de grupo<\/h2>\t\t\t\t<\/div>\n\t\t\t\t<\/div>\n\t\t\t\t<div class=\"elementor-element elementor-element-53dcb71 elementor-widget elementor-widget-shortcode\" data-id=\"53dcb71\" data-element_type=\"widget\" data-e-type=\"widget\" data-widget_type=\"shortcode.default\">\n\t\t\t\t<div class=\"elementor-widget-container\">\n\t\t\t\t\t\t\t<div class=\"elementor-shortcode\"><div class=\"mec-wrap mec-skin-grid-container\" id=\"mec_skin_41261\">\r\n\r\n    <form id=\"mec_search_form_41261\" class=\"mec-search-form mec-totalcal-box mec-dropdown-classic\" autocomplete=\"off\" action=\"\"><div class=\"mec-dropdown-wrap\" ><div class=\"mec-dropdown-search\"><label for=\"mec_sf_category_41261\">Categor\u00eda: <\/label><i class=\"mec-sl-folder\"><\/i><select  name=' ' id='mec_sf_category_41261' class='postform'>\n\t<option value=''>Categor\u00eda<\/option>\n\t<option class=\"level-0\" value=\"224\">Iniciaci\u00f3n al Bhakti<\/option>\n\t<option class=\"level-0\" value=\"245\">Explorador Bhakti<\/option>\n<\/select>\n<\/div><\/div><div class=\"mec-text-input-search\"><label for=\"mec_sf_s_41261\">Texto: <\/label><i class=\"mec-sl-magnifier\"><\/i>\r\n                    <input type=\"search\" value=\"\" id=\"mec_sf_s_41261\" placeholder=\"\" title=\"\" \/>\r\n                <\/div><input type=\"hidden\" name=\"trp-form-language\" value=\"es\"\/><\/form>\r\n        <div class=\"mec-skin-grid-events-container\" id=\"mec_skin_events_41261\">\r\n        \u00a1No hay eventos!    <\/div>\r\n    \r\n    \r\n<\/div>\r\n<\/div>\n\t\t\t\t\t\t<\/div>\n\t\t\t\t<\/div>\n\t\t\t\t<div class=\"elementor-element elementor-element-8510caf elementor-widget elementor-widget-heading\" data-id=\"8510caf\" data-element_type=\"widget\" data-e-type=\"widget\" data-widget_type=\"heading.default\">\n\t\t\t\t<div class=\"elementor-widget-container\">\n\t\t\t\t\t<h2 class=\"elementor-heading-title elementor-size-default\">Seminarios anteriores<\/h2>\t\t\t\t<\/div>\n\t\t\t\t<\/div>\n\t\t<div class=\"elementor-element elementor-element-3d1c936 e-flex e-con-boxed e-con e-child\" data-id=\"3d1c936\" data-element_type=\"container\" data-e-type=\"container\">\n\t\t\t\t\t<div class=\"e-con-inner\">\n\t\t<div class=\"elementor-element elementor-element-f659870 e-con-full e-flex e-con e-child\" data-id=\"f659870\" data-element_type=\"container\" data-e-type=\"container\">\n\t\t\t\t<div class=\"elementor-element elementor-element-238a39c elementor-widget elementor-widget-video\" data-id=\"238a39c\" data-element_type=\"widget\" data-e-type=\"widget\" data-settings=\"{&quot;youtube_url&quot;:&quot;https:\\\/\\\/www.youtube.com\\\/watch?v=I61Hd7m9-3E&amp;list=PLuRVvlKh5Z88Y7AmF-2Elt74fct9XJ4cl&amp;index=1&amp;pp=iAQB&quot;,&quot;video_type&quot;:&quot;youtube&quot;,&quot;controls&quot;:&quot;yes&quot;}\" data-widget_type=\"video.default\">\n\t\t\t\t<div class=\"elementor-widget-container\">\n\t\t\t\t\t\t\t<div class=\"elementor-wrapper elementor-open-inline\">\n\t\t\t<div class=\"elementor-video\"><\/div>\t\t<\/div>\n\t\t\t\t\t\t<\/div>\n\t\t\t\t<\/div>\n\t\t\t\t<\/div>\n\t\t<div class=\"elementor-element elementor-element-47d3914 e-con-full e-flex e-con e-child\" data-id=\"47d3914\" data-element_type=\"container\" data-e-type=\"container\">\n\t\t\t\t<div class=\"elementor-element elementor-element-1fbea73 elementor-widget elementor-widget-video\" data-id=\"1fbea73\" data-element_type=\"widget\" data-e-type=\"widget\" data-settings=\"{&quot;youtube_url&quot;:&quot;https:\\\/\\\/www.youtube.com\\\/watch?v=Vzu-PtIygtM&amp;list=PLuRVvlKh5Z88Y7AmF-2Elt74fct9XJ4cl&amp;index=2&amp;pp=iAQB&quot;,&quot;video_type&quot;:&quot;youtube&quot;,&quot;controls&quot;:&quot;yes&quot;}\" data-widget_type=\"video.default\">\n\t\t\t\t<div class=\"elementor-widget-container\">\n\t\t\t\t\t\t\t<div class=\"elementor-wrapper elementor-open-inline\">\n\t\t\t<div class=\"elementor-video\"><\/div>\t\t<\/div>\n\t\t\t\t\t\t<\/div>\n\t\t\t\t<\/div>\n\t\t\t\t<\/div>\n\t\t\t\t\t<\/div>\n\t\t\t\t<\/div>\n\t\t<div class=\"elementor-element elementor-element-37a4b57 e-flex e-con-boxed e-con e-child\" data-id=\"37a4b57\" data-element_type=\"container\" data-e-type=\"container\">\n\t\t\t\t\t<div class=\"e-con-inner\">\n\t\t<div class=\"elementor-element elementor-element-50ae6d9 e-con-full e-flex e-con e-child\" data-id=\"50ae6d9\" data-element_type=\"container\" data-e-type=\"container\">\n\t\t\t\t<div class=\"elementor-element elementor-element-3ab9c2b elementor-widget elementor-widget-video\" data-id=\"3ab9c2b\" data-element_type=\"widget\" data-e-type=\"widget\" data-settings=\"{&quot;youtube_url&quot;:&quot;https:\\\/\\\/www.youtube.com\\\/watch?v=n50xX2hGPmk&amp;list=PLuRVvlKh5Z8_0WimBVrvtki9YU6e3tjj4&amp;index=1&amp;pp=iAQB&quot;,&quot;video_type&quot;:&quot;youtube&quot;,&quot;controls&quot;:&quot;yes&quot;}\" data-widget_type=\"video.default\">\n\t\t\t\t<div class=\"elementor-widget-container\">\n\t\t\t\t\t\t\t<div class=\"elementor-wrapper elementor-open-inline\">\n\t\t\t<div class=\"elementor-video\"><\/div>\t\t<\/div>\n\t\t\t\t\t\t<\/div>\n\t\t\t\t<\/div>\n\t\t\t\t<\/div>\n\t\t<div class=\"elementor-element elementor-element-328c64b e-con-full e-flex e-con e-child\" data-id=\"328c64b\" data-element_type=\"container\" data-e-type=\"container\">\n\t\t\t\t<div class=\"elementor-element elementor-element-61d43ed elementor-widget elementor-widget-video\" data-id=\"61d43ed\" data-element_type=\"widget\" data-e-type=\"widget\" data-settings=\"{&quot;youtube_url&quot;:&quot;https:\\\/\\\/www.youtube.com\\\/watch?v=RzOBXdruHkc&amp;list=PLuRVvlKh5Z8_0WimBVrvtki9YU6e3tjj4&amp;index=2&amp;pp=iAQB&quot;,&quot;video_type&quot;:&quot;youtube&quot;,&quot;controls&quot;:&quot;yes&quot;}\" data-widget_type=\"video.default\">\n\t\t\t\t<div class=\"elementor-widget-container\">\n\t\t\t\t\t\t\t<div class=\"elementor-wrapper elementor-open-inline\">\n\t\t\t<div class=\"elementor-video\"><\/div>\t\t<\/div>\n\t\t\t\t\t\t<\/div>\n\t\t\t\t<\/div>\n\t\t\t\t<\/div>\n\t\t\t\t\t<\/div>\n\t\t\t\t<\/div>\n\t\t<div class=\"elementor-element elementor-element-27d97c2 e-flex e-con-boxed e-con e-child\" data-id=\"27d97c2\" data-element_type=\"container\" data-e-type=\"container\">\n\t\t\t\t\t<div class=\"e-con-inner\">\n\t\t<div class=\"elementor-element elementor-element-ec78266 e-con-full e-flex e-con e-child\" data-id=\"ec78266\" data-element_type=\"container\" data-e-type=\"container\">\n\t\t\t\t<div class=\"elementor-element elementor-element-571ec73 elementor-widget elementor-widget-video\" data-id=\"571ec73\" data-element_type=\"widget\" data-e-type=\"widget\" data-settings=\"{&quot;youtube_url&quot;:&quot;https:\\\/\\\/www.youtube.com\\\/watch?v=FwD5HUIuNd8&amp;list=PLuRVvlKh5Z8_0WimBVrvtki9YU6e3tjj4&amp;index=3&amp;pp=iAQB&quot;,&quot;video_type&quot;:&quot;youtube&quot;,&quot;controls&quot;:&quot;yes&quot;}\" data-widget_type=\"video.default\">\n\t\t\t\t<div class=\"elementor-widget-container\">\n\t\t\t\t\t\t\t<div class=\"elementor-wrapper elementor-open-inline\">\n\t\t\t<div class=\"elementor-video\"><\/div>\t\t<\/div>\n\t\t\t\t\t\t<\/div>\n\t\t\t\t<\/div>\n\t\t\t\t<\/div>\n\t\t<div class=\"elementor-element elementor-element-c42faef e-con-full e-flex e-con e-child\" data-id=\"c42faef\" data-element_type=\"container\" data-e-type=\"container\">\n\t\t\t\t<div class=\"elementor-element elementor-element-c94de4b elementor-widget elementor-widget-video\" data-id=\"c94de4b\" data-element_type=\"widget\" data-e-type=\"widget\" data-settings=\"{&quot;youtube_url&quot;:&quot;https:\\\/\\\/www.youtube.com\\\/watch?v=UQh50mXcc6I&amp;list=PLuRVvlKh5Z8_0WimBVrvtki9YU6e3tjj4&amp;index=4&amp;pp=iAQB&quot;,&quot;video_type&quot;:&quot;youtube&quot;,&quot;controls&quot;:&quot;yes&quot;}\" data-widget_type=\"video.default\">\n\t\t\t\t<div class=\"elementor-widget-container\">\n\t\t\t\t\t\t\t<div class=\"elementor-wrapper elementor-open-inline\">\n\t\t\t<div class=\"elementor-video\"><\/div>\t\t<\/div>\n\t\t\t\t\t\t<\/div>\n\t\t\t\t<\/div>\n\t\t\t\t<\/div>\n\t\t\t\t\t<\/div>\n\t\t\t\t<\/div>\n\t\t\t\t\t<\/div>\n\t\t\t\t<\/div>\n\t\t\t\t<\/div>","protected":false},"excerpt":{"rendered":"<p>Todos los eventosTodos los eventos pr\u00f3ximos y pasados pueden verse aqu\u00ed Pr\u00f3ximos seminarios web \u00a1Exploradores viernes! Reuniones de grupo Webinarios anteriores<\/p>","protected":false},"author":12,"featured_media":0,"parent":0,"menu_order":0,"comment_status":"closed","ping_status":"closed","template":"","meta":{"content-type":"","pmpro_default_level":"","footnotes":""},"class_list":["post-38960","page","type-page","status-publish","hentry","pmpro-has-access"],"yoast_head":"<!-- This site is optimized with the Yoast SEO plugin v27.3 - https:\/\/yoast.com\/product\/yoast-seo-wordpress\/ -->\n<title>All Events - Chant Now<\/title>\n<meta name=\"robots\" content=\"index, follow, max-snippet:-1, max-image-preview:large, max-video-preview:-1\" \/>\n<link rel=\"canonical\" href=\"https:\/\/chantnow.com\/es\/all-events\/\" \/>\n<meta property=\"og:locale\" content=\"es_ES\" \/>\n<meta property=\"og:type\" content=\"article\" \/>\n<meta property=\"og:title\" content=\"All Events - Chant Now\" \/>\n<meta property=\"og:description\" content=\"All EventsAll the upcoming and past events can be seen here Upcoming Webinars Exploradores viernes!! Group Meetings Past Webinars\" \/>\n<meta property=\"og:url\" content=\"https:\/\/chantnow.com\/es\/all-events\/\" \/>\n<meta property=\"og:site_name\" content=\"Chant Now\" \/>\n<meta property=\"article:modified_time\" content=\"2024-05-21T11:48:25+00:00\" \/>\n<meta name=\"twitter:card\" content=\"summary_large_image\" \/>\n<meta name=\"twitter:label1\" content=\"Tiempo de lectura\" \/>\n\t<meta name=\"twitter:data1\" content=\"1 minuto\" \/>\n<script type=\"application\/ld+json\" class=\"yoast-schema-graph\">{\"@context\":\"https:\\\/\\\/schema.org\",\"@graph\":[{\"@type\":\"WebPage\",\"@id\":\"https:\\\/\\\/chantnow.com\\\/all-events\\\/\",\"url\":\"https:\\\/\\\/chantnow.com\\\/all-events\\\/\",\"name\":\"All Events - Chant Now\",\"isPartOf\":{\"@id\":\"https:\\\/\\\/chantnow.com\\\/es\\\/#website\"},\"datePublished\":\"2023-09-25T10:25:56+00:00\",\"dateModified\":\"2024-05-21T11:48:25+00:00\",\"breadcrumb\":{\"@id\":\"https:\\\/\\\/chantnow.com\\\/all-events\\\/#breadcrumb\"},\"inLanguage\":\"es\",\"potentialAction\":[{\"@type\":\"ReadAction\",\"target\":[\"https:\\\/\\\/chantnow.com\\\/all-events\\\/\"]}]},{\"@type\":\"BreadcrumbList\",\"@id\":\"https:\\\/\\\/chantnow.com\\\/all-events\\\/#breadcrumb\",\"itemListElement\":[{\"@type\":\"ListItem\",\"position\":1,\"name\":\"Home\",\"item\":\"https:\\\/\\\/chantnow.com\\\/\"},{\"@type\":\"ListItem\",\"position\":2,\"name\":\"All Events\"}]},{\"@type\":\"WebSite\",\"@id\":\"https:\\\/\\\/chantnow.com\\\/es\\\/#website\",\"url\":\"https:\\\/\\\/chantnow.com\\\/es\\\/\",\"name\":\"Chant Now\",\"description\":\"Online Bhakti Community\",\"publisher\":{\"@id\":\"https:\\\/\\\/chantnow.com\\\/es\\\/#organization\"},\"potentialAction\":[{\"@type\":\"SearchAction\",\"target\":{\"@type\":\"EntryPoint\",\"urlTemplate\":\"https:\\\/\\\/chantnow.com\\\/es\\\/?s={search_term_string}\"},\"query-input\":{\"@type\":\"PropertyValueSpecification\",\"valueRequired\":true,\"valueName\":\"search_term_string\"}}],\"inLanguage\":\"es\"},{\"@type\":\"Organization\",\"@id\":\"https:\\\/\\\/chantnow.com\\\/es\\\/#organization\",\"name\":\"Chant Now\",\"url\":\"https:\\\/\\\/chantnow.com\\\/es\\\/\",\"logo\":{\"@type\":\"ImageObject\",\"inLanguage\":\"es\",\"@id\":\"https:\\\/\\\/chantnow.com\\\/es\\\/#\\\/schema\\\/logo\\\/image\\\/\",\"url\":\"https:\\\/\\\/chantnow.com\\\/wp-content\\\/uploads\\\/2023\\\/07\\\/chant-now-logo-circle.png\",\"contentUrl\":\"https:\\\/\\\/chantnow.com\\\/wp-content\\\/uploads\\\/2023\\\/07\\\/chant-now-logo-circle.png\",\"width\":251,\"height\":251,\"caption\":\"Chant Now\"},\"image\":{\"@id\":\"https:\\\/\\\/chantnow.com\\\/es\\\/#\\\/schema\\\/logo\\\/image\\\/\"}}]}<\/script>\n<!-- \/ Yoast SEO plugin. -->","yoast_head_json":{"title":"Todos los eventos - Chant Now","robots":{"index":"index","follow":"follow","max-snippet":"max-snippet:-1","max-image-preview":"max-image-preview:large","max-video-preview":"max-video-preview:-1"},"canonical":"https:\/\/chantnow.com\/es\/all-events\/","og_locale":"es_ES","og_type":"article","og_title":"All Events - Chant Now","og_description":"All EventsAll the upcoming and past events can be seen here Upcoming Webinars Exploradores viernes!! Group Meetings Past Webinars","og_url":"https:\/\/chantnow.com\/es\/all-events\/","og_site_name":"Chant Now","article_modified_time":"2024-05-21T11:48:25+00:00","twitter_card":"summary_large_image","twitter_misc":{"Tiempo de lectura":"1 minuto"},"schema":{"@context":"https:\/\/schema.org","@graph":[{"@type":"WebPage","@id":"https:\/\/chantnow.com\/all-events\/","url":"https:\/\/chantnow.com\/all-events\/","name":"Todos los eventos - Chant Now","isPartOf":{"@id":"https:\/\/chantnow.com\/es\/#website"},"datePublished":"2023-09-25T10:25:56+00:00","dateModified":"2024-05-21T11:48:25+00:00","breadcrumb":{"@id":"https:\/\/chantnow.com\/all-events\/#breadcrumb"},"inLanguage":"es","potentialAction":[{"@type":"ReadAction","target":["https:\/\/chantnow.com\/all-events\/"]}]},{"@type":"BreadcrumbList","@id":"https:\/\/chantnow.com\/all-events\/#breadcrumb","itemListElement":[{"@type":"ListItem","position":1,"name":"Home","item":"https:\/\/chantnow.com\/"},{"@type":"ListItem","position":2,"name":"All Events"}]},{"@type":"WebSite","@id":"https:\/\/chantnow.com\/es\/#website","url":"https:\/\/chantnow.com\/es\/","name":"Cantar ahora","description":"Comunidad Bhakti en l\u00ednea","publisher":{"@id":"https:\/\/chantnow.com\/es\/#organization"},"potentialAction":[{"@type":"SearchAction","target":{"@type":"EntryPoint","urlTemplate":"https:\/\/chantnow.com\/es\/?s={search_term_string}"},"query-input":{"@type":"PropertyValueSpecification","valueRequired":true,"valueName":"search_term_string"}}],"inLanguage":"es"},{"@type":"Organization","@id":"https:\/\/chantnow.com\/es\/#organization","name":"Cantar ahora","url":"https:\/\/chantnow.com\/es\/","logo":{"@type":"ImageObject","inLanguage":"es","@id":"https:\/\/chantnow.com\/es\/#\/schema\/logo\/image\/","url":"https:\/\/chantnow.com\/wp-content\/uploads\/2023\/07\/chant-now-logo-circle.png","contentUrl":"https:\/\/chantnow.com\/wp-content\/uploads\/2023\/07\/chant-now-logo-circle.png","width":251,"height":251,"caption":"Chant Now"},"image":{"@id":"https:\/\/chantnow.com\/es\/#\/schema\/logo\/image\/"}}]}},"_links":{"self":[{"href":"https:\/\/chantnow.com\/es\/wp-json\/wp\/v2\/pages\/38960","targetHints":{"allow":["GET"]}}],"collection":[{"href":"https:\/\/chantnow.com\/es\/wp-json\/wp\/v2\/pages"}],"about":[{"href":"https:\/\/chantnow.com\/es\/wp-json\/wp\/v2\/types\/page"}],"author":[{"embeddable":true,"href":"https:\/\/chantnow.com\/es\/wp-json\/wp\/v2\/users\/12"}],"replies":[{"embeddable":true,"href":"https:\/\/chantnow.com\/es\/wp-json\/wp\/v2\/comments?post=38960"}],"version-history":[{"count":64,"href":"https:\/\/chantnow.com\/es\/wp-json\/wp\/v2\/pages\/38960\/revisions"}],"predecessor-version":[{"id":42200,"href":"https:\/\/chantnow.com\/es\/wp-json\/wp\/v2\/pages\/38960\/revisions\/42200"}],"wp:attachment":[{"href":"https:\/\/chantnow.com\/es\/wp-json\/wp\/v2\/media?parent=38960"}],"curies":[{"name":"wp","href":"https:\/\/api.w.org\/{rel}","templated":true}]}}