{"id":38770,"date":"2023-09-12T07:40:16","date_gmt":"2023-09-12T11:40:16","guid":{"rendered":"https:\/\/chantnow.com\/?page_id=38770"},"modified":"2023-10-27T03:34:28","modified_gmt":"2023-10-27T07:34:28","slug":"bhakti-a-view-from-above-2","status":"publish","type":"page","link":"https:\/\/chantnow.com\/es\/bhakti-a-view-from-above-2\/","title":{"rendered":"Bhakti: A View From Above Inscripci\u00f3n confirmada"},"content":{"rendered":"<div data-elementor-type=\"wp-page\" data-elementor-id=\"38770\" class=\"elementor elementor-38770\" data-elementor-post-type=\"page\">\n\t\t\t\t<div class=\"elementor-element elementor-element-1ec133be e-flex e-con-boxed e-con e-parent\" data-id=\"1ec133be\" data-element_type=\"container\" data-e-type=\"container\">\n\t\t\t\t\t<div class=\"e-con-inner\">\n\t\t\t\t<div class=\"elementor-element elementor-element-23ba91ca elementor-widget elementor-widget-text-editor\" data-id=\"23ba91ca\" data-element_type=\"widget\" data-e-type=\"widget\" data-widget_type=\"text-editor.default\">\n\t\t\t\t<div class=\"elementor-widget-container\">\n\t\t\t\t\t\t\t\t\t\n<p>\u00a0<\/p>\n\n<p>Thank you so much for signing up for our upcomingwebinar on ChantNow.com!<\/p>\n<p>Join us for an informal and insightful discussion as we explore bhakti yoga, Krishna consciousness. In this discussion, we engage in heartfelt conversations, sharing personal experiences, insights, and practical wisdom gained through the practice of bhakti yoga and its teachings.<\/p>\n<p>Aqu\u00ed tienes los detalles. Tambi\u00e9n recibir\u00e1 un correo electr\u00f3nico<\/p>\n<p>Detalles del evento<br \/>El taller se realizar\u00e1 en Zoom.<\/p>\n<p>Unirse a una reuni\u00f3n de Zoom<br \/>https:\/\/us02web.zoom.us\/j\/5249585310?pwd=LzlzT1gyY3pObDYxQW9zNzdjbHJpdz09<\/p>\n<p>N\u00famero de reuni\u00f3n: 524 958 5310<br \/>C\u00f3digo de acceso: 108<\/p>\n<p>Horarios:<br \/>DOMINGO 29 DE OCTUBRE<br \/>19:30 h (IST) en la India <br \/>10:00 de la ma\u00f1ana, hora del Este (EDT) en EE.UU.<br \/>7:00 de la ma\u00f1ana, hora del Pac\u00edfico (PDT) en EE.UU.<br \/>15.00 horas en el Reino Unido<br \/>16.00 horas, hora de Europa Central (CET)<\/p>\n\t\t\t\t\t\t\t\t<\/div>\n\t\t\t\t<\/div>\n\t\t\t\t\t<\/div>\n\t\t\t\t<\/div>\n\t\t\t\t<\/div>","protected":false},"excerpt":{"rendered":"<p>&nbsp; Thank you so much for signing up for our upcomingwebinar on ChantNow.com! Join us for an informal and insightful discussion as we explore bhakti&hellip;<\/p>","protected":false},"author":23,"featured_media":0,"parent":0,"menu_order":0,"comment_status":"closed","ping_status":"closed","template":"","meta":{"content-type":"","pmpro_default_level":"","footnotes":""},"class_list":["post-38770","page","type-page","status-publish","hentry","pmpro-has-access"],"yoast_head":"<!-- This site is optimized with the Yoast SEO plugin v27.4 - https:\/\/yoast.com\/product\/yoast-seo-wordpress\/ -->\n<title>Bhakti: A View From Above Signup Confirmed - Chant Now<\/title>\n<meta name=\"robots\" content=\"index, follow, max-snippet:-1, max-image-preview:large, max-video-preview:-1\" \/>\n<link rel=\"canonical\" href=\"https:\/\/chantnow.com\/es\/bhakti-a-view-from-above-2\/\" \/>\n<meta property=\"og:locale\" content=\"es_ES\" \/>\n<meta property=\"og:type\" content=\"article\" \/>\n<meta property=\"og:title\" content=\"Bhakti: A View From Above Signup Confirmed - Chant Now\" \/>\n<meta property=\"og:description\" content=\"&nbsp; Thank you so much for signing up for our upcomingwebinar on ChantNow.com! Join us for an informal and insightful discussion as we explore bhakti&hellip;\" \/>\n<meta property=\"og:url\" content=\"https:\/\/chantnow.com\/es\/bhakti-a-view-from-above-2\/\" \/>\n<meta property=\"og:site_name\" content=\"Chant Now\" \/>\n<meta property=\"article:modified_time\" content=\"2023-10-27T07:34:28+00:00\" \/>\n<meta name=\"twitter:card\" content=\"summary_large_image\" \/>\n<meta name=\"twitter:label1\" content=\"Tiempo de lectura\" \/>\n\t<meta name=\"twitter:data1\" content=\"1 minuto\" \/>\n<script type=\"application\/ld+json\" class=\"yoast-schema-graph\">{\"@context\":\"https:\\\/\\\/schema.org\",\"@graph\":[{\"@type\":\"WebPage\",\"@id\":\"https:\\\/\\\/chantnow.com\\\/bhakti-a-view-from-above-2\\\/\",\"url\":\"https:\\\/\\\/chantnow.com\\\/bhakti-a-view-from-above-2\\\/\",\"name\":\"Bhakti: A View From Above Signup Confirmed - Chant Now\",\"isPartOf\":{\"@id\":\"https:\\\/\\\/chantnow.com\\\/es\\\/#website\"},\"datePublished\":\"2023-09-12T11:40:16+00:00\",\"dateModified\":\"2023-10-27T07:34:28+00:00\",\"breadcrumb\":{\"@id\":\"https:\\\/\\\/chantnow.com\\\/bhakti-a-view-from-above-2\\\/#breadcrumb\"},\"inLanguage\":\"es\",\"potentialAction\":[{\"@type\":\"ReadAction\",\"target\":[\"https:\\\/\\\/chantnow.com\\\/bhakti-a-view-from-above-2\\\/\"]}]},{\"@type\":\"BreadcrumbList\",\"@id\":\"https:\\\/\\\/chantnow.com\\\/bhakti-a-view-from-above-2\\\/#breadcrumb\",\"itemListElement\":[{\"@type\":\"ListItem\",\"position\":1,\"name\":\"Home\",\"item\":\"https:\\\/\\\/chantnow.com\\\/\"},{\"@type\":\"ListItem\",\"position\":2,\"name\":\"Bhakti: A View From Above Signup Confirmed\"}]},{\"@type\":\"WebSite\",\"@id\":\"https:\\\/\\\/chantnow.com\\\/es\\\/#website\",\"url\":\"https:\\\/\\\/chantnow.com\\\/es\\\/\",\"name\":\"Chant Now\",\"description\":\"Online Bhakti Community\",\"publisher\":{\"@id\":\"https:\\\/\\\/chantnow.com\\\/es\\\/#organization\"},\"potentialAction\":[{\"@type\":\"SearchAction\",\"target\":{\"@type\":\"EntryPoint\",\"urlTemplate\":\"https:\\\/\\\/chantnow.com\\\/es\\\/?s={search_term_string}\"},\"query-input\":{\"@type\":\"PropertyValueSpecification\",\"valueRequired\":true,\"valueName\":\"search_term_string\"}}],\"inLanguage\":\"es\"},{\"@type\":\"Organization\",\"@id\":\"https:\\\/\\\/chantnow.com\\\/es\\\/#organization\",\"name\":\"Chant Now\",\"url\":\"https:\\\/\\\/chantnow.com\\\/es\\\/\",\"logo\":{\"@type\":\"ImageObject\",\"inLanguage\":\"es\",\"@id\":\"https:\\\/\\\/chantnow.com\\\/es\\\/#\\\/schema\\\/logo\\\/image\\\/\",\"url\":\"https:\\\/\\\/chantnow.com\\\/wp-content\\\/uploads\\\/2023\\\/07\\\/chant-now-logo-circle.png\",\"contentUrl\":\"https:\\\/\\\/chantnow.com\\\/wp-content\\\/uploads\\\/2023\\\/07\\\/chant-now-logo-circle.png\",\"width\":251,\"height\":251,\"caption\":\"Chant Now\"},\"image\":{\"@id\":\"https:\\\/\\\/chantnow.com\\\/es\\\/#\\\/schema\\\/logo\\\/image\\\/\"}}]}<\/script>\n<!-- \/ Yoast SEO plugin. -->","yoast_head_json":{"title":"Bhakti: A View From Above Signup Confirmed - Chant Now","robots":{"index":"index","follow":"follow","max-snippet":"max-snippet:-1","max-image-preview":"max-image-preview:large","max-video-preview":"max-video-preview:-1"},"canonical":"https:\/\/chantnow.com\/es\/bhakti-a-view-from-above-2\/","og_locale":"es_ES","og_type":"article","og_title":"Bhakti: A View From Above Signup Confirmed - Chant Now","og_description":"&nbsp; Thank you so much for signing up for our upcomingwebinar on ChantNow.com! Join us for an informal and insightful discussion as we explore bhakti&hellip;","og_url":"https:\/\/chantnow.com\/es\/bhakti-a-view-from-above-2\/","og_site_name":"Chant Now","article_modified_time":"2023-10-27T07:34:28+00:00","twitter_card":"summary_large_image","twitter_misc":{"Tiempo de lectura":"1 minuto"},"schema":{"@context":"https:\/\/schema.org","@graph":[{"@type":"WebPage","@id":"https:\/\/chantnow.com\/bhakti-a-view-from-above-2\/","url":"https:\/\/chantnow.com\/bhakti-a-view-from-above-2\/","name":"Bhakti: A View From Above Signup Confirmed - Chant Now","isPartOf":{"@id":"https:\/\/chantnow.com\/es\/#website"},"datePublished":"2023-09-12T11:40:16+00:00","dateModified":"2023-10-27T07:34:28+00:00","breadcrumb":{"@id":"https:\/\/chantnow.com\/bhakti-a-view-from-above-2\/#breadcrumb"},"inLanguage":"es","potentialAction":[{"@type":"ReadAction","target":["https:\/\/chantnow.com\/bhakti-a-view-from-above-2\/"]}]},{"@type":"BreadcrumbList","@id":"https:\/\/chantnow.com\/bhakti-a-view-from-above-2\/#breadcrumb","itemListElement":[{"@type":"ListItem","position":1,"name":"Home","item":"https:\/\/chantnow.com\/"},{"@type":"ListItem","position":2,"name":"Bhakti: A View From Above Signup Confirmed"}]},{"@type":"WebSite","@id":"https:\/\/chantnow.com\/es\/#website","url":"https:\/\/chantnow.com\/es\/","name":"Cantar ahora","description":"Comunidad Bhakti en l\u00ednea","publisher":{"@id":"https:\/\/chantnow.com\/es\/#organization"},"potentialAction":[{"@type":"SearchAction","target":{"@type":"EntryPoint","urlTemplate":"https:\/\/chantnow.com\/es\/?s={search_term_string}"},"query-input":{"@type":"PropertyValueSpecification","valueRequired":true,"valueName":"search_term_string"}}],"inLanguage":"es"},{"@type":"Organization","@id":"https:\/\/chantnow.com\/es\/#organization","name":"Cantar ahora","url":"https:\/\/chantnow.com\/es\/","logo":{"@type":"ImageObject","inLanguage":"es","@id":"https:\/\/chantnow.com\/es\/#\/schema\/logo\/image\/","url":"https:\/\/chantnow.com\/wp-content\/uploads\/2023\/07\/chant-now-logo-circle.png","contentUrl":"https:\/\/chantnow.com\/wp-content\/uploads\/2023\/07\/chant-now-logo-circle.png","width":251,"height":251,"caption":"Chant Now"},"image":{"@id":"https:\/\/chantnow.com\/es\/#\/schema\/logo\/image\/"}}]}},"_links":{"self":[{"href":"https:\/\/chantnow.com\/es\/wp-json\/wp\/v2\/pages\/38770","targetHints":{"allow":["GET"]}}],"collection":[{"href":"https:\/\/chantnow.com\/es\/wp-json\/wp\/v2\/pages"}],"about":[{"href":"https:\/\/chantnow.com\/es\/wp-json\/wp\/v2\/types\/page"}],"author":[{"embeddable":true,"href":"https:\/\/chantnow.com\/es\/wp-json\/wp\/v2\/users\/23"}],"replies":[{"embeddable":true,"href":"https:\/\/chantnow.com\/es\/wp-json\/wp\/v2\/comments?post=38770"}],"version-history":[{"count":6,"href":"https:\/\/chantnow.com\/es\/wp-json\/wp\/v2\/pages\/38770\/revisions"}],"predecessor-version":[{"id":39716,"href":"https:\/\/chantnow.com\/es\/wp-json\/wp\/v2\/pages\/38770\/revisions\/39716"}],"wp:attachment":[{"href":"https:\/\/chantnow.com\/es\/wp-json\/wp\/v2\/media?parent=38770"}],"curies":[{"name":"wp","href":"https:\/\/api.w.org\/{rel}","templated":true}]}}