{"id":37176,"date":"2023-07-12T10:28:49","date_gmt":"2023-07-12T14:28:49","guid":{"rendered":"https:\/\/chantnow.com\/?page_id=37176"},"modified":"2023-07-12T10:46:01","modified_gmt":"2023-07-12T14:46:01","slug":"21-years-still-here-signup-confirmed","status":"publish","type":"page","link":"https:\/\/chantnow.com\/es\/21-years-still-here-signup-confirmed\/","title":{"rendered":"21 Years Still Here Inscripci\u00f3n confirmada"},"content":{"rendered":"<p><\/p>\n\n\n\n<p>Thank you so much for signing up for our upcoming online live event on ChantNow.com!<\/p>\n\n\n\n<p>Join us for an informal and insightful podcast as we explore the journey of devotion in bhakti yoga, Krishna consciousness. In this discussion, we engage in heartfelt conversations, sharing personal experiences, insights, and practical wisdom gained through the practice of bhakti yoga.<\/p>\n\n\n\n<p>Aqu\u00ed tienes los detalles. Tambi\u00e9n recibir\u00e1 un correo electr\u00f3nico<\/p>\n\n\n\n<h2 class=\"wp-block-heading\">Detalles del evento<\/h2>\n\n\n\n<p>El taller se realizar\u00e1 en Zoom. <\/p>\n\n\n\n<p>Unirse a una reuni\u00f3n de Zoom<br><a rel=\"noreferrer noopener\" href=\"https:\/\/us02web.zoom.us\/j\/5249585310?pwd=LzlzT1gyY3pObDYxQW9zNzdjbHJpdz09\" target=\"_blank\">https:\/\/us02web.zoom.us\/j\/5249585310?pwd=LzlzT1gyY3pObDYxQW9zNzdjbHJpdz09<\/a><br><br>N\u00famero de reuni\u00f3n: 524 958 5310<br>C\u00f3digo de acceso: 108<br><\/p>\n\n\n\n<h2 class=\"wp-block-heading\"><strong>Horarios:<\/strong><\/h2>\n\n\n\n<h3 class=\"wp-block-heading\"><strong>Saturday 15th July<\/strong><\/h3>\n\n\n\n<p>8:30pm Sydney Australia time<br>11:30am UK time<br>12:30pm Central European time<br>4:00pm IST (Indian)\u00a0<\/p>\n\n\n\n<p><\/p>","protected":false},"excerpt":{"rendered":"<p>Thank you so much for signing up for our upcoming online live event on ChantNow.com! Join us for an informal and insightful podcast as we&hellip;<\/p>","protected":false},"author":12,"featured_media":0,"parent":0,"menu_order":0,"comment_status":"closed","ping_status":"closed","template":"","meta":{"content-type":"","pmpro_default_level":"","footnotes":""},"class_list":["post-37176","page","type-page","status-publish","hentry","pmpro-has-access"],"yoast_head":"<!-- This site is optimized with the Yoast SEO plugin v27.5 - https:\/\/yoast.com\/product\/yoast-seo-wordpress\/ -->\n<title>21 Years Still Here Signup Confirmed - Chant Now<\/title>\n<meta name=\"robots\" content=\"index, follow, max-snippet:-1, max-image-preview:large, max-video-preview:-1\" \/>\n<link rel=\"canonical\" href=\"https:\/\/chantnow.com\/es\/21-years-still-here-signup-confirmed\/\" \/>\n<meta property=\"og:locale\" content=\"es_ES\" \/>\n<meta property=\"og:type\" content=\"article\" \/>\n<meta property=\"og:title\" content=\"21 Years Still Here Signup Confirmed - Chant Now\" \/>\n<meta property=\"og:description\" content=\"Thank you so much for signing up for our upcoming online live event on ChantNow.com! Join us for an informal and insightful podcast as we&hellip;\" \/>\n<meta property=\"og:url\" content=\"https:\/\/chantnow.com\/es\/21-years-still-here-signup-confirmed\/\" \/>\n<meta property=\"og:site_name\" content=\"Chant Now\" \/>\n<meta property=\"article:modified_time\" content=\"2023-07-12T14:46:01+00:00\" \/>\n<meta name=\"twitter:card\" content=\"summary_large_image\" \/>\n<meta name=\"twitter:label1\" content=\"Tiempo de lectura\" \/>\n\t<meta name=\"twitter:data1\" content=\"1 minuto\" \/>\n<script type=\"application\/ld+json\" class=\"yoast-schema-graph\">{\"@context\":\"https:\\\/\\\/schema.org\",\"@graph\":[{\"@type\":\"WebPage\",\"@id\":\"https:\\\/\\\/chantnow.com\\\/21-years-still-here-signup-confirmed\\\/\",\"url\":\"https:\\\/\\\/chantnow.com\\\/21-years-still-here-signup-confirmed\\\/\",\"name\":\"21 Years Still Here Signup Confirmed - Chant Now\",\"isPartOf\":{\"@id\":\"https:\\\/\\\/chantnow.com\\\/es\\\/#website\"},\"datePublished\":\"2023-07-12T14:28:49+00:00\",\"dateModified\":\"2023-07-12T14:46:01+00:00\",\"breadcrumb\":{\"@id\":\"https:\\\/\\\/chantnow.com\\\/21-years-still-here-signup-confirmed\\\/#breadcrumb\"},\"inLanguage\":\"es\",\"potentialAction\":[{\"@type\":\"ReadAction\",\"target\":[\"https:\\\/\\\/chantnow.com\\\/21-years-still-here-signup-confirmed\\\/\"]}]},{\"@type\":\"BreadcrumbList\",\"@id\":\"https:\\\/\\\/chantnow.com\\\/21-years-still-here-signup-confirmed\\\/#breadcrumb\",\"itemListElement\":[{\"@type\":\"ListItem\",\"position\":1,\"name\":\"Home\",\"item\":\"https:\\\/\\\/chantnow.com\\\/\"},{\"@type\":\"ListItem\",\"position\":2,\"name\":\"21 Years Still Here Signup Confirmed\"}]},{\"@type\":\"WebSite\",\"@id\":\"https:\\\/\\\/chantnow.com\\\/es\\\/#website\",\"url\":\"https:\\\/\\\/chantnow.com\\\/es\\\/\",\"name\":\"Chant Now\",\"description\":\"Online Bhakti Community\",\"publisher\":{\"@id\":\"https:\\\/\\\/chantnow.com\\\/es\\\/#organization\"},\"potentialAction\":[{\"@type\":\"SearchAction\",\"target\":{\"@type\":\"EntryPoint\",\"urlTemplate\":\"https:\\\/\\\/chantnow.com\\\/es\\\/?s={search_term_string}\"},\"query-input\":{\"@type\":\"PropertyValueSpecification\",\"valueRequired\":true,\"valueName\":\"search_term_string\"}}],\"inLanguage\":\"es\"},{\"@type\":\"Organization\",\"@id\":\"https:\\\/\\\/chantnow.com\\\/es\\\/#organization\",\"name\":\"Chant Now\",\"url\":\"https:\\\/\\\/chantnow.com\\\/es\\\/\",\"logo\":{\"@type\":\"ImageObject\",\"inLanguage\":\"es\",\"@id\":\"https:\\\/\\\/chantnow.com\\\/es\\\/#\\\/schema\\\/logo\\\/image\\\/\",\"url\":\"https:\\\/\\\/chantnow.com\\\/wp-content\\\/uploads\\\/2023\\\/07\\\/chant-now-logo-circle.png\",\"contentUrl\":\"https:\\\/\\\/chantnow.com\\\/wp-content\\\/uploads\\\/2023\\\/07\\\/chant-now-logo-circle.png\",\"width\":251,\"height\":251,\"caption\":\"Chant Now\"},\"image\":{\"@id\":\"https:\\\/\\\/chantnow.com\\\/es\\\/#\\\/schema\\\/logo\\\/image\\\/\"}}]}<\/script>\n<!-- \/ Yoast SEO plugin. -->","yoast_head_json":{"title":"21 Years Still Here Signup Confirmed - Chant Now","robots":{"index":"index","follow":"follow","max-snippet":"max-snippet:-1","max-image-preview":"max-image-preview:large","max-video-preview":"max-video-preview:-1"},"canonical":"https:\/\/chantnow.com\/es\/21-years-still-here-signup-confirmed\/","og_locale":"es_ES","og_type":"article","og_title":"21 Years Still Here Signup Confirmed - Chant Now","og_description":"Thank you so much for signing up for our upcoming online live event on ChantNow.com! Join us for an informal and insightful podcast as we&hellip;","og_url":"https:\/\/chantnow.com\/es\/21-years-still-here-signup-confirmed\/","og_site_name":"Chant Now","article_modified_time":"2023-07-12T14:46:01+00:00","twitter_card":"summary_large_image","twitter_misc":{"Tiempo de lectura":"1 minuto"},"schema":{"@context":"https:\/\/schema.org","@graph":[{"@type":"WebPage","@id":"https:\/\/chantnow.com\/21-years-still-here-signup-confirmed\/","url":"https:\/\/chantnow.com\/21-years-still-here-signup-confirmed\/","name":"21 Years Still Here Signup Confirmed - Chant Now","isPartOf":{"@id":"https:\/\/chantnow.com\/es\/#website"},"datePublished":"2023-07-12T14:28:49+00:00","dateModified":"2023-07-12T14:46:01+00:00","breadcrumb":{"@id":"https:\/\/chantnow.com\/21-years-still-here-signup-confirmed\/#breadcrumb"},"inLanguage":"es","potentialAction":[{"@type":"ReadAction","target":["https:\/\/chantnow.com\/21-years-still-here-signup-confirmed\/"]}]},{"@type":"BreadcrumbList","@id":"https:\/\/chantnow.com\/21-years-still-here-signup-confirmed\/#breadcrumb","itemListElement":[{"@type":"ListItem","position":1,"name":"Home","item":"https:\/\/chantnow.com\/"},{"@type":"ListItem","position":2,"name":"21 Years Still Here Signup Confirmed"}]},{"@type":"WebSite","@id":"https:\/\/chantnow.com\/es\/#website","url":"https:\/\/chantnow.com\/es\/","name":"Cantar ahora","description":"Comunidad Bhakti en l\u00ednea","publisher":{"@id":"https:\/\/chantnow.com\/es\/#organization"},"potentialAction":[{"@type":"SearchAction","target":{"@type":"EntryPoint","urlTemplate":"https:\/\/chantnow.com\/es\/?s={search_term_string}"},"query-input":{"@type":"PropertyValueSpecification","valueRequired":true,"valueName":"search_term_string"}}],"inLanguage":"es"},{"@type":"Organization","@id":"https:\/\/chantnow.com\/es\/#organization","name":"Cantar ahora","url":"https:\/\/chantnow.com\/es\/","logo":{"@type":"ImageObject","inLanguage":"es","@id":"https:\/\/chantnow.com\/es\/#\/schema\/logo\/image\/","url":"https:\/\/chantnow.com\/wp-content\/uploads\/2023\/07\/chant-now-logo-circle.png","contentUrl":"https:\/\/chantnow.com\/wp-content\/uploads\/2023\/07\/chant-now-logo-circle.png","width":251,"height":251,"caption":"Chant Now"},"image":{"@id":"https:\/\/chantnow.com\/es\/#\/schema\/logo\/image\/"}}]}},"_links":{"self":[{"href":"https:\/\/chantnow.com\/es\/wp-json\/wp\/v2\/pages\/37176","targetHints":{"allow":["GET"]}}],"collection":[{"href":"https:\/\/chantnow.com\/es\/wp-json\/wp\/v2\/pages"}],"about":[{"href":"https:\/\/chantnow.com\/es\/wp-json\/wp\/v2\/types\/page"}],"author":[{"embeddable":true,"href":"https:\/\/chantnow.com\/es\/wp-json\/wp\/v2\/users\/12"}],"replies":[{"embeddable":true,"href":"https:\/\/chantnow.com\/es\/wp-json\/wp\/v2\/comments?post=37176"}],"version-history":[{"count":2,"href":"https:\/\/chantnow.com\/es\/wp-json\/wp\/v2\/pages\/37176\/revisions"}],"predecessor-version":[{"id":37183,"href":"https:\/\/chantnow.com\/es\/wp-json\/wp\/v2\/pages\/37176\/revisions\/37183"}],"wp:attachment":[{"href":"https:\/\/chantnow.com\/es\/wp-json\/wp\/v2\/media?parent=37176"}],"curies":[{"name":"wp","href":"https:\/\/api.w.org\/{rel}","templated":true}]}}