{"id":36537,"date":"2023-06-22T08:18:20","date_gmt":"2023-06-22T12:18:20","guid":{"rendered":"https:\/\/chantnow.com\/?page_id=36537"},"modified":"2023-09-27T09:45:46","modified_gmt":"2023-09-27T13:45:46","slug":"the-adventure-of-living-signup-confirmed","status":"publish","type":"page","link":"https:\/\/chantnow.com\/es\/the-adventure-of-living-signup-confirmed\/","title":{"rendered":"La aventura de vivir Inscripci\u00f3n confirmada"},"content":{"rendered":"<p><\/p>\n\n\n\n<p>Thank you so much for signing up for our upcoming online live event on ChantNow.com!<\/p>\n\n\n\n<p><\/p>\n\n\n\n<p>What&#8217;s inside:<\/p>\n\n\n\n<p>- Explorar las complejidades de la vida y las soluciones espirituales.<\/p>\n\n\n\n<p>- En busca de un prop\u00f3sito:<br>Encuentre su lugar y su prop\u00f3sito en este complejo entorno moderno.<br>- Obt\u00e9n un mejor entendimiento de tu situaci\u00f3n individual desde la perspectiva del bhakti yoga v\u00e9dico.<\/p>\n\n\n\n<p>- Contemplaci\u00f3n y aventura<br>La importancia de la reflexi\u00f3n y la contemplaci\u00f3n para encontrar posibles caminos hacia un viaje vital apasionante y satisfactorio.<\/p>\n\n\n\n<p>- La vida celosa:<br>El objetivo final: vivir una vida llena de entusiasmo, pasi\u00f3n y prop\u00f3sito basada en principios espirituales y en el canto del maha-mantra Hare Krishna.<\/p>\n\n\n\n<p>- Inspiraci\u00f3n y exploraci\u00f3n:<br>D\u00e9jese inspirar por el pr\u00f3ximo debate, cuyo objetivo es proporcionar ideas sobre c\u00f3mo embarcarse en esta aventurera b\u00fasqueda espiritual.<\/p>\n\n\n\n<p>- So\u00f1ar a lo grande:<br>La sesi\u00f3n abordar\u00e1 los sue\u00f1os y aspiraciones que a menudo tenemos pero que quiz\u00e1 no sepamos c\u00f3mo hacer realidad.<\/p>\n\n\n\n<p>- Compromiso e interacci\u00f3n:<br>Participe y comparta sus ideas y preguntas durante la sesi\u00f3n para convertirla en una experiencia interactiva.<\/p>\n\n\n\n<p>Today\u2019s environment in which we live has become a very complex structure that is not always supportive for finding our place and purpose. In this session we will explore some concepts that help us to understand better our individual situation and contemplate on the possible tweaks that can propel us into an exciting adventure. The zealous life that we\u2019ve been all&nbsp;dreaming&nbsp;about.<\/p>\n\n\n\n<p>Live online session of 60 minutes. Event will finish with time for Q&amp;A.<\/p>\n\n\n\n<p>Connect with a small assembly of like-minded individuals and discover the adventure of living!<\/p>\n\n\n\n<h2 class=\"wp-block-heading\">Detalles del evento<\/h2>\n\n\n\n<h3 class=\"wp-block-heading\"><strong>Saturday, 30th September<\/strong><\/h3>\n\n\n\n<p>19:30 h (IST) en la India<br>10:00 de la ma\u00f1ana, hora del Este (EDT) en EE.UU.<br>7:00 de la ma\u00f1ana, hora del Pac\u00edfico (PDT) en EE.UU.<br>15.00 horas en el Reino Unido<br>4:00 pm in Central European Time (CET)s<\/p>\n\n\n\n<h3 class=\"wp-block-heading\">Zoom Link:<\/h3>\n\n\n\n<p>Unirse a una reuni\u00f3n de Zoom<br>https:\/\/us02web.zoom.us\/j\/5249585310?pwd=LzlzT1gyY3pObDYxQW9zNzdjbHJpdz09<\/p>\n\n\n\n<p>N\u00famero de reuni\u00f3n: 524 958 5310<br>C\u00f3digo de acceso: 108<\/p>","protected":false},"excerpt":{"rendered":"<p>Thank you so much for signing up for our upcoming online live event on ChantNow.com! What&#8217;s inside: &#8211; Exploring Life&#8217;s Complexities and spiritual solutions. &#8211;&hellip;<\/p>","protected":false},"author":12,"featured_media":0,"parent":0,"menu_order":0,"comment_status":"closed","ping_status":"closed","template":"","meta":{"content-type":"","pmpro_default_level":"","footnotes":""},"class_list":["post-36537","page","type-page","status-publish","hentry","pmpro-has-access"],"yoast_head":"<!-- This site is optimized with the Yoast SEO plugin v27.4 - https:\/\/yoast.com\/product\/yoast-seo-wordpress\/ -->\n<title>The Adventure of Living Signup Confirmed - Chant Now<\/title>\n<meta name=\"robots\" content=\"index, follow, max-snippet:-1, max-image-preview:large, max-video-preview:-1\" \/>\n<link rel=\"canonical\" href=\"https:\/\/chantnow.com\/es\/the-adventure-of-living-signup-confirmed\/\" \/>\n<meta property=\"og:locale\" content=\"es_ES\" \/>\n<meta property=\"og:type\" content=\"article\" \/>\n<meta property=\"og:title\" content=\"The Adventure of Living Signup Confirmed - Chant Now\" \/>\n<meta property=\"og:description\" content=\"Thank you so much for signing up for our upcoming online live event on ChantNow.com! What&#8217;s inside: &#8211; Exploring Life&#8217;s Complexities and spiritual solutions. &#8211;&hellip;\" \/>\n<meta property=\"og:url\" content=\"https:\/\/chantnow.com\/es\/the-adventure-of-living-signup-confirmed\/\" \/>\n<meta property=\"og:site_name\" content=\"Chant Now\" \/>\n<meta property=\"article:modified_time\" content=\"2023-09-27T13:45:46+00:00\" \/>\n<meta name=\"twitter:card\" content=\"summary_large_image\" \/>\n<meta name=\"twitter:label1\" content=\"Tiempo de lectura\" \/>\n\t<meta name=\"twitter:data1\" content=\"2 minutos\" \/>\n<script type=\"application\/ld+json\" class=\"yoast-schema-graph\">{\"@context\":\"https:\\\/\\\/schema.org\",\"@graph\":[{\"@type\":\"WebPage\",\"@id\":\"https:\\\/\\\/chantnow.com\\\/the-adventure-of-living-signup-confirmed\\\/\",\"url\":\"https:\\\/\\\/chantnow.com\\\/the-adventure-of-living-signup-confirmed\\\/\",\"name\":\"The Adventure of Living Signup Confirmed - Chant Now\",\"isPartOf\":{\"@id\":\"https:\\\/\\\/chantnow.com\\\/es\\\/#website\"},\"datePublished\":\"2023-06-22T12:18:20+00:00\",\"dateModified\":\"2023-09-27T13:45:46+00:00\",\"breadcrumb\":{\"@id\":\"https:\\\/\\\/chantnow.com\\\/the-adventure-of-living-signup-confirmed\\\/#breadcrumb\"},\"inLanguage\":\"es\",\"potentialAction\":[{\"@type\":\"ReadAction\",\"target\":[\"https:\\\/\\\/chantnow.com\\\/the-adventure-of-living-signup-confirmed\\\/\"]}]},{\"@type\":\"BreadcrumbList\",\"@id\":\"https:\\\/\\\/chantnow.com\\\/the-adventure-of-living-signup-confirmed\\\/#breadcrumb\",\"itemListElement\":[{\"@type\":\"ListItem\",\"position\":1,\"name\":\"Home\",\"item\":\"https:\\\/\\\/chantnow.com\\\/\"},{\"@type\":\"ListItem\",\"position\":2,\"name\":\"The Adventure of Living Signup Confirmed\"}]},{\"@type\":\"WebSite\",\"@id\":\"https:\\\/\\\/chantnow.com\\\/es\\\/#website\",\"url\":\"https:\\\/\\\/chantnow.com\\\/es\\\/\",\"name\":\"Chant Now\",\"description\":\"Online Bhakti Community\",\"publisher\":{\"@id\":\"https:\\\/\\\/chantnow.com\\\/es\\\/#organization\"},\"potentialAction\":[{\"@type\":\"SearchAction\",\"target\":{\"@type\":\"EntryPoint\",\"urlTemplate\":\"https:\\\/\\\/chantnow.com\\\/es\\\/?s={search_term_string}\"},\"query-input\":{\"@type\":\"PropertyValueSpecification\",\"valueRequired\":true,\"valueName\":\"search_term_string\"}}],\"inLanguage\":\"es\"},{\"@type\":\"Organization\",\"@id\":\"https:\\\/\\\/chantnow.com\\\/es\\\/#organization\",\"name\":\"Chant Now\",\"url\":\"https:\\\/\\\/chantnow.com\\\/es\\\/\",\"logo\":{\"@type\":\"ImageObject\",\"inLanguage\":\"es\",\"@id\":\"https:\\\/\\\/chantnow.com\\\/es\\\/#\\\/schema\\\/logo\\\/image\\\/\",\"url\":\"https:\\\/\\\/chantnow.com\\\/wp-content\\\/uploads\\\/2023\\\/07\\\/chant-now-logo-circle.png\",\"contentUrl\":\"https:\\\/\\\/chantnow.com\\\/wp-content\\\/uploads\\\/2023\\\/07\\\/chant-now-logo-circle.png\",\"width\":251,\"height\":251,\"caption\":\"Chant Now\"},\"image\":{\"@id\":\"https:\\\/\\\/chantnow.com\\\/es\\\/#\\\/schema\\\/logo\\\/image\\\/\"}}]}<\/script>\n<!-- \/ Yoast SEO plugin. -->","yoast_head_json":{"title":"The Adventure of Living Signup Confirmed - Chant Now","robots":{"index":"index","follow":"follow","max-snippet":"max-snippet:-1","max-image-preview":"max-image-preview:large","max-video-preview":"max-video-preview:-1"},"canonical":"https:\/\/chantnow.com\/es\/the-adventure-of-living-signup-confirmed\/","og_locale":"es_ES","og_type":"article","og_title":"The Adventure of Living Signup Confirmed - Chant Now","og_description":"Thank you so much for signing up for our upcoming online live event on ChantNow.com! What&#8217;s inside: &#8211; Exploring Life&#8217;s Complexities and spiritual solutions. &#8211;&hellip;","og_url":"https:\/\/chantnow.com\/es\/the-adventure-of-living-signup-confirmed\/","og_site_name":"Chant Now","article_modified_time":"2023-09-27T13:45:46+00:00","twitter_card":"summary_large_image","twitter_misc":{"Tiempo de lectura":"2 minutos"},"schema":{"@context":"https:\/\/schema.org","@graph":[{"@type":"WebPage","@id":"https:\/\/chantnow.com\/the-adventure-of-living-signup-confirmed\/","url":"https:\/\/chantnow.com\/the-adventure-of-living-signup-confirmed\/","name":"The Adventure of Living Signup Confirmed - Chant Now","isPartOf":{"@id":"https:\/\/chantnow.com\/es\/#website"},"datePublished":"2023-06-22T12:18:20+00:00","dateModified":"2023-09-27T13:45:46+00:00","breadcrumb":{"@id":"https:\/\/chantnow.com\/the-adventure-of-living-signup-confirmed\/#breadcrumb"},"inLanguage":"es","potentialAction":[{"@type":"ReadAction","target":["https:\/\/chantnow.com\/the-adventure-of-living-signup-confirmed\/"]}]},{"@type":"BreadcrumbList","@id":"https:\/\/chantnow.com\/the-adventure-of-living-signup-confirmed\/#breadcrumb","itemListElement":[{"@type":"ListItem","position":1,"name":"Home","item":"https:\/\/chantnow.com\/"},{"@type":"ListItem","position":2,"name":"The Adventure of Living Signup Confirmed"}]},{"@type":"WebSite","@id":"https:\/\/chantnow.com\/es\/#website","url":"https:\/\/chantnow.com\/es\/","name":"Cantar ahora","description":"Comunidad Bhakti en l\u00ednea","publisher":{"@id":"https:\/\/chantnow.com\/es\/#organization"},"potentialAction":[{"@type":"SearchAction","target":{"@type":"EntryPoint","urlTemplate":"https:\/\/chantnow.com\/es\/?s={search_term_string}"},"query-input":{"@type":"PropertyValueSpecification","valueRequired":true,"valueName":"search_term_string"}}],"inLanguage":"es"},{"@type":"Organization","@id":"https:\/\/chantnow.com\/es\/#organization","name":"Cantar ahora","url":"https:\/\/chantnow.com\/es\/","logo":{"@type":"ImageObject","inLanguage":"es","@id":"https:\/\/chantnow.com\/es\/#\/schema\/logo\/image\/","url":"https:\/\/chantnow.com\/wp-content\/uploads\/2023\/07\/chant-now-logo-circle.png","contentUrl":"https:\/\/chantnow.com\/wp-content\/uploads\/2023\/07\/chant-now-logo-circle.png","width":251,"height":251,"caption":"Chant Now"},"image":{"@id":"https:\/\/chantnow.com\/es\/#\/schema\/logo\/image\/"}}]}},"_links":{"self":[{"href":"https:\/\/chantnow.com\/es\/wp-json\/wp\/v2\/pages\/36537","targetHints":{"allow":["GET"]}}],"collection":[{"href":"https:\/\/chantnow.com\/es\/wp-json\/wp\/v2\/pages"}],"about":[{"href":"https:\/\/chantnow.com\/es\/wp-json\/wp\/v2\/types\/page"}],"author":[{"embeddable":true,"href":"https:\/\/chantnow.com\/es\/wp-json\/wp\/v2\/users\/12"}],"replies":[{"embeddable":true,"href":"https:\/\/chantnow.com\/es\/wp-json\/wp\/v2\/comments?post=36537"}],"version-history":[{"count":2,"href":"https:\/\/chantnow.com\/es\/wp-json\/wp\/v2\/pages\/36537\/revisions"}],"predecessor-version":[{"id":39015,"href":"https:\/\/chantnow.com\/es\/wp-json\/wp\/v2\/pages\/36537\/revisions\/39015"}],"wp:attachment":[{"href":"https:\/\/chantnow.com\/es\/wp-json\/wp\/v2\/media?parent=36537"}],"curies":[{"name":"wp","href":"https:\/\/api.w.org\/{rel}","templated":true}]}}