{"id":35027,"date":"2023-05-30T08:45:37","date_gmt":"2023-05-30T12:45:37","guid":{"rendered":"https:\/\/chantnow.com\/?page_id=35027"},"modified":"2023-05-30T08:45:43","modified_gmt":"2023-05-30T12:45:43","slug":"lessons-from-bhagavad-gita-signup-confirmed","status":"publish","type":"page","link":"https:\/\/chantnow.com\/es\/lessons-from-bhagavad-gita-signup-confirmed\/","title":{"rendered":"Lecciones del Bhagavad Gita Inscripci\u00f3n confirmada"},"content":{"rendered":"<p><\/p>\n\n\n\n<p>Gracias por inscribirse en este acto.<\/p>\n\n\n\n<p>Aqu\u00ed tienes los detalles. Tambi\u00e9n recibir\u00e1 un correo electr\u00f3nico<\/p>\n\n\n\n<h2 class=\"wp-block-heading\">Detalles del evento<\/h2>\n\n\n\n<p>El taller se realizar\u00e1 en Zoom. <\/p>\n\n\n\n<p>Unirse a una reuni\u00f3n de Zoom<br><a rel=\"noreferrer noopener\" href=\"https:\/\/us02web.zoom.us\/j\/5249585310?pwd=LzlzT1gyY3pObDYxQW9zNzdjbHJpdz09\" target=\"_blank\">https:\/\/us02web.zoom.us\/j\/5249585310?pwd=LzlzT1gyY3pObDYxQW9zNzdjbHJpdz09<\/a><br><br>N\u00famero de reuni\u00f3n: 524 958 5310<br>C\u00f3digo de acceso: 108<br><\/p>\n\n\n\n<h2 class=\"wp-block-heading\"><strong>Horarios:<\/strong><\/h2>\n\n\n\n<p><strong>Sunday, 4th June<br><\/strong>19:30 h (IST) en la India<br>10:00 de la ma\u00f1ana, hora del Este (EDT) en EE.UU.<br>7:00 de la ma\u00f1ana, hora del Pac\u00edfico (PDT) en EE.UU.<br>15.00 horas en el Reino Unido<br>16.00 horas, hora de Europa Central (CET)<\/p>\n\n\n\n<p><\/p>","protected":false},"excerpt":{"rendered":"<p>Thank you for signing up for this event. Here are the details. You will also get an email Event details The workshop will be conducted&hellip;<\/p>","protected":false},"author":12,"featured_media":0,"parent":0,"menu_order":0,"comment_status":"closed","ping_status":"closed","template":"","meta":{"content-type":"","pmpro_default_level":"","footnotes":""},"class_list":["post-35027","page","type-page","status-publish","hentry","pmpro-has-access"],"yoast_head":"<!-- This site is optimized with the Yoast SEO plugin v27.4 - https:\/\/yoast.com\/product\/yoast-seo-wordpress\/ -->\n<title>Lessons from Bhagavad Gita Signup Confirmed - Chant Now<\/title>\n<meta name=\"robots\" content=\"index, follow, max-snippet:-1, max-image-preview:large, max-video-preview:-1\" \/>\n<link rel=\"canonical\" href=\"https:\/\/chantnow.com\/es\/lessons-from-bhagavad-gita-signup-confirmed\/\" \/>\n<meta property=\"og:locale\" content=\"es_ES\" \/>\n<meta property=\"og:type\" content=\"article\" \/>\n<meta property=\"og:title\" content=\"Lessons from Bhagavad Gita Signup Confirmed - Chant Now\" \/>\n<meta property=\"og:description\" content=\"Thank you for signing up for this event. Here are the details. You will also get an email Event details The workshop will be conducted&hellip;\" \/>\n<meta property=\"og:url\" content=\"https:\/\/chantnow.com\/es\/lessons-from-bhagavad-gita-signup-confirmed\/\" \/>\n<meta property=\"og:site_name\" content=\"Chant Now\" \/>\n<meta property=\"article:modified_time\" content=\"2023-05-30T12:45:43+00:00\" \/>\n<meta name=\"twitter:card\" content=\"summary_large_image\" \/>\n<script type=\"application\/ld+json\" class=\"yoast-schema-graph\">{\"@context\":\"https:\\\/\\\/schema.org\",\"@graph\":[{\"@type\":\"WebPage\",\"@id\":\"https:\\\/\\\/chantnow.com\\\/lessons-from-bhagavad-gita-signup-confirmed\\\/\",\"url\":\"https:\\\/\\\/chantnow.com\\\/lessons-from-bhagavad-gita-signup-confirmed\\\/\",\"name\":\"Lessons from Bhagavad Gita Signup Confirmed - Chant Now\",\"isPartOf\":{\"@id\":\"https:\\\/\\\/chantnow.com\\\/es\\\/#website\"},\"datePublished\":\"2023-05-30T12:45:37+00:00\",\"dateModified\":\"2023-05-30T12:45:43+00:00\",\"breadcrumb\":{\"@id\":\"https:\\\/\\\/chantnow.com\\\/lessons-from-bhagavad-gita-signup-confirmed\\\/#breadcrumb\"},\"inLanguage\":\"es\",\"potentialAction\":[{\"@type\":\"ReadAction\",\"target\":[\"https:\\\/\\\/chantnow.com\\\/lessons-from-bhagavad-gita-signup-confirmed\\\/\"]}]},{\"@type\":\"BreadcrumbList\",\"@id\":\"https:\\\/\\\/chantnow.com\\\/lessons-from-bhagavad-gita-signup-confirmed\\\/#breadcrumb\",\"itemListElement\":[{\"@type\":\"ListItem\",\"position\":1,\"name\":\"Home\",\"item\":\"https:\\\/\\\/chantnow.com\\\/\"},{\"@type\":\"ListItem\",\"position\":2,\"name\":\"Lessons from Bhagavad Gita Signup Confirmed\"}]},{\"@type\":\"WebSite\",\"@id\":\"https:\\\/\\\/chantnow.com\\\/es\\\/#website\",\"url\":\"https:\\\/\\\/chantnow.com\\\/es\\\/\",\"name\":\"Chant Now\",\"description\":\"Online Bhakti Community\",\"publisher\":{\"@id\":\"https:\\\/\\\/chantnow.com\\\/es\\\/#organization\"},\"potentialAction\":[{\"@type\":\"SearchAction\",\"target\":{\"@type\":\"EntryPoint\",\"urlTemplate\":\"https:\\\/\\\/chantnow.com\\\/es\\\/?s={search_term_string}\"},\"query-input\":{\"@type\":\"PropertyValueSpecification\",\"valueRequired\":true,\"valueName\":\"search_term_string\"}}],\"inLanguage\":\"es\"},{\"@type\":\"Organization\",\"@id\":\"https:\\\/\\\/chantnow.com\\\/es\\\/#organization\",\"name\":\"Chant Now\",\"url\":\"https:\\\/\\\/chantnow.com\\\/es\\\/\",\"logo\":{\"@type\":\"ImageObject\",\"inLanguage\":\"es\",\"@id\":\"https:\\\/\\\/chantnow.com\\\/es\\\/#\\\/schema\\\/logo\\\/image\\\/\",\"url\":\"https:\\\/\\\/chantnow.com\\\/wp-content\\\/uploads\\\/2023\\\/07\\\/chant-now-logo-circle.png\",\"contentUrl\":\"https:\\\/\\\/chantnow.com\\\/wp-content\\\/uploads\\\/2023\\\/07\\\/chant-now-logo-circle.png\",\"width\":251,\"height\":251,\"caption\":\"Chant Now\"},\"image\":{\"@id\":\"https:\\\/\\\/chantnow.com\\\/es\\\/#\\\/schema\\\/logo\\\/image\\\/\"}}]}<\/script>\n<!-- \/ Yoast SEO plugin. -->","yoast_head_json":{"title":"Lessons from Bhagavad Gita Signup Confirmed - Chant Now","robots":{"index":"index","follow":"follow","max-snippet":"max-snippet:-1","max-image-preview":"max-image-preview:large","max-video-preview":"max-video-preview:-1"},"canonical":"https:\/\/chantnow.com\/es\/lessons-from-bhagavad-gita-signup-confirmed\/","og_locale":"es_ES","og_type":"article","og_title":"Lessons from Bhagavad Gita Signup Confirmed - Chant Now","og_description":"Thank you for signing up for this event. Here are the details. You will also get an email Event details The workshop will be conducted&hellip;","og_url":"https:\/\/chantnow.com\/es\/lessons-from-bhagavad-gita-signup-confirmed\/","og_site_name":"Chant Now","article_modified_time":"2023-05-30T12:45:43+00:00","twitter_card":"summary_large_image","schema":{"@context":"https:\/\/schema.org","@graph":[{"@type":"WebPage","@id":"https:\/\/chantnow.com\/lessons-from-bhagavad-gita-signup-confirmed\/","url":"https:\/\/chantnow.com\/lessons-from-bhagavad-gita-signup-confirmed\/","name":"Lessons from Bhagavad Gita Signup Confirmed - Chant Now","isPartOf":{"@id":"https:\/\/chantnow.com\/es\/#website"},"datePublished":"2023-05-30T12:45:37+00:00","dateModified":"2023-05-30T12:45:43+00:00","breadcrumb":{"@id":"https:\/\/chantnow.com\/lessons-from-bhagavad-gita-signup-confirmed\/#breadcrumb"},"inLanguage":"es","potentialAction":[{"@type":"ReadAction","target":["https:\/\/chantnow.com\/lessons-from-bhagavad-gita-signup-confirmed\/"]}]},{"@type":"BreadcrumbList","@id":"https:\/\/chantnow.com\/lessons-from-bhagavad-gita-signup-confirmed\/#breadcrumb","itemListElement":[{"@type":"ListItem","position":1,"name":"Home","item":"https:\/\/chantnow.com\/"},{"@type":"ListItem","position":2,"name":"Lessons from Bhagavad Gita Signup Confirmed"}]},{"@type":"WebSite","@id":"https:\/\/chantnow.com\/es\/#website","url":"https:\/\/chantnow.com\/es\/","name":"Cantar ahora","description":"Comunidad Bhakti en l\u00ednea","publisher":{"@id":"https:\/\/chantnow.com\/es\/#organization"},"potentialAction":[{"@type":"SearchAction","target":{"@type":"EntryPoint","urlTemplate":"https:\/\/chantnow.com\/es\/?s={search_term_string}"},"query-input":{"@type":"PropertyValueSpecification","valueRequired":true,"valueName":"search_term_string"}}],"inLanguage":"es"},{"@type":"Organization","@id":"https:\/\/chantnow.com\/es\/#organization","name":"Cantar ahora","url":"https:\/\/chantnow.com\/es\/","logo":{"@type":"ImageObject","inLanguage":"es","@id":"https:\/\/chantnow.com\/es\/#\/schema\/logo\/image\/","url":"https:\/\/chantnow.com\/wp-content\/uploads\/2023\/07\/chant-now-logo-circle.png","contentUrl":"https:\/\/chantnow.com\/wp-content\/uploads\/2023\/07\/chant-now-logo-circle.png","width":251,"height":251,"caption":"Chant Now"},"image":{"@id":"https:\/\/chantnow.com\/es\/#\/schema\/logo\/image\/"}}]}},"_links":{"self":[{"href":"https:\/\/chantnow.com\/es\/wp-json\/wp\/v2\/pages\/35027","targetHints":{"allow":["GET"]}}],"collection":[{"href":"https:\/\/chantnow.com\/es\/wp-json\/wp\/v2\/pages"}],"about":[{"href":"https:\/\/chantnow.com\/es\/wp-json\/wp\/v2\/types\/page"}],"author":[{"embeddable":true,"href":"https:\/\/chantnow.com\/es\/wp-json\/wp\/v2\/users\/12"}],"replies":[{"embeddable":true,"href":"https:\/\/chantnow.com\/es\/wp-json\/wp\/v2\/comments?post=35027"}],"version-history":[{"count":1,"href":"https:\/\/chantnow.com\/es\/wp-json\/wp\/v2\/pages\/35027\/revisions"}],"predecessor-version":[{"id":35028,"href":"https:\/\/chantnow.com\/es\/wp-json\/wp\/v2\/pages\/35027\/revisions\/35028"}],"wp:attachment":[{"href":"https:\/\/chantnow.com\/es\/wp-json\/wp\/v2\/media?parent=35027"}],"curies":[{"name":"wp","href":"https:\/\/api.w.org\/{rel}","templated":true}]}}