{"id":33276,"date":"2023-02-09T10:41:27","date_gmt":"2023-02-09T10:41:27","guid":{"rendered":"https:\/\/chantnow.com\/?page_id=33276"},"modified":"2023-11-21T11:28:36","modified_gmt":"2023-11-21T16:28:36","slug":"who-we-are","status":"publish","type":"page","link":"https:\/\/chantnow.com\/es\/who-we-are\/","title":{"rendered":"Qui\u00e9nes somos"},"content":{"rendered":"<div data-elementor-type=\"wp-page\" data-elementor-id=\"33276\" class=\"elementor elementor-33276\" data-elementor-post-type=\"page\">\n\t\t\t\t\t\t<section class=\"elementor-section elementor-top-section elementor-element elementor-element-66639c0 elementor-section-full_width elementor-section-height-default elementor-section-height-default\" data-id=\"66639c0\" data-element_type=\"section\" data-e-type=\"section\">\n\t\t\t\t\t\t<div class=\"elementor-container elementor-column-gap-default\">\n\t\t\t\t\t<div class=\"elementor-column elementor-col-100 elementor-top-column elementor-element elementor-element-a5391e4\" data-id=\"a5391e4\" data-element_type=\"column\" data-e-type=\"column\">\n\t\t\t<div class=\"elementor-widget-wrap elementor-element-populated\">\n\t\t\t\t\t\t<div class=\"elementor-element elementor-element-6c4ccbe elementor-widget elementor-widget-premium-addon-banner\" data-id=\"6c4ccbe\" data-element_type=\"widget\" data-e-type=\"widget\" data-widget_type=\"premium-addon-banner.default\">\n\t\t\t\t<div class=\"elementor-widget-container\">\n\t\t\t\t\t\t\t<div class=\"premium-banner-ib premium-banner-min-height premium-banner-animation1 none premium-banner__effect-type2\">\n\t\t\t\t\t\t\t\t\t\t<img decoding=\"async\" src=\"https:\/\/chantnow.com\/wp-content\/uploads\/2022\/11\/ChantNowTeam.jpg\" title=\"\" alt=\"\" loading=\"lazy\" \/>\t\t\t\t\t\t\t\t\t<div class=\"premium-banner-ib-desc\">\n\t\t\t\t\n\t\t\t\t\t\t\t\t\t<h2 class=\"premium-banner-ib-title premium_banner_title\">\n\t\t\t\t\t\tISKCON en l\u00ednea\t\t\t\t\t<\/h2>\n\t\t\t\t\n\t\t\t\t\t\t\t\t\t<div class=\"premium-banner-ib-content premium_banner_content\">\n\t\t\t\t\t\t<h3><span style=\"color: #ffffff;\">Facilitar a todos el acceso a la sabidur\u00eda y la pr\u00e1ctica del bhakti-yoga.<\/span><\/h3>\t\t\t\t\t<\/div>\n\t\t\t\t\n\t\t\t\t\n\t\t\t\t\t\t\t<\/div>\n\t\t\t\t\t<\/div>\n\n\t\t\t\t\t\t<\/div>\n\t\t\t\t<\/div>\n\t\t\t\t\t<\/div>\n\t\t<\/div>\n\t\t\t\t\t<\/div>\n\t\t<\/section>\n\t\t\t\t<section class=\"elementor-section elementor-top-section elementor-element elementor-element-41cf9e3 elementor-section-boxed elementor-section-height-default elementor-section-height-default\" data-id=\"41cf9e3\" data-element_type=\"section\" data-e-type=\"section\">\n\t\t\t\t\t\t<div class=\"elementor-container elementor-column-gap-default\">\n\t\t\t\t\t<div class=\"elementor-column elementor-col-100 elementor-top-column elementor-element elementor-element-ba27982\" data-id=\"ba27982\" data-element_type=\"column\" data-e-type=\"column\">\n\t\t\t<div class=\"elementor-widget-wrap elementor-element-populated\">\n\t\t\t\t\t\t<div class=\"elementor-element elementor-element-48482e6 elementor-widget elementor-widget-heading\" data-id=\"48482e6\" data-element_type=\"widget\" data-e-type=\"widget\" data-widget_type=\"heading.default\">\n\t\t\t\t<div class=\"elementor-widget-container\">\n\t\t\t\t\t<h2 class=\"elementor-heading-title elementor-size-default\">Un proyecto de ISKCON Online<\/h2>\t\t\t\t<\/div>\n\t\t\t\t<\/div>\n\t\t\t\t<div class=\"elementor-element elementor-element-ec2bedb elementor-widget elementor-widget-text-editor\" data-id=\"ec2bedb\" data-element_type=\"widget\" data-e-type=\"widget\" data-widget_type=\"text-editor.default\">\n\t\t\t\t<div class=\"elementor-widget-container\">\n\t\t\t\t\t\t\t\t\t<p>Chantnow.com es tra\u00eddo a usted por ISKCON Online, Inc, una divisi\u00f3n global de la Sociedad Internacional para la Conciencia de Krishna y con sede en los Estados Unidos. ISKCON Online es una organizaci\u00f3n sin \u00e1nimo de lucro cuyo objetivo es utilizar el poder del mundo online para hacer que las ense\u00f1anzas y pr\u00e1cticas del bhakti-yoga o conciencia de Krishna sean f\u00e1cilmente accesibles a trav\u00e9s de la educaci\u00f3n online.<\/p>\t\t\t\t\t\t\t\t<\/div>\n\t\t\t\t<\/div>\n\t\t\t\t<div class=\"elementor-element elementor-element-2094583 elementor-widget elementor-widget-heading\" data-id=\"2094583\" data-element_type=\"widget\" data-e-type=\"widget\" data-widget_type=\"heading.default\">\n\t\t\t\t<div class=\"elementor-widget-container\">\n\t\t\t\t\t<h1 class=\"elementor-heading-title elementor-size-default\">Cursos de meditaci\u00f3n basados en las antiguas ense\u00f1anzas v\u00e9dicas<\/h1>\t\t\t\t<\/div>\n\t\t\t\t<\/div>\n\t\t\t\t<div class=\"elementor-element elementor-element-288d338 elementor-widget elementor-widget-text-editor\" data-id=\"288d338\" data-element_type=\"widget\" data-e-type=\"widget\" data-widget_type=\"text-editor.default\">\n\t\t\t\t<div class=\"elementor-widget-container\">\n\t\t\t\t\t\t\t\t\t<p>Los cursos y talleres presentados en ChantNow.com est\u00e1n basados en las antiguas ense\u00f1anzas V\u00e9dicas presentadas por Su Divina Gracia A.C. Bhaktivedanta Swami Prabhupada, el Fundador-Acharya de la Sociedad Internacional para la Conciencia de Krishna (ISKCON), tambi\u00e9n conocida como el movimiento Hare Krishna. ISKCON comenz\u00f3 en la ciudad de Nueva York en 1966 cuando Srila Prabhupada vino a los Estados Unidos para compartir las ense\u00f1anzas que ahora son la base espiritual del entrenamiento meditativo ofrecido en nuestros talleres y cursos. Hoy en d\u00eda, ISKCON incluye m\u00e1s de seiscientos centros principales, templos y comunidades rurales en todo el mundo.<\/p>\t\t\t\t\t\t\t\t<\/div>\n\t\t\t\t<\/div>\n\t\t\t\t<div class=\"elementor-element elementor-element-58b387e elementor-widget elementor-widget-text-editor\" data-id=\"58b387e\" data-element_type=\"widget\" data-e-type=\"widget\" data-widget_type=\"text-editor.default\">\n\t\t\t\t<div class=\"elementor-widget-container\">\n\t\t\t\t\t\t\t\t\t<p><img fetchpriority=\"high\" decoding=\"async\" class=\"wp-image-33061 alignnone\" src=\"https:\/\/chantnow.com\/wp-content\/uploads\/2023\/01\/1523_3-300x225.png\" alt=\"\" width=\"602\" height=\"451\" \/><\/p><p>En Chantnow.com encontrar\u00e1s un dedicado equipo de voluntarios y profesionales viviendo el estilo de vida de las ense\u00f1anzas que compartimos en nuestros cursos, y con muchos a\u00f1os de experiencia en el canto del maha-mantra, t\u00e9cnicas de meditaci\u00f3n, comprensi\u00f3n de las ense\u00f1anzas del Bhagavad Gita, y la pr\u00e1ctica del bhakti-yoga o servicio devocional. El fundador de ISKCON, Srila Prabhupada, introdujo las t\u00e9cnicas y los beneficios del canto del maha-mantra a personas de todo el mundo. Este trailer de un documental completo sobre ISKCON te ofrece una introducci\u00f3n a su viaje hacia un mill\u00f3n de corazones. El fundador de ISKCON, Srila Prabhupada, introdujo las t\u00e9cnicas y los beneficios de cantar el maha-mantra a personas de todo el mundo. Este trailer de un documental completo sobre ISKCON te da una introducci\u00f3n a su viaje hacia un mill\u00f3n de corazones.<\/p>\t\t\t\t\t\t\t\t<\/div>\n\t\t\t\t<\/div>\n\t\t\t\t\t<\/div>\n\t\t<\/div>\n\t\t\t\t\t<\/div>\n\t\t<\/section>\n\t\t\t\t<section class=\"elementor-section elementor-top-section elementor-element elementor-element-872e2e6 elementor-section-boxed elementor-section-height-default elementor-section-height-default\" data-id=\"872e2e6\" data-element_type=\"section\" data-e-type=\"section\">\n\t\t\t\t\t\t<div class=\"elementor-container elementor-column-gap-default\">\n\t\t\t\t\t<div class=\"elementor-column elementor-col-100 elementor-top-column elementor-element elementor-element-309d531\" data-id=\"309d531\" data-element_type=\"column\" data-e-type=\"column\">\n\t\t\t<div class=\"elementor-widget-wrap elementor-element-populated\">\n\t\t\t\t\t\t<div class=\"elementor-element elementor-element-2f5d369 elementor-widget elementor-widget-heading\" data-id=\"2f5d369\" data-element_type=\"widget\" data-e-type=\"widget\" data-widget_type=\"heading.default\">\n\t\t\t\t<div class=\"elementor-widget-container\">\n\t\t\t\t\t<h2 class=\"elementor-heading-title elementor-size-default\">La Alegr\u00eda de la Devoci\u00f3n presenta al Fundador del Movimiento Hare Krishna<\/h2>\t\t\t\t<\/div>\n\t\t\t\t<\/div>\n\t\t\t\t<div class=\"elementor-element elementor-element-7469cd7 elementor-widget elementor-widget-video\" data-id=\"7469cd7\" data-element_type=\"widget\" data-e-type=\"widget\" data-settings=\"{&quot;youtube_url&quot;:&quot;https:\\\/\\\/www.youtube.com\\\/watch?v=HN5-LSgvuEg&amp;embeds_euri=https%3A%2F%2Fwww.v1.chantnow.com%2F&amp;feature=emb_logo&amp;ab_channel=ISKCON&quot;,&quot;video_type&quot;:&quot;youtube&quot;,&quot;controls&quot;:&quot;yes&quot;}\" data-widget_type=\"video.default\">\n\t\t\t\t<div class=\"elementor-widget-container\">\n\t\t\t\t\t\t\t<div class=\"elementor-wrapper elementor-open-inline\">\n\t\t\t<div class=\"elementor-video\"><\/div>\t\t<\/div>\n\t\t\t\t\t\t<\/div>\n\t\t\t\t<\/div>\n\t\t\t\t\t<\/div>\n\t\t<\/div>\n\t\t\t\t\t<\/div>\n\t\t<\/section>\n\t\t\t\t<section class=\"elementor-section elementor-top-section elementor-element elementor-element-c2530c1 elementor-section-boxed elementor-section-height-default elementor-section-height-default\" data-id=\"c2530c1\" data-element_type=\"section\" data-e-type=\"section\">\n\t\t\t\t\t\t<div class=\"elementor-container elementor-column-gap-default\">\n\t\t\t\t\t<div class=\"elementor-column elementor-col-100 elementor-top-column elementor-element elementor-element-ec0e97c\" data-id=\"ec0e97c\" data-element_type=\"column\" data-e-type=\"column\">\n\t\t\t<div class=\"elementor-widget-wrap elementor-element-populated\">\n\t\t\t\t\t\t<div class=\"elementor-element elementor-element-dbbf4ca elementor-widget elementor-widget-heading\" data-id=\"dbbf4ca\" data-element_type=\"widget\" data-e-type=\"widget\" data-widget_type=\"heading.default\">\n\t\t\t\t<div class=\"elementor-widget-container\">\n\t\t\t\t\t<h2 class=\"elementor-heading-title elementor-size-default\">Estamos creciendo y queremos saber de usted\n<\/h2>\t\t\t\t<\/div>\n\t\t\t\t<\/div>\n\t\t\t\t<div class=\"elementor-element elementor-element-d1537f2 elementor-widget elementor-widget-text-editor\" data-id=\"d1537f2\" data-element_type=\"widget\" data-e-type=\"widget\" data-widget_type=\"text-editor.default\">\n\t\t\t\t<div class=\"elementor-widget-container\">\n\t\t\t\t\t\t\t\t\t<div class=\"col-sm-12 col-md-8 gift-col wow fadeInDown\"><p>Nuestra comunidad est\u00e1 creciendo y siempre nos complace contar con m\u00e1s voluntarios. Si tienes talentos o habilidades que te gustar\u00eda utilizar para ayudar a otros a aprender sobre el canto, ponte en contacto con nosotros a trav\u00e9s de nuestro formulario de contacto. Si\u00e9ntete libre de hacernos saber c\u00f3mo lo estamos haciendo, o de hacer sugerencias o comentarios sobre el sitio y nuestros cursos.<\/p><\/div><div class=\"col-sm-12 col-md-4 gift-col wow fadeInDown sidebar-form\"><div id=\"gform_wrapper_4\" class=\"gf_browser_chrome gform_wrapper gform_legacy_markup_wrapper\"><form id=\"gform_4\" action=\"https:\/\/www.v1.chantnow.com\/who-we-are-2\/\" enctype=\"multipart\/form-data\" method=\"post\" novalidate=\"\" data-hs-cf-bound=\"true\"><div class=\"gform_body gform-body\">\u00a0<\/div><\/form><\/div><\/div>\t\t\t\t\t\t\t\t<\/div>\n\t\t\t\t<\/div>\n\t\t\t\t\t<\/div>\n\t\t<\/div>\n\t\t\t\t\t<\/div>\n\t\t<\/section>\n\t\t\t\t<\/div>","protected":false},"excerpt":{"rendered":"<p>ISKCON Online\u200b Making access to the wisdom and practice of bhakti-yoga easy for everyone. A project of ISKCON Online Chantnow.com is brought to you by&hellip;<\/p>","protected":false},"author":26,"featured_media":0,"parent":0,"menu_order":0,"comment_status":"closed","ping_status":"closed","template":"","meta":{"content-type":"","pmpro_default_level":"","footnotes":""},"class_list":["post-33276","page","type-page","status-publish","hentry","pmpro-has-access"],"yoast_head":"<!-- This site is optimized with the Yoast SEO plugin v27.3 - https:\/\/yoast.com\/product\/yoast-seo-wordpress\/ -->\n<title>Who We Are - Chant Now<\/title>\n<meta name=\"description\" content=\"Discover the heartbeat of ChantNow \u2013 a dynamic platform that transcends boundaries to unite voices in harmony. Explore who we are, our mission, and the transformative power of shared melodies. Join us on a journey of musical connection and community at ChantNow.com.\" \/>\n<meta name=\"robots\" content=\"index, follow, max-snippet:-1, max-image-preview:large, max-video-preview:-1\" \/>\n<link rel=\"canonical\" href=\"https:\/\/chantnow.com\/es\/who-we-are\/\" \/>\n<meta property=\"og:locale\" content=\"es_ES\" \/>\n<meta property=\"og:type\" content=\"article\" \/>\n<meta property=\"og:title\" content=\"Who We Are - Chant Now\" \/>\n<meta property=\"og:description\" content=\"Discover the heartbeat of ChantNow \u2013 a dynamic platform that transcends boundaries to unite voices in harmony. Explore who we are, our mission, and the transformative power of shared melodies. Join us on a journey of musical connection and community at ChantNow.com.\" \/>\n<meta property=\"og:url\" content=\"https:\/\/chantnow.com\/es\/who-we-are\/\" \/>\n<meta property=\"og:site_name\" content=\"Chant Now\" \/>\n<meta property=\"article:modified_time\" content=\"2023-11-21T16:28:36+00:00\" \/>\n<meta property=\"og:image\" content=\"https:\/\/chantnow.com\/wp-content\/uploads\/2022\/11\/ChantNowTeam-1536x864.jpg\" \/>\n<meta name=\"twitter:card\" content=\"summary_large_image\" \/>\n<meta name=\"twitter:label1\" content=\"Tiempo de lectura\" \/>\n\t<meta name=\"twitter:data1\" content=\"3 minutos\" \/>\n<script type=\"application\/ld+json\" class=\"yoast-schema-graph\">{\"@context\":\"https:\\\/\\\/schema.org\",\"@graph\":[{\"@type\":\"WebPage\",\"@id\":\"https:\\\/\\\/chantnow.com\\\/who-we-are\\\/\",\"url\":\"https:\\\/\\\/chantnow.com\\\/who-we-are\\\/\",\"name\":\"Who We Are - Chant Now\",\"isPartOf\":{\"@id\":\"https:\\\/\\\/chantnow.com\\\/es\\\/#website\"},\"primaryImageOfPage\":{\"@id\":\"https:\\\/\\\/chantnow.com\\\/who-we-are\\\/#primaryimage\"},\"image\":{\"@id\":\"https:\\\/\\\/chantnow.com\\\/who-we-are\\\/#primaryimage\"},\"thumbnailUrl\":\"https:\\\/\\\/chantnow.com\\\/wp-content\\\/uploads\\\/2022\\\/11\\\/ChantNowTeam-1536x864.jpg\",\"datePublished\":\"2023-02-09T10:41:27+00:00\",\"dateModified\":\"2023-11-21T16:28:36+00:00\",\"description\":\"Discover the heartbeat of ChantNow \u2013 a dynamic platform that transcends boundaries to unite voices in harmony. Explore who we are, our mission, and the transformative power of shared melodies. Join us on a journey of musical connection and community at ChantNow.com.\",\"breadcrumb\":{\"@id\":\"https:\\\/\\\/chantnow.com\\\/who-we-are\\\/#breadcrumb\"},\"inLanguage\":\"es\",\"potentialAction\":[{\"@type\":\"ReadAction\",\"target\":[\"https:\\\/\\\/chantnow.com\\\/who-we-are\\\/\"]}]},{\"@type\":\"ImageObject\",\"inLanguage\":\"es\",\"@id\":\"https:\\\/\\\/chantnow.com\\\/who-we-are\\\/#primaryimage\",\"url\":\"https:\\\/\\\/chantnow.com\\\/wp-content\\\/uploads\\\/2022\\\/11\\\/ChantNowTeam-1536x864.jpg\",\"contentUrl\":\"https:\\\/\\\/chantnow.com\\\/wp-content\\\/uploads\\\/2022\\\/11\\\/ChantNowTeam-1536x864.jpg\"},{\"@type\":\"BreadcrumbList\",\"@id\":\"https:\\\/\\\/chantnow.com\\\/who-we-are\\\/#breadcrumb\",\"itemListElement\":[{\"@type\":\"ListItem\",\"position\":1,\"name\":\"Home\",\"item\":\"https:\\\/\\\/chantnow.com\\\/\"},{\"@type\":\"ListItem\",\"position\":2,\"name\":\"Who We Are\"}]},{\"@type\":\"WebSite\",\"@id\":\"https:\\\/\\\/chantnow.com\\\/es\\\/#website\",\"url\":\"https:\\\/\\\/chantnow.com\\\/es\\\/\",\"name\":\"Chant Now\",\"description\":\"Online Bhakti Community\",\"publisher\":{\"@id\":\"https:\\\/\\\/chantnow.com\\\/es\\\/#organization\"},\"potentialAction\":[{\"@type\":\"SearchAction\",\"target\":{\"@type\":\"EntryPoint\",\"urlTemplate\":\"https:\\\/\\\/chantnow.com\\\/es\\\/?s={search_term_string}\"},\"query-input\":{\"@type\":\"PropertyValueSpecification\",\"valueRequired\":true,\"valueName\":\"search_term_string\"}}],\"inLanguage\":\"es\"},{\"@type\":\"Organization\",\"@id\":\"https:\\\/\\\/chantnow.com\\\/es\\\/#organization\",\"name\":\"Chant Now\",\"url\":\"https:\\\/\\\/chantnow.com\\\/es\\\/\",\"logo\":{\"@type\":\"ImageObject\",\"inLanguage\":\"es\",\"@id\":\"https:\\\/\\\/chantnow.com\\\/es\\\/#\\\/schema\\\/logo\\\/image\\\/\",\"url\":\"https:\\\/\\\/chantnow.com\\\/wp-content\\\/uploads\\\/2023\\\/07\\\/chant-now-logo-circle.png\",\"contentUrl\":\"https:\\\/\\\/chantnow.com\\\/wp-content\\\/uploads\\\/2023\\\/07\\\/chant-now-logo-circle.png\",\"width\":251,\"height\":251,\"caption\":\"Chant Now\"},\"image\":{\"@id\":\"https:\\\/\\\/chantnow.com\\\/es\\\/#\\\/schema\\\/logo\\\/image\\\/\"}}]}<\/script>\n<!-- \/ Yoast SEO plugin. -->","yoast_head_json":{"title":"Qui\u00e9nes somos - Chant Now","description":"Descubra el latido de ChantNow: una plataforma din\u00e1mica que trasciende fronteras para unir voces en armon\u00eda. Explora qui\u00e9nes somos, nuestra misi\u00f3n y el poder transformador de las melod\u00edas compartidas. \u00danase a nosotros en un viaje de conexi\u00f3n musical y comunidad en ChantNow.com.","robots":{"index":"index","follow":"follow","max-snippet":"max-snippet:-1","max-image-preview":"max-image-preview:large","max-video-preview":"max-video-preview:-1"},"canonical":"https:\/\/chantnow.com\/es\/who-we-are\/","og_locale":"es_ES","og_type":"article","og_title":"Who We Are - Chant Now","og_description":"Discover the heartbeat of ChantNow \u2013 a dynamic platform that transcends boundaries to unite voices in harmony. Explore who we are, our mission, and the transformative power of shared melodies. Join us on a journey of musical connection and community at ChantNow.com.","og_url":"https:\/\/chantnow.com\/es\/who-we-are\/","og_site_name":"Chant Now","article_modified_time":"2023-11-21T16:28:36+00:00","og_image":[{"url":"https:\/\/chantnow.com\/wp-content\/uploads\/2022\/11\/ChantNowTeam-1536x864.jpg","type":"","width":"","height":""}],"twitter_card":"summary_large_image","twitter_misc":{"Tiempo de lectura":"3 minutos"},"schema":{"@context":"https:\/\/schema.org","@graph":[{"@type":"WebPage","@id":"https:\/\/chantnow.com\/who-we-are\/","url":"https:\/\/chantnow.com\/who-we-are\/","name":"Qui\u00e9nes somos - Chant Now","isPartOf":{"@id":"https:\/\/chantnow.com\/es\/#website"},"primaryImageOfPage":{"@id":"https:\/\/chantnow.com\/who-we-are\/#primaryimage"},"image":{"@id":"https:\/\/chantnow.com\/who-we-are\/#primaryimage"},"thumbnailUrl":"https:\/\/chantnow.com\/wp-content\/uploads\/2022\/11\/ChantNowTeam-1536x864.jpg","datePublished":"2023-02-09T10:41:27+00:00","dateModified":"2023-11-21T16:28:36+00:00","description":"Descubra el latido de ChantNow: una plataforma din\u00e1mica que trasciende fronteras para unir voces en armon\u00eda. Explora qui\u00e9nes somos, nuestra misi\u00f3n y el poder transformador de las melod\u00edas compartidas. \u00danase a nosotros en un viaje de conexi\u00f3n musical y comunidad en ChantNow.com.","breadcrumb":{"@id":"https:\/\/chantnow.com\/who-we-are\/#breadcrumb"},"inLanguage":"es","potentialAction":[{"@type":"ReadAction","target":["https:\/\/chantnow.com\/who-we-are\/"]}]},{"@type":"ImageObject","inLanguage":"es","@id":"https:\/\/chantnow.com\/who-we-are\/#primaryimage","url":"https:\/\/chantnow.com\/wp-content\/uploads\/2022\/11\/ChantNowTeam-1536x864.jpg","contentUrl":"https:\/\/chantnow.com\/wp-content\/uploads\/2022\/11\/ChantNowTeam-1536x864.jpg"},{"@type":"BreadcrumbList","@id":"https:\/\/chantnow.com\/who-we-are\/#breadcrumb","itemListElement":[{"@type":"ListItem","position":1,"name":"Home","item":"https:\/\/chantnow.com\/"},{"@type":"ListItem","position":2,"name":"Who We Are"}]},{"@type":"WebSite","@id":"https:\/\/chantnow.com\/es\/#website","url":"https:\/\/chantnow.com\/es\/","name":"Cantar ahora","description":"Comunidad Bhakti en l\u00ednea","publisher":{"@id":"https:\/\/chantnow.com\/es\/#organization"},"potentialAction":[{"@type":"SearchAction","target":{"@type":"EntryPoint","urlTemplate":"https:\/\/chantnow.com\/es\/?s={search_term_string}"},"query-input":{"@type":"PropertyValueSpecification","valueRequired":true,"valueName":"search_term_string"}}],"inLanguage":"es"},{"@type":"Organization","@id":"https:\/\/chantnow.com\/es\/#organization","name":"Cantar ahora","url":"https:\/\/chantnow.com\/es\/","logo":{"@type":"ImageObject","inLanguage":"es","@id":"https:\/\/chantnow.com\/es\/#\/schema\/logo\/image\/","url":"https:\/\/chantnow.com\/wp-content\/uploads\/2023\/07\/chant-now-logo-circle.png","contentUrl":"https:\/\/chantnow.com\/wp-content\/uploads\/2023\/07\/chant-now-logo-circle.png","width":251,"height":251,"caption":"Chant Now"},"image":{"@id":"https:\/\/chantnow.com\/es\/#\/schema\/logo\/image\/"}}]}},"_links":{"self":[{"href":"https:\/\/chantnow.com\/es\/wp-json\/wp\/v2\/pages\/33276","targetHints":{"allow":["GET"]}}],"collection":[{"href":"https:\/\/chantnow.com\/es\/wp-json\/wp\/v2\/pages"}],"about":[{"href":"https:\/\/chantnow.com\/es\/wp-json\/wp\/v2\/types\/page"}],"author":[{"embeddable":true,"href":"https:\/\/chantnow.com\/es\/wp-json\/wp\/v2\/users\/26"}],"replies":[{"embeddable":true,"href":"https:\/\/chantnow.com\/es\/wp-json\/wp\/v2\/comments?post=33276"}],"version-history":[{"count":7,"href":"https:\/\/chantnow.com\/es\/wp-json\/wp\/v2\/pages\/33276\/revisions"}],"predecessor-version":[{"id":33386,"href":"https:\/\/chantnow.com\/es\/wp-json\/wp\/v2\/pages\/33276\/revisions\/33386"}],"wp:attachment":[{"href":"https:\/\/chantnow.com\/es\/wp-json\/wp\/v2\/media?parent=33276"}],"curies":[{"name":"wp","href":"https:\/\/api.w.org\/{rel}","templated":true}]}}