{"id":31115,"date":"2022-11-08T09:51:51","date_gmt":"2022-11-08T09:51:51","guid":{"rendered":"https:\/\/chantnow.com\/?page_id=31115"},"modified":"2024-01-26T10:57:06","modified_gmt":"2024-01-26T15:57:06","slug":"privacy-policy-2","status":"publish","type":"page","link":"https:\/\/chantnow.com\/es\/privacy-policy-2\/","title":{"rendered":"Pol\u00edtica de privacidad"},"content":{"rendered":"<p>El viaje espiritual de cada uno es privado y tambi\u00e9n lo es su informaci\u00f3n. Nos aseguraremos de que la confianza que ha depositado en nosotros con respecto al manejo de su informaci\u00f3n se gane y se mantenga sagrada.<\/p>\n\n\n\n<p><\/p>\n\n\n\n<h1 class=\"wp-block-heading\">Pol\u00edtica de privacidad de Chant Now<\/h1>\n\n\n\n<p>Fecha de entrada en vigor: 28 de mayo de 2018<\/p>\n\n\n\n<p>Chant Now, una divisi\u00f3n online de ISKCON Online (\"nosotros\", \"nos\" o \"nuestro\") opera el sitio web<br>https:\/\/www.chantnow.com (el \"Servicio\").<\/p>\n\n\n\n<p>Esta p\u00e1gina le informa de nuestras pol\u00edticas relativas a la recogida, uso y divulgaci\u00f3n de datos personales cuando utiliza nuestro Servicio y de las opciones que tiene asociadas a esos datos.<\/p>\n\n\n\n<p>Utilizamos sus datos para proporcionar y mejorar el Servicio. Al utilizar el Servicio, usted acepta la recopilaci\u00f3n y el uso de informaci\u00f3n de acuerdo con esta pol\u00edtica.<br>A menos que se defina lo contrario en esta Pol\u00edtica de Privacidad, los t\u00e9rminos utilizados en esta Pol\u00edtica de Privacidad tienen el mismo significado que en nuestros T\u00e9rminos y Condiciones, accesibles desde la P\u00e1gina de Inicio.<\/p>\n\n\n\n<p><\/p>\n\n\n\n<p>Definiciones<br>----<\/p>\n\n\n\n<p>* Servicio<\/p>\n\n\n\n<p>Service es el sitio web https:\/\/www.chantnow.com operado por Chant Now, una divisi\u00f3n de ISKCON Online.<\/p>\n\n\n\n<p>* Datos personales<\/p>\n\n\n\n<p>Por Datos Personales se entienden los datos relativos a una persona f\u00edsica viva que pueda ser identificada a partir de dichos datos (o de \u00e9stos y de otra informaci\u00f3n que obre en nuestro poder o pueda llegar a obrar en nuestro poder).<\/p>\n\n\n\n<p>* Datos de uso<\/p>\n\n\n\n<p>Los Datos de Uso son datos recogidos autom\u00e1ticamente generados por el uso del Servicio o por la propia infraestructura del Servicio (por ejemplo, la duraci\u00f3n de la visita a una p\u00e1gina).<\/p>\n\n\n\n<p>* Galletas<\/p>\n\n\n\n<p>Las cookies son peque\u00f1os fragmentos de datos que se almacenan en su dispositivo (ordenador o dispositivo m\u00f3vil).<\/p>\n\n\n\n<p>Recogida y uso de la informaci\u00f3n<br>----------<\/p>\n\n\n\n<p>Recopilamos distintos tipos de informaci\u00f3n con diversos fines para prestarle y mejorar nuestro Servicio.<\/p>\n\n\n\n<p>Tipos de datos recogidos<br>~~~~~~~~~~~~~~~~~~~~~~~<\/p>\n\n\n\n<p>Datos personales<br>*************<\/p>\n\n\n\n<p>Al utilizar nuestro Servicio, es posible que le pidamos que nos proporcione cierta informaci\u00f3n de identificaci\u00f3n personal que puede utilizarse para ponernos en contacto con usted o identificarle <br>(\"Datos personales\"). La informaci\u00f3n personal identificable puede incluir, pero no es<br>limitado a:<\/p>\n\n\n\n<p>* Direcci\u00f3n de correo electr\u00f3nico<br>* Nombre y apellidos<br>* N\u00famero de tel\u00e9fono<br>* Direcci\u00f3n, Estado, Provincia, C\u00f3digo postal, Ciudad<br>* Cookies y datos de uso<\/p>\n\n\n\n<p>Podemos utilizar sus Datos Personales para ponernos en contacto con usted y enviarle boletines informativos, material promocional o de marketing y otra informaci\u00f3n que pueda ser de su inter\u00e9s.<br>Puede optar por no recibir ninguna o ninguna de estas comunicaciones de nuestra parte siguiendo el enlace o las instrucciones para darse de baja que figuran en cualquier correo electr\u00f3nico que le enviemos.<\/p>\n\n\n\n<p>Datos de uso<br>**********<\/p>\n\n\n\n<p>Tambi\u00e9n podemos recopilar informaci\u00f3n sobre c\u00f3mo se accede al Servicio y c\u00f3mo se utiliza (\"Datos de uso\"). Estos Datos de Uso pueden incluir informaci\u00f3n como la direcci\u00f3n de Protocolo de Internet de su ordenador (por ejemplo, la direcci\u00f3n IP), el tipo de navegador, la versi\u00f3n del navegador, las p\u00e1ginas de nuestro Servicio que visita, la hora y la fecha de su visita, el tiempo empleado en esas p\u00e1ginas, identificadores \u00fanicos de dispositivos y otros datos de diagn\u00f3stico.<\/p>\n\n\n\n<p>Datos de localizaci\u00f3n<br>*************<\/p>\n\n\n\n<p>Podemos utilizar y almacenar informaci\u00f3n sobre su ubicaci\u00f3n si nos da permiso para ello (\"Datos de Ubicaci\u00f3n\"). Utilizamos estos datos para proporcionar funciones de nuestro Servicio, para mejorar y personalizar nuestro Servicio.<\/p>\n\n\n\n<p>Puede activar o desactivar los servicios de localizaci\u00f3n cuando utilice nuestro Servicio en cualquier momento, a trav\u00e9s de la configuraci\u00f3n de su dispositivo.<\/p>\n\n\n\n<p>Datos de seguimiento y cookies<br>************<\/p>\n\n\n\n<p>Utilizamos cookies y tecnolog\u00edas de seguimiento similares para rastrear la actividad en nuestro Servicio y conservar cierta informaci\u00f3n.<\/p>\n\n\n\n<p>Las cookies son archivos con peque\u00f1as cantidades de datos que pueden incluir un identificador \u00fanico an\u00f3nimo. Las cookies se env\u00edan a su navegador desde un sitio web y se almacenan en su dispositivo. Las tecnolog\u00edas de seguimiento que tambi\u00e9n se utilizan son balizas, etiquetas y scripts para recopilar y rastrear informaci\u00f3n y para mejorar y analizar nuestro Servicio.<\/p>\n\n\n\n<p>Puede configurar su navegador para que rechace todas las cookies o para que le indique cu\u00e1ndo se env\u00eda una cookie. Sin embargo, si no acepta las cookies, es posible que no pueda utilizar algunas partes de nuestro Servicio.<\/p>\n\n\n\n<p>Ejemplos de cookies que utilizamos:<\/p>\n\n\n\n<p>* Cookies de sesi\u00f3n. Utilizamos Cookies de Sesi\u00f3n para operar nuestro Servicio.<br>* Cookies de preferencias. Utilizamos cookies de preferencias para recordar sus preferencias y diversos ajustes.<br>* Cookies de seguridad. Utilizamos Cookies de Seguridad por motivos de seguridad.<\/p>\n\n\n\n<p>Uso de los datos<br>----<\/p>\n\n\n\n<p>Chant Now utiliza los datos recogidos para diversos fines:<\/p>\n\n\n\n<p>* Proporcionar y mantener nuestro Servicio<br>* Para notificarle cambios en nuestro Servicio<br>* Permitirle participar en funciones interactivas de nuestro Servicio cuando decida hacerlo.<br>* Proporcionar atenci\u00f3n al cliente<br>* Para recopilar an\u00e1lisis o informaci\u00f3n valiosa para que podamos mejorar nuestro Servicio<br>* Supervisar el uso de nuestro Servicio<br>* Detectar, prevenir y resolver problemas t\u00e9cnicos<br>* Proporcionarle noticias, ofertas especiales e informaci\u00f3n general sobre otros productos, servicios y eventos que ofrezcamos y que sean similares a los que ya ha adquirido o sobre los que ha preguntado, a menos que haya optado por no recibir dicha informaci\u00f3n.<\/p>\n\n\n\n<p>Transferencia de datos<br>------<\/p>\n\n\n\n<p>Su informaci\u00f3n, incluidos los Datos Personales, puede transferirse y mantenerse en ordenadores situados fuera de su estado, provincia, pa\u00eds u otra jurisdicci\u00f3n gubernamental donde las leyes de protecci\u00f3n de datos puedan diferir de las de su jurisdicci\u00f3n.<\/p>\n\n\n\n<p>Si se encuentra fuera de Estados Unidos y decide proporcionarnos informaci\u00f3n, tenga en cuenta que transferimos los datos, incluidos los datos personales, a Estados Unidos y los procesamos all\u00ed.<\/p>\n\n\n\n<p>Su consentimiento a esta Pol\u00edtica de Privacidad seguido de su env\u00edo de dicha informaci\u00f3n representa su acuerdo a dicha transferencia.<\/p>\n\n\n\n<p>Chant Now tomar\u00e1 todas las medidas razonablemente necesarias para garantizar que sus datos sean tratados de forma segura y de acuerdo con esta Pol\u00edtica de Privacidad y no se realizar\u00e1 ninguna transferencia de sus Datos Personales a una organizaci\u00f3n o pa\u00eds a menos que existan controles adecuados que incluyan la seguridad de<br>sus datos y otra informaci\u00f3n personal.<\/p>\n\n\n\n<p>Divulgaci\u00f3n de datos<br>------<\/p>\n\n\n\n<p>Divulgaci\u00f3n para la aplicaci\u00f3n de la ley<br>~~~~~~~~~~~~~~~~~~~~~~~~~~~~~~<\/p>\n\n\n\n<p>En determinadas circunstancias, Chant Now puede verse obligada a revelar sus Datos Personales si as\u00ed se lo exige la ley o en respuesta a solicitudes v\u00e1lidas de autoridades p\u00fablicas (por ejemplo, un tribunal o una agencia gubernamental).<\/p>\n\n\n\n<p>Requisitos legales<br>~~~~~~~~~~~~~~~~~~<\/p>\n\n\n\n<p>Chant Now puede revelar sus Datos Personales en la creencia de buena fe de que dicha acci\u00f3n es necesaria para:<\/p>\n\n\n\n<p>* Para cumplir una obligaci\u00f3n legal<br>* Para proteger y defender los derechos o la propiedad de Chant Now, una divisi\u00f3n de ISKCON Online<br>* Para prevenir o investigar posibles irregularidades en relaci\u00f3n con el Servicio<br>* Proteger la seguridad personal de los usuarios del Servicio o del p\u00fablico.<br>* Protecci\u00f3n frente a la responsabilidad legal<\/p>\n\n\n\n<p>Seguridad de los datos<br>------<\/p>\n\n\n\n<p>La seguridad de sus datos es importante para nosotros, pero recuerde que ning\u00fan m\u00e9todo de transmisi\u00f3n por Internet, o m\u00e9todo de almacenamiento electr\u00f3nico es 100% seguro. Aunque nos esforzamos por utilizar medios comercialmente aceptables para proteger sus Datos Personales, no podemos garantizar su seguridad absoluta.<\/p>\n\n\n\n<p>\"Se\u00f1ales \"Do Not Track<br>--------<\/p>\n\n\n\n<p>No admitimos Do Not Track (\"DNT\"). Do Not Track es una preferencia que puede configurar en su navegador web para informar a los sitios web de que no desea ser rastreado.<\/p>\n\n\n\n<p>Puede activar o desactivar Do Not Track visitando la p\u00e1gina de Preferencias o Configuraci\u00f3n de su navegador web.<\/p>\n\n\n\n<p>Proveedores de servicios<br>------<\/p>\n\n\n\n<p>Podemos emplear a terceras empresas y personas para facilitar nuestro Servicio (\"Proveedores de Servicios\"), para prestar el Servicio en nuestro nombre, para realizar servicios relacionados con el Servicio o para ayudarnos a analizar c\u00f3mo se utiliza nuestro Servicio.<\/p>\n\n\n\n<p>Estos terceros s\u00f3lo tienen acceso a sus Datos Personales para realizar estas tareas en nuestro nombre y est\u00e1n obligados a no divulgarlos ni utilizarlos para ning\u00fan otro fin.<\/p>\n\n\n\n<p>Anal\u00edtica<br>~~~~~~~~~<\/p>\n\n\n\n<p>Podemos utilizar proveedores de servicios externos para supervisar y analizar el uso de nuestro Servicio.<\/p>\n\n\n\n<p>* Google Analytics<\/p>\n\n\n\n<p>Google Analytics es un servicio de an\u00e1lisis web ofrecido por Google que rastrea e informa sobre el tr\u00e1fico del sitio web. Google utiliza los datos recopilados para rastrear y supervisar el uso de nuestro Servicio. Estos datos se comparten con otros servicios de Google. Google puede utilizar los datos recopilados para contextualizar y personalizar los anuncios de su propia red publicitaria.<\/p>\n\n\n\n<p>Puede optar por no poner su actividad en el Servicio a disposici\u00f3n de Google Analytics instalando el complemento de inhabilitaci\u00f3n para navegadores de Google Analytics. El complemento impide que el JavaScript de Google Analytics (ga.js,<br>analytics.js y dc.js) de compartir informaci\u00f3n con Google Analytics sobre la actividad de las visitas.<\/p>\n\n\n\n<p>Para obtener m\u00e1s informaci\u00f3n sobre las pr\u00e1cticas de privacidad de Google, visite la p\u00e1gina web de privacidad y condiciones de Google:<\/p>\n\n\n\n<p>Remarketing comportamental<br>~~~~~~~~~~~~~~~~~~~~~~<\/p>\n\n\n\n<p>Chantnow.com puede utilizar servicios de remarketing para anunciarse en sitios web de terceros despu\u00e9s de haber visitado nuestro Servicio. Nosotros y nuestros proveedores externos utilizamos cookies para informar, optimizar y publicar anuncios basados en sus visitas anteriores a nuestro Servicio.<\/p>\n\n\n\n<p>* Anuncios de Google<\/p>\n\n\n\n<p>El servicio de remarketing de Google Ads es proporcionado por Google Inc.<\/p>\n\n\n\n<p>Puede inhabilitar Google Analytics para la publicidad gr\u00e1fica y personalizar los anuncios de la Red de Display de Google visitando la p\u00e1gina de configuraci\u00f3n de anuncios de Google:<\/p>\n\n\n\n<p>Google tambi\u00e9n recomienda instalar el Complemento de inhabilitaci\u00f3n para navegadores de Google Analytics -  \\- para su navegador web. El Complemento de inhabilitaci\u00f3n para navegadores de Google Analytics ofrece a los visitantes la posibilidad de impedir que Google recopile y utilice sus datos.<br>Anal\u00edtica.<\/p>\n\n\n\n<p>Para obtener m\u00e1s informaci\u00f3n sobre las pr\u00e1cticas de privacidad de Google, visite la p\u00e1gina web de privacidad y condiciones de Google:<\/p>\n\n\n\n<p>* Facebook<\/p>\n\n\n\n<p>El servicio de remarketing de Facebook es proporcionado por Facebook Inc.<\/p>\n\n\n\n<p>Puedes obtener m\u00e1s informaci\u00f3n sobre la publicidad basada en intereses de Facebook visitando esta p\u00e1gina:<\/p>\n\n\n\n<p>Para excluirte de los anuncios basados en intereses de Facebook sigue estas instrucciones de Facebook:<\/p>\n\n\n\n<p>Facebook se adhiere a los Principios de Autorregulaci\u00f3n de la Publicidad Comportamental en Internet establecidos por la Digital Advertising Alliance. Tambi\u00e9n puedes darte de baja de Facebook y otras empresas participantes a trav\u00e9s de la Digital Advertising Alliance en EE.UU.<br>, la Digital Advertising Alliance of Canada en Canad\u00e1  o la European Interactive Digital Advertising Alliance en Europa , o excluirse mediante la configuraci\u00f3n de su dispositivo m\u00f3vil.<\/p>\n\n\n\n<p>Para obtener m\u00e1s informaci\u00f3n sobre las pr\u00e1cticas de privacidad de Facebook, visite la Pol\u00edtica de datos de Facebook:<\/p>\n\n\n\n<p>* Pinterest<\/p>\n\n\n\n<p>El servicio de remarketing de Pinterest es proporcionado por Pinterest Inc.<\/p>\n\n\n\n<p>Puede darse de baja de los anuncios basados en intereses de Pinterest activando la funci\u00f3n \"Do Not Track\" de su navegador web o siguiendo las instrucciones de Pinterest: http:\/\/help.pinterest.com\/en\/articles\/personalization-and-data&gt;<\/p>\n\n\n\n<p>Puede obtener m\u00e1s informaci\u00f3n sobre las pr\u00e1cticas y pol\u00edticas de privacidad de Pinterest visitando su p\u00e1gina de Pol\u00edtica de privacidad:<\/p>\n\n\n\n<p>Enlaces a otros sitios<br>-------<\/p>\n\n\n\n<p>Nuestro Servicio puede contener enlaces a otros sitios que no son operados por nosotros. Si hace clic en un enlace de terceros, ser\u00e1 dirigido al sitio de ese tercero. Le recomendamos encarecidamente que revise la Pol\u00edtica de Privacidad de cada sitio que visite.<\/p>\n\n\n\n<p>No tenemos ning\u00fan control ni asumimos ninguna responsabilidad por el contenido, las pol\u00edticas de privacidad o las pr\u00e1cticas de los sitios o servicios de terceros.<\/p>\n\n\n\n<p>Privacidad infantil<br>------<\/p>\n\n\n\n<p>Nuestro Servicio no se dirige a menores de 18 a\u00f1os (\"Ni\u00f1os\").<\/p>\n\n\n\n<p>No recopilamos conscientemente informaci\u00f3n personal identificable de menores de 18 a\u00f1os. Si usted es padre o tutor y tiene conocimiento de que su hijo nos ha proporcionado Datos Personales, p\u00f3ngase en contacto con nosotros. Si tenemos conocimiento de que hemos recopilado Datos personales de ni\u00f1os sin verificarlos<br>del consentimiento paterno, tomamos medidas para eliminar esa informaci\u00f3n de nuestros servidores.<\/p>\n\n\n\n<p>Cambios en esta pol\u00edtica de privacidad<br>----------<\/p>\n\n\n\n<p>Es posible que actualicemos nuestra Pol\u00edtica de Privacidad de vez en cuando. Le notificaremos cualquier cambio publicando la nueva Pol\u00edtica de Privacidad en esta p\u00e1gina.<\/p>\n\n\n\n<p>Le informaremos por correo electr\u00f3nico y\/o mediante un aviso destacado en nuestro Servicio, antes de que el cambio entre en vigor y actualizaremos la \"fecha de entrada en vigor\" en la parte superior de esta Pol\u00edtica de Privacidad.<\/p>\n\n\n\n<p>Le aconsejamos que revise peri\u00f3dicamente esta Pol\u00edtica de Privacidad para comprobar si se han producido cambios. Las modificaciones de esta Pol\u00edtica de Privacidad entrar\u00e1n en vigor cuando se publiquen en esta p\u00e1gina.<\/p>\n\n\n\n<p>P\u00f3ngase en contacto con nosotros<br>----<\/p>\n\n\n\n<p>Si tiene alguna pregunta sobre esta Pol\u00edtica de privacidad, p\u00f3ngase en contacto con nosotros:<\/p>\n\n\n\n<p>* Por correo electr\u00f3nico: hello@chantnow.com<\/p>","protected":false},"excerpt":{"rendered":"<p>El viaje espiritual de cada uno es privado y tambi\u00e9n lo es su informaci\u00f3n. Nos aseguraremos de que la confianza que ha depositado en nosotros con respecto al manejo de...<\/p>","protected":false},"author":12,"featured_media":0,"parent":0,"menu_order":0,"comment_status":"closed","ping_status":"closed","template":"","meta":{"content-type":"","pmpro_default_level":"","footnotes":""},"class_list":["post-31115","page","type-page","status-publish","hentry","pmpro-has-access"],"yoast_head":"<!-- This site is optimized with the Yoast SEO plugin v27.3 - https:\/\/yoast.com\/product\/yoast-seo-wordpress\/ -->\n<title>Privacy Policy - Chant Now<\/title>\n<meta name=\"robots\" content=\"index, follow, max-snippet:-1, max-image-preview:large, max-video-preview:-1\" \/>\n<link rel=\"canonical\" href=\"https:\/\/chantnow.com\/es\/privacy-policy-2\/\" \/>\n<meta property=\"og:locale\" content=\"es_ES\" \/>\n<meta property=\"og:type\" content=\"article\" \/>\n<meta property=\"og:title\" content=\"Privacy Policy - Chant Now\" \/>\n<meta property=\"og:description\" content=\"One&#8217;s spiritual journey is private and so is your information. We will make sure the trust you have placed in us regarding the handling of&hellip;\" \/>\n<meta property=\"og:url\" content=\"https:\/\/chantnow.com\/es\/privacy-policy-2\/\" \/>\n<meta property=\"og:site_name\" content=\"Chant Now\" \/>\n<meta property=\"article:modified_time\" content=\"2024-01-26T15:57:06+00:00\" \/>\n<meta name=\"twitter:card\" content=\"summary_large_image\" \/>\n<meta name=\"twitter:label1\" content=\"Tiempo de lectura\" \/>\n\t<meta name=\"twitter:data1\" content=\"9 minutos\" \/>\n<script type=\"application\/ld+json\" class=\"yoast-schema-graph\">{\"@context\":\"https:\\\/\\\/schema.org\",\"@graph\":[{\"@type\":\"WebPage\",\"@id\":\"https:\\\/\\\/chantnow.com\\\/privacy-policy-2\\\/\",\"url\":\"https:\\\/\\\/chantnow.com\\\/privacy-policy-2\\\/\",\"name\":\"Privacy Policy - Chant Now\",\"isPartOf\":{\"@id\":\"https:\\\/\\\/chantnow.com\\\/es\\\/#website\"},\"datePublished\":\"2022-11-08T09:51:51+00:00\",\"dateModified\":\"2024-01-26T15:57:06+00:00\",\"breadcrumb\":{\"@id\":\"https:\\\/\\\/chantnow.com\\\/privacy-policy-2\\\/#breadcrumb\"},\"inLanguage\":\"es\",\"potentialAction\":[{\"@type\":\"ReadAction\",\"target\":[\"https:\\\/\\\/chantnow.com\\\/privacy-policy-2\\\/\"]}]},{\"@type\":\"BreadcrumbList\",\"@id\":\"https:\\\/\\\/chantnow.com\\\/privacy-policy-2\\\/#breadcrumb\",\"itemListElement\":[{\"@type\":\"ListItem\",\"position\":1,\"name\":\"Home\",\"item\":\"https:\\\/\\\/chantnow.com\\\/\"},{\"@type\":\"ListItem\",\"position\":2,\"name\":\"Privacy Policy\"}]},{\"@type\":\"WebSite\",\"@id\":\"https:\\\/\\\/chantnow.com\\\/es\\\/#website\",\"url\":\"https:\\\/\\\/chantnow.com\\\/es\\\/\",\"name\":\"Chant Now\",\"description\":\"Online Bhakti Community\",\"publisher\":{\"@id\":\"https:\\\/\\\/chantnow.com\\\/es\\\/#organization\"},\"potentialAction\":[{\"@type\":\"SearchAction\",\"target\":{\"@type\":\"EntryPoint\",\"urlTemplate\":\"https:\\\/\\\/chantnow.com\\\/es\\\/?s={search_term_string}\"},\"query-input\":{\"@type\":\"PropertyValueSpecification\",\"valueRequired\":true,\"valueName\":\"search_term_string\"}}],\"inLanguage\":\"es\"},{\"@type\":\"Organization\",\"@id\":\"https:\\\/\\\/chantnow.com\\\/es\\\/#organization\",\"name\":\"Chant Now\",\"url\":\"https:\\\/\\\/chantnow.com\\\/es\\\/\",\"logo\":{\"@type\":\"ImageObject\",\"inLanguage\":\"es\",\"@id\":\"https:\\\/\\\/chantnow.com\\\/es\\\/#\\\/schema\\\/logo\\\/image\\\/\",\"url\":\"https:\\\/\\\/chantnow.com\\\/wp-content\\\/uploads\\\/2023\\\/07\\\/chant-now-logo-circle.png\",\"contentUrl\":\"https:\\\/\\\/chantnow.com\\\/wp-content\\\/uploads\\\/2023\\\/07\\\/chant-now-logo-circle.png\",\"width\":251,\"height\":251,\"caption\":\"Chant Now\"},\"image\":{\"@id\":\"https:\\\/\\\/chantnow.com\\\/es\\\/#\\\/schema\\\/logo\\\/image\\\/\"}}]}<\/script>\n<!-- \/ Yoast SEO plugin. -->","yoast_head_json":{"title":"Pol\u00edtica de privacidad - Chant Now","robots":{"index":"index","follow":"follow","max-snippet":"max-snippet:-1","max-image-preview":"max-image-preview:large","max-video-preview":"max-video-preview:-1"},"canonical":"https:\/\/chantnow.com\/es\/privacy-policy-2\/","og_locale":"es_ES","og_type":"article","og_title":"Privacy Policy - Chant Now","og_description":"One&#8217;s spiritual journey is private and so is your information. We will make sure the trust you have placed in us regarding the handling of&hellip;","og_url":"https:\/\/chantnow.com\/es\/privacy-policy-2\/","og_site_name":"Chant Now","article_modified_time":"2024-01-26T15:57:06+00:00","twitter_card":"summary_large_image","twitter_misc":{"Tiempo de lectura":"9 minutos"},"schema":{"@context":"https:\/\/schema.org","@graph":[{"@type":"WebPage","@id":"https:\/\/chantnow.com\/privacy-policy-2\/","url":"https:\/\/chantnow.com\/privacy-policy-2\/","name":"Pol\u00edtica de privacidad - Chant Now","isPartOf":{"@id":"https:\/\/chantnow.com\/es\/#website"},"datePublished":"2022-11-08T09:51:51+00:00","dateModified":"2024-01-26T15:57:06+00:00","breadcrumb":{"@id":"https:\/\/chantnow.com\/privacy-policy-2\/#breadcrumb"},"inLanguage":"es","potentialAction":[{"@type":"ReadAction","target":["https:\/\/chantnow.com\/privacy-policy-2\/"]}]},{"@type":"BreadcrumbList","@id":"https:\/\/chantnow.com\/privacy-policy-2\/#breadcrumb","itemListElement":[{"@type":"ListItem","position":1,"name":"Home","item":"https:\/\/chantnow.com\/"},{"@type":"ListItem","position":2,"name":"Privacy Policy"}]},{"@type":"WebSite","@id":"https:\/\/chantnow.com\/es\/#website","url":"https:\/\/chantnow.com\/es\/","name":"Cantar ahora","description":"Comunidad Bhakti en l\u00ednea","publisher":{"@id":"https:\/\/chantnow.com\/es\/#organization"},"potentialAction":[{"@type":"SearchAction","target":{"@type":"EntryPoint","urlTemplate":"https:\/\/chantnow.com\/es\/?s={search_term_string}"},"query-input":{"@type":"PropertyValueSpecification","valueRequired":true,"valueName":"search_term_string"}}],"inLanguage":"es"},{"@type":"Organization","@id":"https:\/\/chantnow.com\/es\/#organization","name":"Cantar ahora","url":"https:\/\/chantnow.com\/es\/","logo":{"@type":"ImageObject","inLanguage":"es","@id":"https:\/\/chantnow.com\/es\/#\/schema\/logo\/image\/","url":"https:\/\/chantnow.com\/wp-content\/uploads\/2023\/07\/chant-now-logo-circle.png","contentUrl":"https:\/\/chantnow.com\/wp-content\/uploads\/2023\/07\/chant-now-logo-circle.png","width":251,"height":251,"caption":"Chant Now"},"image":{"@id":"https:\/\/chantnow.com\/es\/#\/schema\/logo\/image\/"}}]}},"_links":{"self":[{"href":"https:\/\/chantnow.com\/es\/wp-json\/wp\/v2\/pages\/31115","targetHints":{"allow":["GET"]}}],"collection":[{"href":"https:\/\/chantnow.com\/es\/wp-json\/wp\/v2\/pages"}],"about":[{"href":"https:\/\/chantnow.com\/es\/wp-json\/wp\/v2\/types\/page"}],"author":[{"embeddable":true,"href":"https:\/\/chantnow.com\/es\/wp-json\/wp\/v2\/users\/12"}],"replies":[{"embeddable":true,"href":"https:\/\/chantnow.com\/es\/wp-json\/wp\/v2\/comments?post=31115"}],"version-history":[{"count":3,"href":"https:\/\/chantnow.com\/es\/wp-json\/wp\/v2\/pages\/31115\/revisions"}],"predecessor-version":[{"id":40822,"href":"https:\/\/chantnow.com\/es\/wp-json\/wp\/v2\/pages\/31115\/revisions\/40822"}],"wp:attachment":[{"href":"https:\/\/chantnow.com\/es\/wp-json\/wp\/v2\/media?parent=31115"}],"curies":[{"name":"wp","href":"https:\/\/api.w.org\/{rel}","templated":true}]}}