{"id":28818,"date":"2022-09-01T21:34:29","date_gmt":"2022-09-01T21:34:29","guid":{"rendered":"https:\/\/chantnow.com\/?page_id=28818"},"modified":"2022-09-01T22:33:42","modified_gmt":"2022-09-01T22:33:42","slug":"start-your-first-coaching-session","status":"publish","type":"page","link":"https:\/\/chantnow.com\/es\/start-your-first-coaching-session\/","title":{"rendered":"Inicie su primera sesi\u00f3n de coaching"},"content":{"rendered":"<div data-elementor-type=\"wp-page\" data-elementor-id=\"28818\" class=\"elementor elementor-28818\" data-elementor-post-type=\"page\">\n\t\t\t\t\t\t<section class=\"elementor-section elementor-top-section elementor-element elementor-element-7b37637 elementor-section-boxed elementor-section-height-default elementor-section-height-default\" data-id=\"7b37637\" data-element_type=\"section\" data-e-type=\"section\">\n\t\t\t\t\t\t<div class=\"elementor-container elementor-column-gap-default\">\n\t\t\t\t\t<div class=\"elementor-column elementor-col-100 elementor-top-column elementor-element elementor-element-9dbf7ba\" data-id=\"9dbf7ba\" data-element_type=\"column\" data-e-type=\"column\">\n\t\t\t<div class=\"elementor-widget-wrap elementor-element-populated\">\n\t\t\t\t\t\t<div class=\"elementor-element elementor-element-74dbd84 eael-team-align-eael-team-align-default elementor-widget elementor-widget-eael-team-member\" data-id=\"74dbd84\" data-element_type=\"widget\" data-e-type=\"widget\" data-widget_type=\"eael-team-member.default\">\n\t\t\t\t<div class=\"elementor-widget-container\">\n\t\t\t\t\t\n\n\t<div id=\"eael-team-member-74dbd84\" class=\"eael-team-item eael-team-members-overlay\">\n\t\t<div class=\"eael-team-item-inner\">\n\t\t\t<div class=\"eael-team-image\">\n\t\t\t\t<figure>\n\t\t\t\t\t\t\t\t\t\t<img decoding=\"async\" src=\"https:\/\/chantnow.com\/wp-content\/uploads\/2019\/05\/Veena-Maliki-Reading-Bhagavad-Gita2-150x150.jpg\" alt=\"\">\n\t\t\t\t\t\t\t\t\t<\/figure>\n\t\t\t\t\n\t\t\t\t\n\t\t\t<\/div>\n\n\t\t\t<div class=\"eael-team-content\">\n\t\t\t\t<h2 class=\"eael-team-member-name\">Juan Nadie<\/h2><h3 class=\"eael-team-member-position\">Ingeniero de software<\/h3>\n\t\t\t\t\t\t\t\t\t\t\t\t\t\t\t<ul class=\"eael-team-member-social-profiles\">\n\t\t\t\t\t\t\t\t\t\t\t\t\t\t\t\t\t\t\t\t\t\t\t\t\t\t\t\t\t\t\t\t\t\t\t\t\t\t\t\t\t<li class=\"eael-team-member-social-link\">\n\t\t\t\t\t\t\t\t\t\t<a target=\"_blank\">\n\t\t\t\t\t\t\t\t\t\t\t\t\t\t\t\t\t\t\t\t\t\t\t<i aria-hidden=\"true\" class=\"fab fa-facebook\"><\/i>\t\t\t\t\t\t\t\t\t\t\t\t\t\t\t\t\t\t\t\t\t<\/a>\n\t\t\t\t\t\t\t\t\t<\/li>\n\t\t\t\t\t\t\t\t\t\t\t\t\t\t\t\t\t\t\t\t\t\t\t\t\t\t\t\t\t\t\t\t\t\t\t\t\t\t\t\t\t\t\t\t\t\t\t\t\t<li class=\"eael-team-member-social-link\">\n\t\t\t\t\t\t\t\t\t\t<a target=\"_blank\">\n\t\t\t\t\t\t\t\t\t\t\t\t\t\t\t\t\t\t\t\t\t\t\t<i aria-hidden=\"true\" class=\"fab fa-twitter\"><\/i>\t\t\t\t\t\t\t\t\t\t\t\t\t\t\t\t\t\t\t\t\t<\/a>\n\t\t\t\t\t\t\t\t\t<\/li>\n\t\t\t\t\t\t\t\t\t\t\t\t\t\t\t\t\t\t\t\t\t\t\t\t\t\t\t\t\t\t\t\t\t\t\t\t\t\t\t\t\t\t\t\t\t\t\t\t\t<li class=\"eael-team-member-social-link\">\n\t\t\t\t\t\t\t\t\t\t<a target=\"_blank\">\n\t\t\t\t\t\t\t\t\t\t\t\t\t\t\t\t\t\t\t\t\t\t\t<i aria-hidden=\"true\" class=\"fab fa-google-plus\"><\/i>\t\t\t\t\t\t\t\t\t\t\t\t\t\t\t\t\t\t\t\t\t<\/a>\n\t\t\t\t\t\t\t\t\t<\/li>\n\t\t\t\t\t\t\t\t\t\t\t\t\t\t\t\t\t\t\t\t\t\t\t\t\t\t\t\t\t\t\t\t\t\t\t\t\t\t\t\t\t\t\t\t\t\t\t\t\t<li class=\"eael-team-member-social-link\">\n\t\t\t\t\t\t\t\t\t\t<a target=\"_blank\">\n\t\t\t\t\t\t\t\t\t\t\t\t\t\t\t\t\t\t\t\t\t\t\t<i aria-hidden=\"true\" class=\"fab fa-linkedin\"><\/i>\t\t\t\t\t\t\t\t\t\t\t\t\t\t\t\t\t\t\t\t\t<\/a>\n\t\t\t\t\t\t\t\t\t<\/li>\n\t\t\t\t\t\t\t\t\t\t\t\t\t\t\t\t\t\t\t\t\t<\/ul>\n\t\t\t\t\t\t\t\t\t\t<p class=\"eael-team-text\">A\u00f1ada aqu\u00ed la descripci\u00f3n del miembro del equipo. Elimine el texto si no es necesario.<\/p>\n\t\t\t\t\t\t\t<\/div>\n\t\t<\/div>\n\t<\/div>\n\t\t\t\t\t<\/div>\n\t\t\t\t<\/div>\n\t\t\t\t\t<\/div>\n\t\t<\/div>\n\t\t\t\t\t<\/div>\n\t\t<\/section>\n\t\t\t\t<section class=\"elementor-section elementor-top-section elementor-element elementor-element-d9d6ccf elementor-section-boxed elementor-section-height-default elementor-section-height-default\" data-id=\"d9d6ccf\" data-element_type=\"section\" data-e-type=\"section\">\n\t\t\t\t\t\t<div class=\"elementor-container elementor-column-gap-default\">\n\t\t\t\t\t<div class=\"elementor-column elementor-col-100 elementor-top-column elementor-element elementor-element-2cb50be\" data-id=\"2cb50be\" data-element_type=\"column\" data-e-type=\"column\">\n\t\t\t<div class=\"elementor-widget-wrap elementor-element-populated\">\n\t\t\t\t\t\t<div class=\"elementor-element elementor-element-bcd0b5d elementor-widget elementor-widget-bbp-members\" data-id=\"bcd0b5d\" data-element_type=\"widget\" data-e-type=\"widget\" data-widget_type=\"bbp-members.default\">\n\t\t\t\t<div class=\"elementor-widget-container\">\n\t\t\t\t\t\n<div class=\"bb-members\">\n\n\t\t\t<div class=\"bb-block-header flex align-items-center\">\n\t\t\t<div class=\"bb-block-header__title\"><h3>Entrenadores<\/h3><\/div>\n\t\t\t\t\t<\/div>\n\t\t\n\t<div class=\"bbel-list-flow\">\n\t\t\n\t\t\t\t<div class=\"bb-members-list bb-members-list--active bb-no-data bb-no-data--members active\">\n\t\t\t\t\t<img decoding=\"async\" class=\"bb-no-data__image\" src=\"https:\/\/chantnow.com\/wp-content\/themes\/buddyboss-theme\/assets\/images\/svg\/dfy-no-data-icon03.svg\" alt=\"Members\"\/>\n\t\t\t\t\t<div>Sorry, no members were found.<\/div>\n\t\t\t\t<\/div>\n\n\t\t\t\t\n\t\t\t\t<div class=\"bb-members-list bb-members-list--popular bb-no-data bb-no-data--members\">\n\t\t\t\t\t<img decoding=\"async\" class=\"bb-no-data__image\" src=\"https:\/\/chantnow.com\/wp-content\/themes\/buddyboss-theme\/assets\/images\/svg\/dfy-no-data-icon03.svg\" alt=\"Members\"\/>\n\t\t\t\t\t<div>Sorry, no members were found.<\/div>\n\t\t\t\t<\/div>\n\n\t\t\t\t\n\t\t\t\t<div class=\"bb-members-list bb-members-list--newest bb-no-data bb-no-data--members\">\n\t\t\t\t\t<img decoding=\"async\" class=\"bb-no-data__image\" src=\"https:\/\/chantnow.com\/wp-content\/themes\/buddyboss-theme\/assets\/images\/svg\/dfy-no-data-icon03.svg\" alt=\"Members\"\/>\n\t\t\t\t\t<div>Sorry, no members were found.<\/div>\n\t\t\t\t<\/div>\n\n\t\t\t\t\t<\/div>\n\n<\/div>\n\t\t\t\t<\/div>\n\t\t\t\t<\/div>\n\t\t\t\t\t<\/div>\n\t\t<\/div>\n\t\t\t\t\t<\/div>\n\t\t<\/section>\n\t\t\t\t<section class=\"elementor-section elementor-top-section elementor-element elementor-element-03b0caf elementor-section-boxed elementor-section-height-default elementor-section-height-default\" data-id=\"03b0caf\" data-element_type=\"section\" data-e-type=\"section\">\n\t\t\t\t\t\t<div class=\"elementor-container elementor-column-gap-default\">\n\t\t\t\t\t<div class=\"elementor-column elementor-col-100 elementor-top-column elementor-element elementor-element-8723e1c\" data-id=\"8723e1c\" data-element_type=\"column\" data-e-type=\"column\">\n\t\t\t<div class=\"elementor-widget-wrap elementor-element-populated\">\n\t\t\t\t\t\t<div class=\"elementor-element elementor-element-09bd77d content-align-cta-default elementor-widget elementor-widget-eael-cta-box\" data-id=\"09bd77d\" data-element_type=\"widget\" data-e-type=\"widget\" data-widget_type=\"eael-cta-box.default\">\n\t\t\t\t<div class=\"elementor-widget-container\">\n\t\t\t\t\t\t\t<div class=\"eael-call-to-action cta-basic bg-lite cta-preset-1\">\n        <h2 class=\"title eael-cta-heading\">Programar ahora<\/h2><p>Haga clic a continuaci\u00f3n para programar su primera sesi\u00f3n con uno de nuestros entrenadores<\/p><a href=\"https:\/\/calendly.com\/pancharatna\/initial-coaching-session\" class=\"cta-button cta-preset-1\">Horario<\/a>\t<\/div>\n\t\t\t\t\t\t\t\t<\/div>\n\t\t\t\t<\/div>\n\t\t\t\t\t<\/div>\n\t\t<\/div>\n\t\t\t\t\t<\/div>\n\t\t<\/section>\n\t\t\t\t<section class=\"elementor-section elementor-top-section elementor-element elementor-element-acf56a9 elementor-section-boxed elementor-section-height-default elementor-section-height-default\" data-id=\"acf56a9\" data-element_type=\"section\" data-e-type=\"section\">\n\t\t\t\t\t\t<div class=\"elementor-container elementor-column-gap-default\">\n\t\t\t\t\t<div class=\"elementor-column elementor-col-100 elementor-top-column elementor-element elementor-element-1dbb5e2\" data-id=\"1dbb5e2\" data-element_type=\"column\" data-e-type=\"column\">\n\t\t\t<div class=\"elementor-widget-wrap\">\n\t\t\t\t\t\t\t<\/div>\n\t\t<\/div>\n\t\t\t\t\t<\/div>\n\t\t<\/section>\n\t\t\t\t<\/div>","protected":false},"excerpt":{"rendered":"<p>John Doe Software Engineer Add team member description here. Remove the text if not necessary. Coaches urugaya Gita test urugaya Gita test Gita urugaya Schedule&hellip;<\/p>","protected":false},"author":23,"featured_media":0,"parent":0,"menu_order":0,"comment_status":"closed","ping_status":"closed","template":"","meta":{"content-type":"","pmpro_default_level":"","footnotes":""},"class_list":["post-28818","page","type-page","status-publish","hentry","pmpro-has-access"],"yoast_head":"<!-- This site is optimized with the Yoast SEO plugin v27.4 - https:\/\/yoast.com\/product\/yoast-seo-wordpress\/ -->\n<title>Start your first coaching session - Chant Now<\/title>\n<meta name=\"robots\" content=\"index, follow, max-snippet:-1, max-image-preview:large, max-video-preview:-1\" \/>\n<link rel=\"canonical\" href=\"https:\/\/chantnow.com\/es\/start-your-first-coaching-session\/\" \/>\n<meta property=\"og:locale\" content=\"es_ES\" \/>\n<meta property=\"og:type\" content=\"article\" \/>\n<meta property=\"og:title\" content=\"Start your first coaching session - Chant Now\" \/>\n<meta property=\"og:description\" content=\"John Doe Software Engineer Add team member description here. Remove the text if not necessary. Coaches urugaya Gita test urugaya Gita test Gita urugaya Schedule&hellip;\" \/>\n<meta property=\"og:url\" content=\"https:\/\/chantnow.com\/es\/start-your-first-coaching-session\/\" \/>\n<meta property=\"og:site_name\" content=\"Chant Now\" \/>\n<meta property=\"article:modified_time\" content=\"2022-09-01T22:33:42+00:00\" \/>\n<meta property=\"og:image\" content=\"https:\/\/community.chantnow.com\/wp-content\/uploads\/2019\/05\/Veena-Maliki-Reading-Bhagavad-Gita2-150x150.jpg\" \/>\n<meta name=\"twitter:card\" content=\"summary_large_image\" \/>\n<script type=\"application\/ld+json\" class=\"yoast-schema-graph\">{\"@context\":\"https:\\\/\\\/schema.org\",\"@graph\":[{\"@type\":\"WebPage\",\"@id\":\"https:\\\/\\\/chantnow.com\\\/start-your-first-coaching-session\\\/\",\"url\":\"https:\\\/\\\/chantnow.com\\\/start-your-first-coaching-session\\\/\",\"name\":\"Start your first coaching session - Chant Now\",\"isPartOf\":{\"@id\":\"https:\\\/\\\/chantnow.com\\\/es\\\/#website\"},\"primaryImageOfPage\":{\"@id\":\"https:\\\/\\\/chantnow.com\\\/start-your-first-coaching-session\\\/#primaryimage\"},\"image\":{\"@id\":\"https:\\\/\\\/chantnow.com\\\/start-your-first-coaching-session\\\/#primaryimage\"},\"thumbnailUrl\":\"https:\\\/\\\/chantnow.com\\\/wp-content\\\/uploads\\\/2019\\\/05\\\/Veena-Maliki-Reading-Bhagavad-Gita2-150x150.jpg\",\"datePublished\":\"2022-09-01T21:34:29+00:00\",\"dateModified\":\"2022-09-01T22:33:42+00:00\",\"breadcrumb\":{\"@id\":\"https:\\\/\\\/chantnow.com\\\/start-your-first-coaching-session\\\/#breadcrumb\"},\"inLanguage\":\"es\",\"potentialAction\":[{\"@type\":\"ReadAction\",\"target\":[\"https:\\\/\\\/chantnow.com\\\/start-your-first-coaching-session\\\/\"]}]},{\"@type\":\"ImageObject\",\"inLanguage\":\"es\",\"@id\":\"https:\\\/\\\/chantnow.com\\\/start-your-first-coaching-session\\\/#primaryimage\",\"url\":\"https:\\\/\\\/chantnow.com\\\/wp-content\\\/uploads\\\/2019\\\/05\\\/Veena-Maliki-Reading-Bhagavad-Gita2-150x150.jpg\",\"contentUrl\":\"https:\\\/\\\/chantnow.com\\\/wp-content\\\/uploads\\\/2019\\\/05\\\/Veena-Maliki-Reading-Bhagavad-Gita2-150x150.jpg\"},{\"@type\":\"BreadcrumbList\",\"@id\":\"https:\\\/\\\/chantnow.com\\\/start-your-first-coaching-session\\\/#breadcrumb\",\"itemListElement\":[{\"@type\":\"ListItem\",\"position\":1,\"name\":\"Home\",\"item\":\"https:\\\/\\\/chantnow.com\\\/\"},{\"@type\":\"ListItem\",\"position\":2,\"name\":\"Start your first coaching session\"}]},{\"@type\":\"WebSite\",\"@id\":\"https:\\\/\\\/chantnow.com\\\/es\\\/#website\",\"url\":\"https:\\\/\\\/chantnow.com\\\/es\\\/\",\"name\":\"Chant Now\",\"description\":\"Online Bhakti Community\",\"publisher\":{\"@id\":\"https:\\\/\\\/chantnow.com\\\/es\\\/#organization\"},\"potentialAction\":[{\"@type\":\"SearchAction\",\"target\":{\"@type\":\"EntryPoint\",\"urlTemplate\":\"https:\\\/\\\/chantnow.com\\\/es\\\/?s={search_term_string}\"},\"query-input\":{\"@type\":\"PropertyValueSpecification\",\"valueRequired\":true,\"valueName\":\"search_term_string\"}}],\"inLanguage\":\"es\"},{\"@type\":\"Organization\",\"@id\":\"https:\\\/\\\/chantnow.com\\\/es\\\/#organization\",\"name\":\"Chant Now\",\"url\":\"https:\\\/\\\/chantnow.com\\\/es\\\/\",\"logo\":{\"@type\":\"ImageObject\",\"inLanguage\":\"es\",\"@id\":\"https:\\\/\\\/chantnow.com\\\/es\\\/#\\\/schema\\\/logo\\\/image\\\/\",\"url\":\"https:\\\/\\\/chantnow.com\\\/wp-content\\\/uploads\\\/2023\\\/07\\\/chant-now-logo-circle.png\",\"contentUrl\":\"https:\\\/\\\/chantnow.com\\\/wp-content\\\/uploads\\\/2023\\\/07\\\/chant-now-logo-circle.png\",\"width\":251,\"height\":251,\"caption\":\"Chant Now\"},\"image\":{\"@id\":\"https:\\\/\\\/chantnow.com\\\/es\\\/#\\\/schema\\\/logo\\\/image\\\/\"}}]}<\/script>\n<!-- \/ Yoast SEO plugin. -->","yoast_head_json":{"title":"Inicie su primera sesi\u00f3n de coaching - Chant Now","robots":{"index":"index","follow":"follow","max-snippet":"max-snippet:-1","max-image-preview":"max-image-preview:large","max-video-preview":"max-video-preview:-1"},"canonical":"https:\/\/chantnow.com\/es\/start-your-first-coaching-session\/","og_locale":"es_ES","og_type":"article","og_title":"Start your first coaching session - Chant Now","og_description":"John Doe Software Engineer Add team member description here. Remove the text if not necessary. Coaches urugaya Gita test urugaya Gita test Gita urugaya Schedule&hellip;","og_url":"https:\/\/chantnow.com\/es\/start-your-first-coaching-session\/","og_site_name":"Chant Now","article_modified_time":"2022-09-01T22:33:42+00:00","og_image":[{"url":"https:\/\/community.chantnow.com\/wp-content\/uploads\/2019\/05\/Veena-Maliki-Reading-Bhagavad-Gita2-150x150.jpg","type":"","width":"","height":""}],"twitter_card":"summary_large_image","schema":{"@context":"https:\/\/schema.org","@graph":[{"@type":"WebPage","@id":"https:\/\/chantnow.com\/start-your-first-coaching-session\/","url":"https:\/\/chantnow.com\/start-your-first-coaching-session\/","name":"Inicie su primera sesi\u00f3n de coaching - Chant Now","isPartOf":{"@id":"https:\/\/chantnow.com\/es\/#website"},"primaryImageOfPage":{"@id":"https:\/\/chantnow.com\/start-your-first-coaching-session\/#primaryimage"},"image":{"@id":"https:\/\/chantnow.com\/start-your-first-coaching-session\/#primaryimage"},"thumbnailUrl":"https:\/\/chantnow.com\/wp-content\/uploads\/2019\/05\/Veena-Maliki-Reading-Bhagavad-Gita2-150x150.jpg","datePublished":"2022-09-01T21:34:29+00:00","dateModified":"2022-09-01T22:33:42+00:00","breadcrumb":{"@id":"https:\/\/chantnow.com\/start-your-first-coaching-session\/#breadcrumb"},"inLanguage":"es","potentialAction":[{"@type":"ReadAction","target":["https:\/\/chantnow.com\/start-your-first-coaching-session\/"]}]},{"@type":"ImageObject","inLanguage":"es","@id":"https:\/\/chantnow.com\/start-your-first-coaching-session\/#primaryimage","url":"https:\/\/chantnow.com\/wp-content\/uploads\/2019\/05\/Veena-Maliki-Reading-Bhagavad-Gita2-150x150.jpg","contentUrl":"https:\/\/chantnow.com\/wp-content\/uploads\/2019\/05\/Veena-Maliki-Reading-Bhagavad-Gita2-150x150.jpg"},{"@type":"BreadcrumbList","@id":"https:\/\/chantnow.com\/start-your-first-coaching-session\/#breadcrumb","itemListElement":[{"@type":"ListItem","position":1,"name":"Home","item":"https:\/\/chantnow.com\/"},{"@type":"ListItem","position":2,"name":"Start your first coaching session"}]},{"@type":"WebSite","@id":"https:\/\/chantnow.com\/es\/#website","url":"https:\/\/chantnow.com\/es\/","name":"Cantar ahora","description":"Comunidad Bhakti en l\u00ednea","publisher":{"@id":"https:\/\/chantnow.com\/es\/#organization"},"potentialAction":[{"@type":"SearchAction","target":{"@type":"EntryPoint","urlTemplate":"https:\/\/chantnow.com\/es\/?s={search_term_string}"},"query-input":{"@type":"PropertyValueSpecification","valueRequired":true,"valueName":"search_term_string"}}],"inLanguage":"es"},{"@type":"Organization","@id":"https:\/\/chantnow.com\/es\/#organization","name":"Cantar ahora","url":"https:\/\/chantnow.com\/es\/","logo":{"@type":"ImageObject","inLanguage":"es","@id":"https:\/\/chantnow.com\/es\/#\/schema\/logo\/image\/","url":"https:\/\/chantnow.com\/wp-content\/uploads\/2023\/07\/chant-now-logo-circle.png","contentUrl":"https:\/\/chantnow.com\/wp-content\/uploads\/2023\/07\/chant-now-logo-circle.png","width":251,"height":251,"caption":"Chant Now"},"image":{"@id":"https:\/\/chantnow.com\/es\/#\/schema\/logo\/image\/"}}]}},"_links":{"self":[{"href":"https:\/\/chantnow.com\/es\/wp-json\/wp\/v2\/pages\/28818","targetHints":{"allow":["GET"]}}],"collection":[{"href":"https:\/\/chantnow.com\/es\/wp-json\/wp\/v2\/pages"}],"about":[{"href":"https:\/\/chantnow.com\/es\/wp-json\/wp\/v2\/types\/page"}],"author":[{"embeddable":true,"href":"https:\/\/chantnow.com\/es\/wp-json\/wp\/v2\/users\/23"}],"replies":[{"embeddable":true,"href":"https:\/\/chantnow.com\/es\/wp-json\/wp\/v2\/comments?post=28818"}],"version-history":[{"count":20,"href":"https:\/\/chantnow.com\/es\/wp-json\/wp\/v2\/pages\/28818\/revisions"}],"predecessor-version":[{"id":28840,"href":"https:\/\/chantnow.com\/es\/wp-json\/wp\/v2\/pages\/28818\/revisions\/28840"}],"wp:attachment":[{"href":"https:\/\/chantnow.com\/es\/wp-json\/wp\/v2\/media?parent=28818"}],"curies":[{"name":"wp","href":"https:\/\/api.w.org\/{rel}","templated":true}]}}