{"id":25642,"date":"2021-07-22T11:20:11","date_gmt":"2021-07-22T05:50:11","guid":{"rendered":"https:\/\/www.chantnow.com\/?page_id=25642"},"modified":"2021-07-22T11:20:11","modified_gmt":"2021-07-22T05:50:11","slug":"start-your-journey","status":"publish","type":"page","link":"https:\/\/chantnow.com\/es\/start-your-journey\/","title":{"rendered":"Comienza tu viaje"},"content":{"rendered":"<div data-elementor-type=\"wp-page\" data-elementor-id=\"25642\" class=\"elementor elementor-25642\" data-elementor-post-type=\"page\">\n\t\t\t\t\t\t<section class=\"elementor-section elementor-top-section elementor-element elementor-element-d5a5e19 elementor-section-boxed elementor-section-height-default elementor-section-height-default\" data-id=\"d5a5e19\" data-element_type=\"section\" data-e-type=\"section\">\n\t\t\t\t\t\t<div class=\"elementor-container elementor-column-gap-default\">\n\t\t\t\t\t<div class=\"elementor-column elementor-col-100 elementor-top-column elementor-element elementor-element-a2fe00e\" data-id=\"a2fe00e\" data-element_type=\"column\" data-e-type=\"column\">\n\t\t\t<div class=\"elementor-widget-wrap elementor-element-populated\">\n\t\t\t\t\t\t<div class=\"elementor-element elementor-element-3ca7da9 elementor-widget elementor-widget-image\" data-id=\"3ca7da9\" data-element_type=\"widget\" data-e-type=\"widget\" data-widget_type=\"image.default\">\n\t\t\t\t<div class=\"elementor-widget-container\">\n\t\t\t\t\t\t\t\t\t\t\t\t\t\t\t<img decoding=\"async\" src=\"https:\/\/www.chantnow.com\/wp-content\/uploads\/2020\/03\/ChantNowlogo.png\" title=\"\" alt=\"\" loading=\"lazy\" \/>\t\t\t\t\t\t\t\t\t\t\t\t\t\t\t<\/div>\n\t\t\t\t<\/div>\n\t\t\t\t\t<\/div>\n\t\t<\/div>\n\t\t\t\t\t<\/div>\n\t\t<\/section>\n\t\t\t\t<section class=\"elementor-section elementor-top-section elementor-element elementor-element-fa956c3 elementor-section-full_width elementor-section-height-default elementor-section-height-default\" data-id=\"fa956c3\" data-element_type=\"section\" data-e-type=\"section\">\n\t\t\t\t\t\t<div class=\"elementor-container elementor-column-gap-default\">\n\t\t\t\t\t<div class=\"elementor-column elementor-col-100 elementor-top-column elementor-element elementor-element-d4d106d\" data-id=\"d4d106d\" data-element_type=\"column\" data-e-type=\"column\">\n\t\t\t<div class=\"elementor-widget-wrap elementor-element-populated\">\n\t\t\t\t\t\t<div class=\"elementor-element elementor-element-2c75120 elementor-drop-cap-yes elementor-drop-cap-view-default elementor-widget elementor-widget-text-editor\" data-id=\"2c75120\" data-element_type=\"widget\" data-e-type=\"widget\" data-settings=\"{&quot;drop_cap&quot;:&quot;yes&quot;}\" data-widget_type=\"text-editor.default\">\n\t\t\t\t<div class=\"elementor-widget-container\">\n\t\t\t\t\t\t\t\t\t<h1 class=\"elementor-heading-title elementor-size-default elementor-inline-editing pen\" style=\"font-family: var( --e-global-typography-primary-font-family ), Sans-serif; font-weight: var( --e-global-typography-primary-font-weight );\" data-elementor-setting-key=\"title\" data-pen-placeholder=\"Type Here...\"><span style=\"color: #00ccff;\">\u00bfQuieres meditar?<\/span><\/h1><p><br \/>Somos un equipo de bhakti yoguis que practican la meditaci\u00f3n con mantras desde hace m\u00e1s de 50 a\u00f1os.<br \/>Nuestra misi\u00f3n es compartir con otros buscadores la sabidur\u00eda y las pr\u00e1cticas de una antigua tradici\u00f3n,<br \/>garantizado que le conducir\u00e1 a uno al significado real y al verdadero prop\u00f3sito de la vida.<\/p><p>Da el primer paso. \u00danete a nuestras sesiones diarias de meditaci\u00f3n guiada con mantras:<\/p>\t\t\t\t\t\t\t\t<\/div>\n\t\t\t\t<\/div>\n\t\t\t\t\t<\/div>\n\t\t<\/div>\n\t\t\t\t\t<\/div>\n\t\t<\/section>\n\t\t\t\t<section class=\"elementor-section elementor-top-section elementor-element elementor-element-07c7c81 elementor-section-boxed elementor-section-height-default elementor-section-height-default\" data-id=\"07c7c81\" data-element_type=\"section\" data-e-type=\"section\">\n\t\t\t\t\t\t<div class=\"elementor-container elementor-column-gap-default\">\n\t\t\t\t\t<div class=\"elementor-column elementor-col-100 elementor-top-column elementor-element elementor-element-353a7a2\" data-id=\"353a7a2\" data-element_type=\"column\" data-e-type=\"column\">\n\t\t\t<div class=\"elementor-widget-wrap\">\n\t\t\t\t\t\t\t<\/div>\n\t\t<\/div>\n\t\t\t\t\t<\/div>\n\t\t<\/section>\n\t\t\t\t<\/div>","protected":false},"excerpt":{"rendered":"<p>Do you want to meditate? We are a team of bhakti yogi\u2019s practicing mantra meditation for over 50 years combined.Our mission is to share with&hellip;<\/p>","protected":false},"author":25,"featured_media":0,"parent":0,"menu_order":0,"comment_status":"closed","ping_status":"closed","template":"elementor_canvas","meta":{"content-type":"","pmpro_default_level":"","footnotes":""},"class_list":["post-25642","page","type-page","status-publish","hentry","pmpro-has-access"],"yoast_head":"<!-- This site is optimized with the Yoast SEO plugin v27.5 - https:\/\/yoast.com\/product\/yoast-seo-wordpress\/ -->\n<title>Start your journey - Chant Now<\/title>\n<meta name=\"robots\" content=\"index, follow, max-snippet:-1, max-image-preview:large, max-video-preview:-1\" \/>\n<link rel=\"canonical\" href=\"https:\/\/chantnow.com\/es\/start-your-journey\/\" \/>\n<meta property=\"og:locale\" content=\"es_ES\" \/>\n<meta property=\"og:type\" content=\"article\" \/>\n<meta property=\"og:title\" content=\"Start your journey - Chant Now\" \/>\n<meta property=\"og:description\" content=\"Do you want to meditate? We are a team of bhakti yogi\u2019s practicing mantra meditation for over 50 years combined.Our mission is to share with&hellip;\" \/>\n<meta property=\"og:url\" content=\"https:\/\/chantnow.com\/es\/start-your-journey\/\" \/>\n<meta property=\"og:site_name\" content=\"Chant Now\" \/>\n<meta property=\"og:image\" content=\"https:\/\/www.chantnow.com\/wp-content\/uploads\/2020\/03\/ChantNowlogo.png\" \/>\n<meta name=\"twitter:card\" content=\"summary_large_image\" \/>\n<meta name=\"twitter:label1\" content=\"Tiempo de lectura\" \/>\n\t<meta name=\"twitter:data1\" content=\"1 minuto\" \/>\n<script type=\"application\/ld+json\" class=\"yoast-schema-graph\">{\"@context\":\"https:\\\/\\\/schema.org\",\"@graph\":[{\"@type\":\"WebPage\",\"@id\":\"https:\\\/\\\/chantnow.com\\\/start-your-journey\\\/\",\"url\":\"https:\\\/\\\/chantnow.com\\\/start-your-journey\\\/\",\"name\":\"Start your journey - Chant Now\",\"isPartOf\":{\"@id\":\"https:\\\/\\\/chantnow.com\\\/es\\\/#website\"},\"primaryImageOfPage\":{\"@id\":\"https:\\\/\\\/chantnow.com\\\/start-your-journey\\\/#primaryimage\"},\"image\":{\"@id\":\"https:\\\/\\\/chantnow.com\\\/start-your-journey\\\/#primaryimage\"},\"thumbnailUrl\":\"https:\\\/\\\/www.chantnow.com\\\/wp-content\\\/uploads\\\/2020\\\/03\\\/ChantNowlogo.png\",\"datePublished\":\"2021-07-22T05:50:11+00:00\",\"breadcrumb\":{\"@id\":\"https:\\\/\\\/chantnow.com\\\/start-your-journey\\\/#breadcrumb\"},\"inLanguage\":\"es\",\"potentialAction\":[{\"@type\":\"ReadAction\",\"target\":[\"https:\\\/\\\/chantnow.com\\\/start-your-journey\\\/\"]}]},{\"@type\":\"ImageObject\",\"inLanguage\":\"es\",\"@id\":\"https:\\\/\\\/chantnow.com\\\/start-your-journey\\\/#primaryimage\",\"url\":\"https:\\\/\\\/www.chantnow.com\\\/wp-content\\\/uploads\\\/2020\\\/03\\\/ChantNowlogo.png\",\"contentUrl\":\"https:\\\/\\\/www.chantnow.com\\\/wp-content\\\/uploads\\\/2020\\\/03\\\/ChantNowlogo.png\"},{\"@type\":\"BreadcrumbList\",\"@id\":\"https:\\\/\\\/chantnow.com\\\/start-your-journey\\\/#breadcrumb\",\"itemListElement\":[{\"@type\":\"ListItem\",\"position\":1,\"name\":\"Home\",\"item\":\"https:\\\/\\\/chantnow.com\\\/\"},{\"@type\":\"ListItem\",\"position\":2,\"name\":\"Start your journey\"}]},{\"@type\":\"WebSite\",\"@id\":\"https:\\\/\\\/chantnow.com\\\/es\\\/#website\",\"url\":\"https:\\\/\\\/chantnow.com\\\/es\\\/\",\"name\":\"Chant Now\",\"description\":\"Online Bhakti Community\",\"publisher\":{\"@id\":\"https:\\\/\\\/chantnow.com\\\/es\\\/#organization\"},\"potentialAction\":[{\"@type\":\"SearchAction\",\"target\":{\"@type\":\"EntryPoint\",\"urlTemplate\":\"https:\\\/\\\/chantnow.com\\\/es\\\/?s={search_term_string}\"},\"query-input\":{\"@type\":\"PropertyValueSpecification\",\"valueRequired\":true,\"valueName\":\"search_term_string\"}}],\"inLanguage\":\"es\"},{\"@type\":\"Organization\",\"@id\":\"https:\\\/\\\/chantnow.com\\\/es\\\/#organization\",\"name\":\"Chant Now\",\"url\":\"https:\\\/\\\/chantnow.com\\\/es\\\/\",\"logo\":{\"@type\":\"ImageObject\",\"inLanguage\":\"es\",\"@id\":\"https:\\\/\\\/chantnow.com\\\/es\\\/#\\\/schema\\\/logo\\\/image\\\/\",\"url\":\"https:\\\/\\\/chantnow.com\\\/wp-content\\\/uploads\\\/2023\\\/07\\\/chant-now-logo-circle.png\",\"contentUrl\":\"https:\\\/\\\/chantnow.com\\\/wp-content\\\/uploads\\\/2023\\\/07\\\/chant-now-logo-circle.png\",\"width\":251,\"height\":251,\"caption\":\"Chant Now\"},\"image\":{\"@id\":\"https:\\\/\\\/chantnow.com\\\/es\\\/#\\\/schema\\\/logo\\\/image\\\/\"}}]}<\/script>\n<!-- \/ Yoast SEO plugin. -->","yoast_head_json":{"title":"Comienza tu viaje - Canta ahora","robots":{"index":"index","follow":"follow","max-snippet":"max-snippet:-1","max-image-preview":"max-image-preview:large","max-video-preview":"max-video-preview:-1"},"canonical":"https:\/\/chantnow.com\/es\/start-your-journey\/","og_locale":"es_ES","og_type":"article","og_title":"Start your journey - Chant Now","og_description":"Do you want to meditate? We are a team of bhakti yogi\u2019s practicing mantra meditation for over 50 years combined.Our mission is to share with&hellip;","og_url":"https:\/\/chantnow.com\/es\/start-your-journey\/","og_site_name":"Chant Now","og_image":[{"url":"https:\/\/www.chantnow.com\/wp-content\/uploads\/2020\/03\/ChantNowlogo.png","type":"","width":"","height":""}],"twitter_card":"summary_large_image","twitter_misc":{"Tiempo de lectura":"1 minuto"},"schema":{"@context":"https:\/\/schema.org","@graph":[{"@type":"WebPage","@id":"https:\/\/chantnow.com\/start-your-journey\/","url":"https:\/\/chantnow.com\/start-your-journey\/","name":"Comienza tu viaje - Canta ahora","isPartOf":{"@id":"https:\/\/chantnow.com\/es\/#website"},"primaryImageOfPage":{"@id":"https:\/\/chantnow.com\/start-your-journey\/#primaryimage"},"image":{"@id":"https:\/\/chantnow.com\/start-your-journey\/#primaryimage"},"thumbnailUrl":"https:\/\/www.chantnow.com\/wp-content\/uploads\/2020\/03\/ChantNowlogo.png","datePublished":"2021-07-22T05:50:11+00:00","breadcrumb":{"@id":"https:\/\/chantnow.com\/start-your-journey\/#breadcrumb"},"inLanguage":"es","potentialAction":[{"@type":"ReadAction","target":["https:\/\/chantnow.com\/start-your-journey\/"]}]},{"@type":"ImageObject","inLanguage":"es","@id":"https:\/\/chantnow.com\/start-your-journey\/#primaryimage","url":"https:\/\/www.chantnow.com\/wp-content\/uploads\/2020\/03\/ChantNowlogo.png","contentUrl":"https:\/\/www.chantnow.com\/wp-content\/uploads\/2020\/03\/ChantNowlogo.png"},{"@type":"BreadcrumbList","@id":"https:\/\/chantnow.com\/start-your-journey\/#breadcrumb","itemListElement":[{"@type":"ListItem","position":1,"name":"Home","item":"https:\/\/chantnow.com\/"},{"@type":"ListItem","position":2,"name":"Start your journey"}]},{"@type":"WebSite","@id":"https:\/\/chantnow.com\/es\/#website","url":"https:\/\/chantnow.com\/es\/","name":"Cantar ahora","description":"Comunidad Bhakti en l\u00ednea","publisher":{"@id":"https:\/\/chantnow.com\/es\/#organization"},"potentialAction":[{"@type":"SearchAction","target":{"@type":"EntryPoint","urlTemplate":"https:\/\/chantnow.com\/es\/?s={search_term_string}"},"query-input":{"@type":"PropertyValueSpecification","valueRequired":true,"valueName":"search_term_string"}}],"inLanguage":"es"},{"@type":"Organization","@id":"https:\/\/chantnow.com\/es\/#organization","name":"Cantar ahora","url":"https:\/\/chantnow.com\/es\/","logo":{"@type":"ImageObject","inLanguage":"es","@id":"https:\/\/chantnow.com\/es\/#\/schema\/logo\/image\/","url":"https:\/\/chantnow.com\/wp-content\/uploads\/2023\/07\/chant-now-logo-circle.png","contentUrl":"https:\/\/chantnow.com\/wp-content\/uploads\/2023\/07\/chant-now-logo-circle.png","width":251,"height":251,"caption":"Chant Now"},"image":{"@id":"https:\/\/chantnow.com\/es\/#\/schema\/logo\/image\/"}}]}},"_links":{"self":[{"href":"https:\/\/chantnow.com\/es\/wp-json\/wp\/v2\/pages\/25642","targetHints":{"allow":["GET"]}}],"collection":[{"href":"https:\/\/chantnow.com\/es\/wp-json\/wp\/v2\/pages"}],"about":[{"href":"https:\/\/chantnow.com\/es\/wp-json\/wp\/v2\/types\/page"}],"author":[{"embeddable":true,"href":"https:\/\/chantnow.com\/es\/wp-json\/wp\/v2\/users\/25"}],"replies":[{"embeddable":true,"href":"https:\/\/chantnow.com\/es\/wp-json\/wp\/v2\/comments?post=25642"}],"version-history":[{"count":0,"href":"https:\/\/chantnow.com\/es\/wp-json\/wp\/v2\/pages\/25642\/revisions"}],"wp:attachment":[{"href":"https:\/\/chantnow.com\/es\/wp-json\/wp\/v2\/media?parent=25642"}],"curies":[{"name":"wp","href":"https:\/\/api.w.org\/{rel}","templated":true}]}}