{"id":17998,"date":"2018-08-23T02:59:55","date_gmt":"2018-08-23T09:59:55","guid":{"rendered":"https:\/\/www.chantnow.com\/?page_id=17998"},"modified":"2022-12-31T08:56:50","modified_gmt":"2022-12-31T08:56:50","slug":"congratulations-workshop","status":"publish","type":"page","link":"https:\/\/chantnow.com\/es\/congratulations-workshop\/","title":{"rendered":"Enhorabuena"},"content":{"rendered":"<p>Enhorabuena por completar el Taller de Canto de 7 d\u00edas. Esperamos que hayas disfrutado de la experiencia y hayas profundizado tanto en tu pr\u00e1ctica espiritual como en tu comprensi\u00f3n de las ense\u00f1anzas de sabidur\u00eda que subyacen a la meditaci\u00f3n con el maha-mantra. Para reconocer tu logro, hemos preparado un certificado que puedes descargar desde tu p\u00e1gina \"Mis cursos\".<\/p>\n<p>A medida que avanza en su camino espiritual, nuestro equipo de Chantnow.com est\u00e1 dispuesto a ayudarle. A trav\u00e9s de los boletines peri\u00f3dicos que reciben todos los estudiantes, te enterar\u00e1s de nuestros pr\u00f3ximos cursos, eventos afiliados y recursos que publicamos regularmente aqu\u00ed en el sitio.<\/p>\n<p>Te animamos a que profundices inscribi\u00e9ndote en nuestro curso gratuito - Meditaci\u00f3n con mantras - Sabidur\u00eda y pr\u00e1ctica. Haga clic abajo para inscribirse<\/p>\n<p style=\"text-align: center;\"><a class=\"btn\" href=\"https:\/\/chantnow.com\/es\/courses\/mantra-meditation-wisdom-and-practice\/\"><strong> INSCR\u00cdBETE <\/strong><\/a><\/p>\n<p>\u00a0Para crear cursos como \u00e9ste y continuar el trabajo de Chantnow.com dependemos de las donaciones de personas como usted. Por favor, considere donar ahora haciendo clic en el bot\u00f3n de abajo:<\/p>\n<p style=\"text-align: center;\"><a class=\"btn\" href=\"https:\/\/chantnow.com\/es\/donate\/\"><strong> DONAR AHORA <\/strong><\/a><\/p>","protected":false},"excerpt":{"rendered":"<p>Congratulations on completing the 7 Day Chanting Workshop. We hope that you have enjoyed the experience and deepened both your spiritual practice and your understanding&hellip;<\/p>","protected":false},"author":75,"featured_media":17737,"parent":0,"menu_order":0,"comment_status":"closed","ping_status":"closed","template":"","meta":{"content-type":"","pmpro_default_level":"","footnotes":""},"class_list":["post-17998","page","type-page","status-publish","has-post-thumbnail","hentry","pmpro-has-access"],"yoast_head":"<!-- This site is optimized with the Yoast SEO plugin v27.4 - https:\/\/yoast.com\/product\/yoast-seo-wordpress\/ -->\n<title>Congratulations - Chant Now<\/title>\n<meta name=\"robots\" content=\"index, follow, max-snippet:-1, max-image-preview:large, max-video-preview:-1\" \/>\n<link rel=\"canonical\" href=\"https:\/\/chantnow.com\/es\/congratulations-workshop\/\" \/>\n<meta property=\"og:locale\" content=\"es_ES\" \/>\n<meta property=\"og:type\" content=\"article\" \/>\n<meta property=\"og:title\" content=\"Congratulations - Chant Now\" \/>\n<meta property=\"og:description\" content=\"Congratulations on completing the 7 Day Chanting Workshop. We hope that you have enjoyed the experience and deepened both your spiritual practice and your understanding&hellip;\" \/>\n<meta property=\"og:url\" content=\"https:\/\/chantnow.com\/es\/congratulations-workshop\/\" \/>\n<meta property=\"og:site_name\" content=\"Chant Now\" \/>\n<meta property=\"article:modified_time\" content=\"2022-12-31T08:56:50+00:00\" \/>\n<meta name=\"twitter:card\" content=\"summary_large_image\" \/>\n<meta name=\"twitter:label1\" content=\"Tiempo de lectura\" \/>\n\t<meta name=\"twitter:data1\" content=\"1 minuto\" \/>\n<script type=\"application\/ld+json\" class=\"yoast-schema-graph\">{\"@context\":\"https:\\\/\\\/schema.org\",\"@graph\":[{\"@type\":\"WebPage\",\"@id\":\"https:\\\/\\\/chantnow.com\\\/congratulations-workshop\\\/\",\"url\":\"https:\\\/\\\/chantnow.com\\\/congratulations-workshop\\\/\",\"name\":\"Congratulations - Chant Now\",\"isPartOf\":{\"@id\":\"https:\\\/\\\/chantnow.com\\\/es\\\/#website\"},\"primaryImageOfPage\":{\"@id\":\"https:\\\/\\\/chantnow.com\\\/congratulations-workshop\\\/#primaryimage\"},\"image\":{\"@id\":\"https:\\\/\\\/chantnow.com\\\/congratulations-workshop\\\/#primaryimage\"},\"thumbnailUrl\":\"\",\"datePublished\":\"2018-08-23T09:59:55+00:00\",\"dateModified\":\"2022-12-31T08:56:50+00:00\",\"breadcrumb\":{\"@id\":\"https:\\\/\\\/chantnow.com\\\/congratulations-workshop\\\/#breadcrumb\"},\"inLanguage\":\"es\",\"potentialAction\":[{\"@type\":\"ReadAction\",\"target\":[\"https:\\\/\\\/chantnow.com\\\/congratulations-workshop\\\/\"]}]},{\"@type\":\"ImageObject\",\"inLanguage\":\"es\",\"@id\":\"https:\\\/\\\/chantnow.com\\\/congratulations-workshop\\\/#primaryimage\",\"url\":\"\",\"contentUrl\":\"\"},{\"@type\":\"BreadcrumbList\",\"@id\":\"https:\\\/\\\/chantnow.com\\\/congratulations-workshop\\\/#breadcrumb\",\"itemListElement\":[{\"@type\":\"ListItem\",\"position\":1,\"name\":\"Home\",\"item\":\"https:\\\/\\\/chantnow.com\\\/\"},{\"@type\":\"ListItem\",\"position\":2,\"name\":\"Congratulations\"}]},{\"@type\":\"WebSite\",\"@id\":\"https:\\\/\\\/chantnow.com\\\/es\\\/#website\",\"url\":\"https:\\\/\\\/chantnow.com\\\/es\\\/\",\"name\":\"Chant Now\",\"description\":\"Online Bhakti Community\",\"publisher\":{\"@id\":\"https:\\\/\\\/chantnow.com\\\/es\\\/#organization\"},\"potentialAction\":[{\"@type\":\"SearchAction\",\"target\":{\"@type\":\"EntryPoint\",\"urlTemplate\":\"https:\\\/\\\/chantnow.com\\\/es\\\/?s={search_term_string}\"},\"query-input\":{\"@type\":\"PropertyValueSpecification\",\"valueRequired\":true,\"valueName\":\"search_term_string\"}}],\"inLanguage\":\"es\"},{\"@type\":\"Organization\",\"@id\":\"https:\\\/\\\/chantnow.com\\\/es\\\/#organization\",\"name\":\"Chant Now\",\"url\":\"https:\\\/\\\/chantnow.com\\\/es\\\/\",\"logo\":{\"@type\":\"ImageObject\",\"inLanguage\":\"es\",\"@id\":\"https:\\\/\\\/chantnow.com\\\/es\\\/#\\\/schema\\\/logo\\\/image\\\/\",\"url\":\"https:\\\/\\\/chantnow.com\\\/wp-content\\\/uploads\\\/2023\\\/07\\\/chant-now-logo-circle.png\",\"contentUrl\":\"https:\\\/\\\/chantnow.com\\\/wp-content\\\/uploads\\\/2023\\\/07\\\/chant-now-logo-circle.png\",\"width\":251,\"height\":251,\"caption\":\"Chant Now\"},\"image\":{\"@id\":\"https:\\\/\\\/chantnow.com\\\/es\\\/#\\\/schema\\\/logo\\\/image\\\/\"}}]}<\/script>\n<!-- \/ Yoast SEO plugin. -->","yoast_head_json":{"title":"Enhorabuena - Chant Now","robots":{"index":"index","follow":"follow","max-snippet":"max-snippet:-1","max-image-preview":"max-image-preview:large","max-video-preview":"max-video-preview:-1"},"canonical":"https:\/\/chantnow.com\/es\/congratulations-workshop\/","og_locale":"es_ES","og_type":"article","og_title":"Congratulations - Chant Now","og_description":"Congratulations on completing the 7 Day Chanting Workshop. We hope that you have enjoyed the experience and deepened both your spiritual practice and your understanding&hellip;","og_url":"https:\/\/chantnow.com\/es\/congratulations-workshop\/","og_site_name":"Chant Now","article_modified_time":"2022-12-31T08:56:50+00:00","twitter_card":"summary_large_image","twitter_misc":{"Tiempo de lectura":"1 minuto"},"schema":{"@context":"https:\/\/schema.org","@graph":[{"@type":"WebPage","@id":"https:\/\/chantnow.com\/congratulations-workshop\/","url":"https:\/\/chantnow.com\/congratulations-workshop\/","name":"Enhorabuena - Chant Now","isPartOf":{"@id":"https:\/\/chantnow.com\/es\/#website"},"primaryImageOfPage":{"@id":"https:\/\/chantnow.com\/congratulations-workshop\/#primaryimage"},"image":{"@id":"https:\/\/chantnow.com\/congratulations-workshop\/#primaryimage"},"thumbnailUrl":"","datePublished":"2018-08-23T09:59:55+00:00","dateModified":"2022-12-31T08:56:50+00:00","breadcrumb":{"@id":"https:\/\/chantnow.com\/congratulations-workshop\/#breadcrumb"},"inLanguage":"es","potentialAction":[{"@type":"ReadAction","target":["https:\/\/chantnow.com\/congratulations-workshop\/"]}]},{"@type":"ImageObject","inLanguage":"es","@id":"https:\/\/chantnow.com\/congratulations-workshop\/#primaryimage","url":"","contentUrl":""},{"@type":"BreadcrumbList","@id":"https:\/\/chantnow.com\/congratulations-workshop\/#breadcrumb","itemListElement":[{"@type":"ListItem","position":1,"name":"Home","item":"https:\/\/chantnow.com\/"},{"@type":"ListItem","position":2,"name":"Congratulations"}]},{"@type":"WebSite","@id":"https:\/\/chantnow.com\/es\/#website","url":"https:\/\/chantnow.com\/es\/","name":"Cantar ahora","description":"Comunidad Bhakti en l\u00ednea","publisher":{"@id":"https:\/\/chantnow.com\/es\/#organization"},"potentialAction":[{"@type":"SearchAction","target":{"@type":"EntryPoint","urlTemplate":"https:\/\/chantnow.com\/es\/?s={search_term_string}"},"query-input":{"@type":"PropertyValueSpecification","valueRequired":true,"valueName":"search_term_string"}}],"inLanguage":"es"},{"@type":"Organization","@id":"https:\/\/chantnow.com\/es\/#organization","name":"Cantar ahora","url":"https:\/\/chantnow.com\/es\/","logo":{"@type":"ImageObject","inLanguage":"es","@id":"https:\/\/chantnow.com\/es\/#\/schema\/logo\/image\/","url":"https:\/\/chantnow.com\/wp-content\/uploads\/2023\/07\/chant-now-logo-circle.png","contentUrl":"https:\/\/chantnow.com\/wp-content\/uploads\/2023\/07\/chant-now-logo-circle.png","width":251,"height":251,"caption":"Chant Now"},"image":{"@id":"https:\/\/chantnow.com\/es\/#\/schema\/logo\/image\/"}}]}},"_links":{"self":[{"href":"https:\/\/chantnow.com\/es\/wp-json\/wp\/v2\/pages\/17998","targetHints":{"allow":["GET"]}}],"collection":[{"href":"https:\/\/chantnow.com\/es\/wp-json\/wp\/v2\/pages"}],"about":[{"href":"https:\/\/chantnow.com\/es\/wp-json\/wp\/v2\/types\/page"}],"author":[{"embeddable":true,"href":"https:\/\/chantnow.com\/es\/wp-json\/wp\/v2\/users\/75"}],"replies":[{"embeddable":true,"href":"https:\/\/chantnow.com\/es\/wp-json\/wp\/v2\/comments?post=17998"}],"version-history":[{"count":1,"href":"https:\/\/chantnow.com\/es\/wp-json\/wp\/v2\/pages\/17998\/revisions"}],"predecessor-version":[{"id":32818,"href":"https:\/\/chantnow.com\/es\/wp-json\/wp\/v2\/pages\/17998\/revisions\/32818"}],"wp:featuredmedia":[{"embeddable":true,"href":"https:\/\/chantnow.com\/es\/wp-json\/"}],"wp:attachment":[{"href":"https:\/\/chantnow.com\/es\/wp-json\/wp\/v2\/media?parent=17998"}],"curies":[{"name":"wp","href":"https:\/\/api.w.org\/{rel}","templated":true}]}}